{"id":44486,"date":"2025-02-08T16:04:11","date_gmt":"2025-02-12T13:40:37","guid":{"rendered":"https:\/\/troycity.net\/product\/film-da-imballaggio-strech-o-rotolo-folia\/"},"modified":"2025-02-12T15:40:37","modified_gmt":"2025-02-12T13:40:37","slug":"film-da-imballaggio-strech-o-rotolo-folia","status":"publish","type":"product","link":"https:\/\/troycity.net\/it\/product\/film-da-imballaggio-strech-o-rotolo-folia\/","title":{"rendered":"Film da imballaggio Strech o rotolo Folia"},"content":{"rendered":"","protected":false},"excerpt":{"rendered":"<p>Film da imballaggio Strech o rotolo Folia<\/p>\n<p>1- Film estensibile per pallet tipo manuale <strong>17 Micron <\/strong>50 cm x 300 m 2 <strong>,660 kg<\/strong><\/p>\n<p>2- Film estensibile per pallet tipo manuale<strong> 23 Micron <\/strong>50 cm x 300 m 3 <strong>.620 kg<\/strong><\/p>\n<p>\u00c8 uno dei materiali da imballaggio pi\u00f9 preferiti grazie al suo costo e alla sua facilit\u00e0 d&#8217;uso. Ideale per imballaggi su larga scala. <\/p>\n<p><strong>Caratteristiche del prodotto dei film Strech da 17 e 23 micron,<\/strong><\/p>\n<ul>\n<li>2.660 kg &#8211; 3.620 kg di peso elastico<\/li>\n<li>Pesi per bobine da 300 gr<\/li>\n<li>Entrambi larghi 50 cm e lunghi 300 m<\/li>\n<li>Spessori 17 micron e 23 micron<\/li>\n<\/ul>\n","protected":false},"featured_media":44171,"comment_status":"open","ping_status":"closed","template":"","meta":{"iawp_total_views":0},"product_brand":[],"product_cat":[7833,7832],"product_tag":[],"class_list":{"0":"post-44486","1":"product","2":"type-product","3":"status-publish","4":"has-post-thumbnail","6":"product_cat-pellicola-da-imballaggio-strech","7":"product_cat-pellicole-per-imballaggio-in-plastica","8":"post","9":"post-with-thumbnail","10":"post-with-thumbnail-large","12":"first","13":"instock","14":"sale","15":"taxable","16":"shipping-taxable","17":"purchasable","18":"product-type-variable"},"_links":{"self":[{"href":"https:\/\/troycity.net\/it\/wp-json\/wp\/v2\/product\/44486","targetHints":{"allow":["GET"]}}],"collection":[{"href":"https:\/\/troycity.net\/it\/wp-json\/wp\/v2\/product"}],"about":[{"href":"https:\/\/troycity.net\/it\/wp-json\/wp\/v2\/types\/product"}],"replies":[{"embeddable":true,"href":"https:\/\/troycity.net\/it\/wp-json\/wp\/v2\/comments?post=44486"}],"wp:featuredmedia":[{"embeddable":true,"href":"https:\/\/troycity.net\/it\/wp-json\/wp\/v2\/media\/44171"}],"wp:attachment":[{"href":"https:\/\/troycity.net\/it\/wp-json\/wp\/v2\/media?parent=44486"}],"wp:term":[{"taxonomy":"product_brand","embeddable":true,"href":"https:\/\/troycity.net\/it\/wp-json\/wp\/v2\/product_brand?post=44486"},{"taxonomy":"product_cat","embeddable":true,"href":"https:\/\/troycity.net\/it\/wp-json\/wp\/v2\/product_cat?post=44486"},{"taxonomy":"product_tag","embeddable":true,"href":"https:\/\/troycity.net\/it\/wp-json\/wp\/v2\/product_tag?post=44486"}],"curies":[{"name":"wp","href":"https:\/\/api.w.org\/{rel}","templated":true}]}}