{"id":44385,"date":"2025-02-06T16:46:35","date_gmt":"2025-02-12T13:40:06","guid":{"rendered":"https:\/\/troycity.net\/product\/spaghi-e-corde-di-iuta\/"},"modified":"2025-02-15T16:43:56","modified_gmt":"2025-02-15T14:43:56","slug":"spaghi-e-corde-di-iuta","status":"publish","type":"product","link":"https:\/\/troycity.net\/it\/product\/spaghi-e-corde-di-iuta\/","title":{"rendered":"Spaghi e corde di iuta"},"content":{"rendered":"","protected":false},"excerpt":{"rendered":"<p>La corda di juta \u00e8 un tipo di filato ottenuto dalle fibre naturali della pianta di juta. La juta \u00e8 una pianta che pu\u00f2 crescere rapidamente in modo naturale, soprattutto nelle regioni tropicali e subtropicali. La juta \u00e8 tradizionalmente utilizzata nell&#8217;industria tessile per realizzare tappeti, borse, sacchi e diversi tipi di tessuti resistenti. \u00c8 anche un materiale ecologico e sostenibile perch\u00e9 \u00e8 rapidamente biodegradabile.<\/p>\n<p><strong>Propriet\u00e0 delle corde di juta: <\/strong>La struttura della corda \u00e8 simile a quella dello spago. Lo spago di diametro superiore a 5 millimetri viene solitamente chiamato corda. Per la produzione di queste corde vengono utilizzate materie prime di alta qualit\u00e0, che consentono di ottenere ottimi valori di resistenza alla rottura. La superficie del prodotto \u00e8 liscia, il che lo rende comodo da usare. In breve, ha le seguenti caratteristiche.<\/p>\n<ul>\n<li><strong>Resilienza<\/strong><\/li>\n<li><strong>Economico<\/strong><\/li>\n<li><strong>Texture grossolana<\/strong><\/li>\n<\/ul>\n<p>Il filato di juta occupa un posto importante nelle produzioni ecologiche grazie alle sue caratteristiche di riciclabilit\u00e0. L&#8217;uso di materiali organici e naturali come la juta per borse, cesti, cinture, tappeti e complementi d&#8217;arredo sta diventando sempre pi\u00f9 popolare e i prodotti possono ora avere un aspetto pi\u00f9 &#8220;NATURALE&#8221;!<\/p>\n<p>Le nostre corde hanno un&#8217;elevata resistenza alla trazione. Impregnate di olio naturale, sono resistenti all&#8217;umidit\u00e0 e ad altri fattori esterni. Puoi acquistarle in rotoli o in metri.<\/p>\n<p><strong>Seleziona la sezione e la lunghezza prima di aggiungere al carrello. Il prezzo si intende al metro. <\/strong><\/p>\n","protected":false},"featured_media":44026,"comment_status":"open","ping_status":"closed","template":"","meta":{"iawp_total_views":0},"product_brand":[],"product_cat":[7738],"product_tag":[],"class_list":{"0":"post-44385","1":"product","2":"type-product","3":"status-publish","4":"has-post-thumbnail","6":"product_cat-spaghi-e-corde-di-iuta","7":"post","8":"post-with-thumbnail","9":"post-with-thumbnail-large","11":"first","12":"instock","13":"sale","14":"taxable","15":"shipping-taxable","16":"purchasable","17":"product-type-variable"},"_links":{"self":[{"href":"https:\/\/troycity.net\/it\/wp-json\/wp\/v2\/product\/44385","targetHints":{"allow":["GET"]}}],"collection":[{"href":"https:\/\/troycity.net\/it\/wp-json\/wp\/v2\/product"}],"about":[{"href":"https:\/\/troycity.net\/it\/wp-json\/wp\/v2\/types\/product"}],"replies":[{"embeddable":true,"href":"https:\/\/troycity.net\/it\/wp-json\/wp\/v2\/comments?post=44385"}],"wp:featuredmedia":[{"embeddable":true,"href":"https:\/\/troycity.net\/it\/wp-json\/wp\/v2\/media\/44026"}],"wp:attachment":[{"href":"https:\/\/troycity.net\/it\/wp-json\/wp\/v2\/media?parent=44385"}],"wp:term":[{"taxonomy":"product_brand","embeddable":true,"href":"https:\/\/troycity.net\/it\/wp-json\/wp\/v2\/product_brand?post=44385"},{"taxonomy":"product_cat","embeddable":true,"href":"https:\/\/troycity.net\/it\/wp-json\/wp\/v2\/product_cat?post=44385"},{"taxonomy":"product_tag","embeddable":true,"href":"https:\/\/troycity.net\/it\/wp-json\/wp\/v2\/product_tag?post=44385"}],"curies":[{"name":"wp","href":"https:\/\/api.w.org\/{rel}","templated":true}]}}