{"id":44374,"date":"2025-02-05T17:17:41","date_gmt":"2025-02-12T13:39:57","guid":{"rendered":"https:\/\/troycity.net\/product\/corde-in-poliestere\/"},"modified":"2025-02-15T17:08:42","modified_gmt":"2025-02-15T15:08:42","slug":"corde-in-poliestere","status":"publish","type":"product","link":"https:\/\/troycity.net\/it\/product\/corde-in-poliestere\/","title":{"rendered":"Corde in poliestere"},"content":{"rendered":"","protected":false},"excerpt":{"rendered":"<p>Corde in poliestere: Queste corde sono ampiamente utilizzate negli sport acquatici, nei giardini, in agricoltura, nei trasporti, nella nautica e nelle applicazioni marine. Un aspetto importante \u00e8 che le corde in poliestere non galleggiano. Le corde in polipropilene galleggiano, mentre quelle in poliestere e nylon affondano. Anche gli allevatori di animali, i cavalli e gli addestratori ne fanno uso. La corda in poliestere \u00e8 facile da giuntare con ditali in nylon, acciaio inox o zincati. La corda in poliestere \u00e8 una delle corde pi\u00f9 resistenti ai raggi UV e superiore al nylon. La corda in poliestere \u00e8 resistente quasi quanto il nylon ed \u00e8 una delle corde pi\u00f9 robuste in circolazione. La corda in poliestere a doppia treccia \u00e8 la pi\u00f9 resistente, seguita a ruota dalla corda in poliestere a treccia piena. Una delle caratteristiche migliori della corda in poliestere \u00e8 che non perde la sua forza quando \u00e8 bagnata e ha una durata molto lunga.<\/p>\n<p><strong>Seleziona la sezione e la lunghezza prima di aggiungere al carrello. Il prezzo si intende al metro. <\/strong><\/p>\n","protected":false},"featured_media":43960,"comment_status":"open","ping_status":"closed","template":"","meta":{"iawp_total_views":0},"product_brand":[],"product_cat":[7719],"product_tag":[],"class_list":{"0":"post-44374","1":"product","2":"type-product","3":"status-publish","4":"has-post-thumbnail","6":"product_cat-corde-in-poliestere","7":"post","8":"post-with-thumbnail","9":"post-with-thumbnail-large","11":"first","12":"instock","13":"sale","14":"taxable","15":"shipping-taxable","16":"purchasable","17":"product-type-variable"},"_links":{"self":[{"href":"https:\/\/troycity.net\/it\/wp-json\/wp\/v2\/product\/44374","targetHints":{"allow":["GET"]}}],"collection":[{"href":"https:\/\/troycity.net\/it\/wp-json\/wp\/v2\/product"}],"about":[{"href":"https:\/\/troycity.net\/it\/wp-json\/wp\/v2\/types\/product"}],"replies":[{"embeddable":true,"href":"https:\/\/troycity.net\/it\/wp-json\/wp\/v2\/comments?post=44374"}],"wp:featuredmedia":[{"embeddable":true,"href":"https:\/\/troycity.net\/it\/wp-json\/wp\/v2\/media\/43960"}],"wp:attachment":[{"href":"https:\/\/troycity.net\/it\/wp-json\/wp\/v2\/media?parent=44374"}],"wp:term":[{"taxonomy":"product_brand","embeddable":true,"href":"https:\/\/troycity.net\/it\/wp-json\/wp\/v2\/product_brand?post=44374"},{"taxonomy":"product_cat","embeddable":true,"href":"https:\/\/troycity.net\/it\/wp-json\/wp\/v2\/product_cat?post=44374"},{"taxonomy":"product_tag","embeddable":true,"href":"https:\/\/troycity.net\/it\/wp-json\/wp\/v2\/product_tag?post=44374"}],"curies":[{"name":"wp","href":"https:\/\/api.w.org\/{rel}","templated":true}]}}