{"id":44366,"date":"2025-01-10T11:59:04","date_gmt":"2025-02-12T13:39:49","guid":{"rendered":"https:\/\/troycity.net\/product\/stendibiancheria-con-anima-in-acciaio-rivestita-in-pvc\/"},"modified":"2025-07-17T17:06:42","modified_gmt":"2025-07-17T15:06:42","slug":"nucleo-in-acciaio-rivestito-in-pvc","status":"publish","type":"product","link":"https:\/\/troycity.net\/it\/product\/nucleo-in-acciaio-rivestito-in-pvc\/","title":{"rendered":"Nucleo in acciaio rivestito in PVC"},"content":{"rendered":"","protected":false},"excerpt":{"rendered":"<p>Stendibiancheria con anima in acciaio rivestita in PVC<\/p>\n<p>Queste corde con anima in acciaio rivestita in PVC sono impermeabili, inossidabili e non si sfilacciano, non si strappano e non si strappano facilmente, rendendole molto resistenti e durevoli per qualsiasi applicazione. Se vuoi privilegiare la resistenza e la durata, uno <b>stendibiancheria con anima in acciaio<\/b> \u00e8 la corda per il bucato migliore per te. \u00c8 facile da pulire ed \u00e8 disponibile in diversi colori.<\/p>\n<p>Un pezzo ha una lunghezza di 10 metri e viene venduto a pezzi.<\/p>\n<p>IL COLORE INVIATO SAR\u00c0 CASUALE, A SCELTA TRA I COLORI ROSSO BLU VERDE GRIGIO<\/p>\n","protected":false},"featured_media":43838,"comment_status":"open","ping_status":"closed","template":"","meta":{"iawp_total_views":0},"product_brand":[],"product_cat":[7613,7615,7710],"product_tag":[],"class_list":{"0":"post-44366","1":"product","2":"type-product","3":"status-publish","4":"has-post-thumbnail","6":"product_cat-spaghi-da-imballaggio","7":"product_cat-stendibiancheria","8":"product_cat-stendibiancheria-con-anima-in-acciaio-rivestita-in-pvc","9":"post","10":"post-with-thumbnail","11":"post-with-thumbnail-large","13":"first","14":"instock","15":"sale","16":"taxable","17":"shipping-taxable","18":"purchasable","19":"product-type-simple"},"_links":{"self":[{"href":"https:\/\/troycity.net\/it\/wp-json\/wp\/v2\/product\/44366","targetHints":{"allow":["GET"]}}],"collection":[{"href":"https:\/\/troycity.net\/it\/wp-json\/wp\/v2\/product"}],"about":[{"href":"https:\/\/troycity.net\/it\/wp-json\/wp\/v2\/types\/product"}],"replies":[{"embeddable":true,"href":"https:\/\/troycity.net\/it\/wp-json\/wp\/v2\/comments?post=44366"}],"wp:featuredmedia":[{"embeddable":true,"href":"https:\/\/troycity.net\/it\/wp-json\/wp\/v2\/media\/43838"}],"wp:attachment":[{"href":"https:\/\/troycity.net\/it\/wp-json\/wp\/v2\/media?parent=44366"}],"wp:term":[{"taxonomy":"product_brand","embeddable":true,"href":"https:\/\/troycity.net\/it\/wp-json\/wp\/v2\/product_brand?post=44366"},{"taxonomy":"product_cat","embeddable":true,"href":"https:\/\/troycity.net\/it\/wp-json\/wp\/v2\/product_cat?post=44366"},{"taxonomy":"product_tag","embeddable":true,"href":"https:\/\/troycity.net\/it\/wp-json\/wp\/v2\/product_tag?post=44366"}],"curies":[{"name":"wp","href":"https:\/\/api.w.org\/{rel}","templated":true}]}}