{"id":44365,"date":"2024-12-21T13:14:12","date_gmt":"2025-02-12T13:39:43","guid":{"rendered":"https:\/\/troycity.net\/product\/spaghi-per-serre-e-agricoltura\/"},"modified":"2025-02-12T15:39:43","modified_gmt":"2025-02-12T13:39:43","slug":"spaghi-per-serre-e-agricoltura","status":"publish","type":"product","link":"https:\/\/troycity.net\/it\/product\/spaghi-per-serre-e-agricoltura\/","title":{"rendered":"Spaghi per serre e agricoltura"},"content":{"rendered":"","protected":false},"excerpt":{"rendered":"<p>La corda per serre viene utilizzata per legare le piante al filo metallico superiore durante la crescita, per evitare che le piante si corichino durante la crescita. Viene utilizzata soprattutto nelle serre e in agricoltura. <\/p>\n<ul>\n<li>\u00c8 realizzato in polipropilene e conferisce resistenza e morbidezza con un processo di fibrilizzazione al 100%.<\/li>\n<li>La corda per serre \u00e8 additivata ai raggi UV e resistente alla luce del sole.<\/li>\n<li>Non cade a pezzi finch\u00e9 la bobina non \u00e8 finita.<\/li>\n<li>5000 denari di spessore. Il denario (abbreviato in D) \u00e8 <b>l&#8217;unit\u00e0 di misura utilizzata per descrivere il peso e lo spessore dei tessuti<\/b>. Un tessuto con un denario pi\u00f9 alto \u00e8 pi\u00f9 spesso, pi\u00f9 resistente e pi\u00f9 durevole dello stesso tessuto con un denario pi\u00f9 basso.  <\/li>\n<li>La resistenza della corda della serra \u00e8 di 24 kg.<\/li>\n<li>Viene venduto in bobine da 1 chilo (1 kg) e una corda da 1 kg \u00e8 pari a 1.800 metri.<\/li>\n<\/ul>\n","protected":false},"featured_media":43970,"comment_status":"open","ping_status":"closed","template":"","meta":{"iawp_total_views":0},"product_brand":[],"product_cat":[7709],"product_tag":[],"class_list":{"0":"post-44365","1":"product","2":"type-product","3":"status-publish","4":"has-post-thumbnail","6":"product_cat-spaghi-per-serre-e-agricoltura","7":"post","8":"post-with-thumbnail","9":"post-with-thumbnail-large","11":"first","12":"instock","13":"sale","14":"taxable","15":"shipping-taxable","16":"purchasable","17":"product-type-simple"},"_links":{"self":[{"href":"https:\/\/troycity.net\/it\/wp-json\/wp\/v2\/product\/44365","targetHints":{"allow":["GET"]}}],"collection":[{"href":"https:\/\/troycity.net\/it\/wp-json\/wp\/v2\/product"}],"about":[{"href":"https:\/\/troycity.net\/it\/wp-json\/wp\/v2\/types\/product"}],"replies":[{"embeddable":true,"href":"https:\/\/troycity.net\/it\/wp-json\/wp\/v2\/comments?post=44365"}],"wp:featuredmedia":[{"embeddable":true,"href":"https:\/\/troycity.net\/it\/wp-json\/wp\/v2\/media\/43970"}],"wp:attachment":[{"href":"https:\/\/troycity.net\/it\/wp-json\/wp\/v2\/media?parent=44365"}],"wp:term":[{"taxonomy":"product_brand","embeddable":true,"href":"https:\/\/troycity.net\/it\/wp-json\/wp\/v2\/product_brand?post=44365"},{"taxonomy":"product_cat","embeddable":true,"href":"https:\/\/troycity.net\/it\/wp-json\/wp\/v2\/product_cat?post=44365"},{"taxonomy":"product_tag","embeddable":true,"href":"https:\/\/troycity.net\/it\/wp-json\/wp\/v2\/product_tag?post=44365"}],"curies":[{"name":"wp","href":"https:\/\/api.w.org\/{rel}","templated":true}]}}