{"id":44352,"date":"2025-02-06T18:04:54","date_gmt":"2025-02-06T16:04:54","guid":{"rendered":"https:\/\/troycity.net\/product\/spaghi-da-lavoro-per-ledilizia\/"},"modified":"2025-09-15T18:34:46","modified_gmt":"2025-09-15T16:34:46","slug":"spaghi-da-lavoro-per-ledilizia","status":"publish","type":"product","link":"https:\/\/troycity.net\/it\/product\/spaghi-da-lavoro-per-ledilizia\/","title":{"rendered":"Spaghi da lavoro per l&#8217;edilizia"},"content":{"rendered":"","protected":false},"excerpt":{"rendered":"<p>Spaghi per lavori edili in PP. Ha molteplici funzioni. <\/p>\n<ul>\n<li>Polipropilene, filati sintetici<\/li>\n<li>Alta resistenza alla rottura.<\/li>\n<li>Viene utilizzato per lavori di muratura, intonacatura e costruzione. \u00c8 uno spago resistente e pu\u00f2 essere utilizzato anche per gli aquiloni. \u00c8 di colore bianco.  <\/li>\n<\/ul>\n<p><strong>Seleziona la lunghezza (peso) prima di aggiungere al carrello.<\/strong><\/p>\n","protected":false},"featured_media":44044,"comment_status":"open","ping_status":"closed","template":"","meta":{"iawp_total_views":0},"product_brand":[],"product_cat":[7701,7680],"product_tag":[],"class_list":{"0":"post-44352","1":"product","2":"type-product","3":"status-publish","4":"has-post-thumbnail","6":"product_cat-due-e-cinghiali","7":"product_cat-spaghi-da-lavoro-per-ledilizia","8":"post","9":"post-with-thumbnail","10":"post-with-thumbnail-large","12":"first","13":"instock","14":"sale","15":"taxable","16":"shipping-taxable","17":"purchasable","18":"product-type-variable"},"_links":{"self":[{"href":"https:\/\/troycity.net\/it\/wp-json\/wp\/v2\/product\/44352","targetHints":{"allow":["GET"]}}],"collection":[{"href":"https:\/\/troycity.net\/it\/wp-json\/wp\/v2\/product"}],"about":[{"href":"https:\/\/troycity.net\/it\/wp-json\/wp\/v2\/types\/product"}],"replies":[{"embeddable":true,"href":"https:\/\/troycity.net\/it\/wp-json\/wp\/v2\/comments?post=44352"}],"wp:featuredmedia":[{"embeddable":true,"href":"https:\/\/troycity.net\/it\/wp-json\/wp\/v2\/media\/44044"}],"wp:attachment":[{"href":"https:\/\/troycity.net\/it\/wp-json\/wp\/v2\/media?parent=44352"}],"wp:term":[{"taxonomy":"product_brand","embeddable":true,"href":"https:\/\/troycity.net\/it\/wp-json\/wp\/v2\/product_brand?post=44352"},{"taxonomy":"product_cat","embeddable":true,"href":"https:\/\/troycity.net\/it\/wp-json\/wp\/v2\/product_cat?post=44352"},{"taxonomy":"product_tag","embeddable":true,"href":"https:\/\/troycity.net\/it\/wp-json\/wp\/v2\/product_tag?post=44352"}],"curies":[{"name":"wp","href":"https:\/\/api.w.org\/{rel}","templated":true}]}}