{"id":39002,"date":"2024-06-21T11:53:26","date_gmt":"2024-08-01T18:37:44","guid":{"rendered":"https:\/\/troycity.net\/product\/senza-categoria\/puffy\/"},"modified":"2024-09-13T01:10:22","modified_gmt":"2024-09-12T23:10:22","slug":"puffy","status":"publish","type":"product","link":"https:\/\/troycity.net\/it\/product\/puffy\/","title":{"rendered":"PUFFY"},"content":{"rendered":"<p>Realizzazione di lavori a maglia a mano:<\/p>\n<p><iframe loading=\"lazy\" title=\"&quot;\u015ei\u015f Yok - T\u0131\u011f Yok&quot; Has\u0131r \u00d6rg\u00fc Tekni\u011fi - &quot;No Needles - No Hooks&quot; Herringbone Knitting  #battaniye\" width=\"720\" height=\"405\" src=\"https:\/\/www.youtube.com\/embed\/ADor5zGJ-jA?feature=oembed\" frameborder=\"0\" allow=\"accelerometer; autoplay; clipboard-write; encrypted-media; gyroscope; picture-in-picture; web-share\" referrerpolicy=\"strict-origin-when-cross-origin\" allowfullscreen><\/iframe><\/p>\n","protected":false},"excerpt":{"rendered":"<p>&nbsp;<\/p>\n<ul class=\"a-unordered-list a-vertical a-spacing-mini\">\n<li class=\"a-spacing-mini\">Alize Puffy, filato morbido 100% micropoliestere lavorato a mano. \u00c8 un&#8217;innovazione brevettata in quasi tutto il mondo. \u00c8 il primo al mondo!<\/li>\n<li class=\"a-spacing-mini\"><span class=\"a-list-item\">Ogni pallina Peso: 100 g (3,5 oz) Lunghezza: 9,2 metri circa. (9,8 iarde), Super Spessa.<\/span><\/li>\n<li>Non c&#8217;\u00e8 bisogno di gancio e ago. Si lavora a maglia con le dita. \u00c8 un lavoro a maglia facilissimo e pi\u00f9 veloce di quello tradizionale. Ci sono molti video su YouTube.<\/li>\n<li>Una grande coperta pu\u00f2 essere realizzata in poche ore. Perfetto per coperte, cuscini, sciarpe, cappelli, borse, cardigan, giacche, camicette, giocattoli per bambini e altro ancora.<\/li>\n<li>Stagioni: Autunno\/Inverno.<\/li>\n<li>Lava a mano a 40\u00b0C, non candeggiare, stira a bassa temperatura preferibilmente senza vapore, non asciugare in asciugatrice.<\/li>\n<\/ul>\n","protected":false},"featured_media":29674,"comment_status":"open","ping_status":"closed","template":"","meta":{"iawp_total_views":0},"product_brand":[],"product_cat":[3695],"product_tag":[4486,5539,5763],"class_list":{"0":"post-39002","1":"product","2":"type-product","3":"status-publish","4":"has-post-thumbnail","6":"product_cat-filati-invernali","7":"product_tag-alize-it-2","8":"product_tag-lavorato-a-mano","9":"product_tag-spessa","10":"post","11":"post-with-thumbnail","12":"post-with-thumbnail-large","14":"first","15":"instock","16":"sale","17":"taxable","18":"shipping-taxable","19":"purchasable","20":"product-type-variable","21":"has-default-attributes"},"_links":{"self":[{"href":"https:\/\/troycity.net\/it\/wp-json\/wp\/v2\/product\/39002","targetHints":{"allow":["GET"]}}],"collection":[{"href":"https:\/\/troycity.net\/it\/wp-json\/wp\/v2\/product"}],"about":[{"href":"https:\/\/troycity.net\/it\/wp-json\/wp\/v2\/types\/product"}],"replies":[{"embeddable":true,"href":"https:\/\/troycity.net\/it\/wp-json\/wp\/v2\/comments?post=39002"}],"wp:featuredmedia":[{"embeddable":true,"href":"https:\/\/troycity.net\/it\/wp-json\/wp\/v2\/media\/29674"}],"wp:attachment":[{"href":"https:\/\/troycity.net\/it\/wp-json\/wp\/v2\/media?parent=39002"}],"wp:term":[{"taxonomy":"product_brand","embeddable":true,"href":"https:\/\/troycity.net\/it\/wp-json\/wp\/v2\/product_brand?post=39002"},{"taxonomy":"product_cat","embeddable":true,"href":"https:\/\/troycity.net\/it\/wp-json\/wp\/v2\/product_cat?post=39002"},{"taxonomy":"product_tag","embeddable":true,"href":"https:\/\/troycity.net\/it\/wp-json\/wp\/v2\/product_tag?post=39002"}],"curies":[{"name":"wp","href":"https:\/\/api.w.org\/{rel}","templated":true}]}}