{"id":38814,"date":"2024-06-22T14:14:47","date_gmt":"2024-08-01T18:17:23","guid":{"rendered":"https:\/\/troycity.net\/product\/senza-categoria\/puffy-fine\/"},"modified":"2024-08-01T20:31:33","modified_gmt":"2024-08-01T18:31:33","slug":"puffy-fine","status":"publish","type":"product","link":"https:\/\/troycity.net\/it\/product\/puffy-fine\/","title":{"rendered":"PUFFY FINE"},"content":{"rendered":"","protected":false},"excerpt":{"rendered":"<p>Puffy Fine; <\/p>\n<ul>\n<li><span class=\"a-list-item\">100% Micropoliestere lavorato a mano con il morbido filato Alize. \u00c8 un&#8217;innovazione brevettata in quasi tutto il mondo. Il primo al mondo!<\/span><\/li>\n<li>Peso della palla: 100 grammi (3,53 once) e lunghezza: 14 metri (15 iarde), Super Thick.<\/li>\n<li>Non c&#8217;\u00e8 bisogno di gancio e ago. Si lavora a maglia con le dita. \u00c8 un lavoro a maglia facilissimo e pi\u00f9 veloce di quello tradizionale.<\/li>\n<li>Stagioni: Autunno\/Inverno.<\/li>\n<li>Lava a mano a 40\u00b0C, non candeggiare, stira a bassa temperatura preferibilmente senza vapore, non asciugare in asciugatrice.<\/li>\n<\/ul>\n","protected":false},"featured_media":29936,"comment_status":"open","ping_status":"closed","template":"","meta":{"iawp_total_views":0},"product_brand":[],"product_cat":[3695],"product_tag":[4486,5539,5763],"class_list":{"0":"post-38814","1":"product","2":"type-product","3":"status-publish","4":"has-post-thumbnail","6":"product_cat-filati-invernali","7":"product_tag-alize-it-2","8":"product_tag-lavorato-a-mano","9":"product_tag-spessa","10":"post","11":"post-with-thumbnail","12":"post-with-thumbnail-large","14":"first","15":"instock","16":"sale","17":"taxable","18":"shipping-taxable","19":"purchasable","20":"product-type-variable","21":"has-default-attributes"},"_links":{"self":[{"href":"https:\/\/troycity.net\/it\/wp-json\/wp\/v2\/product\/38814","targetHints":{"allow":["GET"]}}],"collection":[{"href":"https:\/\/troycity.net\/it\/wp-json\/wp\/v2\/product"}],"about":[{"href":"https:\/\/troycity.net\/it\/wp-json\/wp\/v2\/types\/product"}],"replies":[{"embeddable":true,"href":"https:\/\/troycity.net\/it\/wp-json\/wp\/v2\/comments?post=38814"}],"wp:featuredmedia":[{"embeddable":true,"href":"https:\/\/troycity.net\/it\/wp-json\/wp\/v2\/media\/29936"}],"wp:attachment":[{"href":"https:\/\/troycity.net\/it\/wp-json\/wp\/v2\/media?parent=38814"}],"wp:term":[{"taxonomy":"product_brand","embeddable":true,"href":"https:\/\/troycity.net\/it\/wp-json\/wp\/v2\/product_brand?post=38814"},{"taxonomy":"product_cat","embeddable":true,"href":"https:\/\/troycity.net\/it\/wp-json\/wp\/v2\/product_cat?post=38814"},{"taxonomy":"product_tag","embeddable":true,"href":"https:\/\/troycity.net\/it\/wp-json\/wp\/v2\/product_tag?post=38814"}],"curies":[{"name":"wp","href":"https:\/\/api.w.org\/{rel}","templated":true}]}}