{"id":38715,"date":"2024-06-24T12:49:10","date_gmt":"2024-08-01T17:52:02","guid":{"rendered":"https:\/\/troycity.net\/product\/senza-categoria\/puffy-color\/"},"modified":"2024-08-01T19:52:02","modified_gmt":"2024-08-01T17:52:02","slug":"puffy-color","status":"publish","type":"product","link":"https:\/\/troycity.net\/it\/product\/puffy-color\/","title":{"rendered":"PUFFY COLOR"},"content":{"rendered":"","protected":false},"excerpt":{"rendered":"<ul class=\"a-unordered-list a-vertical a-spacing-mini\">\n<li class=\"a-spacing-mini\"><span class=\"a-list-item\">100% Micropoliestere lavorato a mano con il morbido filato Alize. \u00c8 un&#8217;innovazione brevettata in quasi tutto il mondo. Il primo al mondo!<\/span><\/li>\n<li class=\"a-spacing-mini\"><span class=\"a-list-item\">Ogni pallina Peso: 100 g (3,5 oz) Lunghezza: 9,2 metri circa. (9,8 iarde), Super Spessa.<\/span><\/li>\n<li>Non c&#8217;\u00e8 bisogno di gancio e ago. Si lavora a maglia con le dita. \u00c8 un lavoro a maglia facilissimo e pi\u00f9 veloce di quello tradizionale.<\/li>\n<li>Una grande coperta pu\u00f2 essere realizzata in poche ore. Perfetto per coperte, cuscini, sciarpe, cappelli, borse, cardigan, camicette, giacche, giocattoli per bambini e altro ancora.<\/li>\n<li>Stagioni: Autunno\/Inverno.<\/li>\n<li>Lava a mano a 40\u00b0C, non candeggiare, stira a bassa temperatura preferibilmente senza vapore, non asciugare in asciugatrice.<\/li>\n<\/ul>\n","protected":false},"featured_media":30514,"comment_status":"open","ping_status":"closed","template":"","meta":{"iawp_total_views":0},"product_brand":[],"product_cat":[3695],"product_tag":[],"class_list":{"0":"post-38715","1":"product","2":"type-product","3":"status-publish","4":"has-post-thumbnail","6":"product_cat-filati-invernali","7":"post","8":"post-with-thumbnail","9":"post-with-thumbnail-large","11":"first","12":"instock","13":"sale","14":"taxable","15":"shipping-taxable","16":"purchasable","17":"product-type-variable"},"_links":{"self":[{"href":"https:\/\/troycity.net\/it\/wp-json\/wp\/v2\/product\/38715","targetHints":{"allow":["GET"]}}],"collection":[{"href":"https:\/\/troycity.net\/it\/wp-json\/wp\/v2\/product"}],"about":[{"href":"https:\/\/troycity.net\/it\/wp-json\/wp\/v2\/types\/product"}],"replies":[{"embeddable":true,"href":"https:\/\/troycity.net\/it\/wp-json\/wp\/v2\/comments?post=38715"}],"wp:featuredmedia":[{"embeddable":true,"href":"https:\/\/troycity.net\/it\/wp-json\/wp\/v2\/media\/30514"}],"wp:attachment":[{"href":"https:\/\/troycity.net\/it\/wp-json\/wp\/v2\/media?parent=38715"}],"wp:term":[{"taxonomy":"product_brand","embeddable":true,"href":"https:\/\/troycity.net\/it\/wp-json\/wp\/v2\/product_brand?post=38715"},{"taxonomy":"product_cat","embeddable":true,"href":"https:\/\/troycity.net\/it\/wp-json\/wp\/v2\/product_cat?post=38715"},{"taxonomy":"product_tag","embeddable":true,"href":"https:\/\/troycity.net\/it\/wp-json\/wp\/v2\/product_tag?post=38715"}],"curies":[{"name":"wp","href":"https:\/\/api.w.org\/{rel}","templated":true}]}}