{"id":38593,"date":"2024-06-25T17:43:22","date_gmt":"2024-08-01T14:54:59","guid":{"rendered":"https:\/\/troycity.net\/product\/senza-categoria\/puffy-more\/"},"modified":"2024-08-01T16:54:59","modified_gmt":"2024-08-01T14:54:59","slug":"puffy-more","status":"publish","type":"product","link":"https:\/\/troycity.net\/it\/product\/puffy-more\/","title":{"rendered":"PUFFY MORE"},"content":{"rendered":"","protected":false},"excerpt":{"rendered":"<ul>\n<li>1 pallina da 150 gr &#8211; 11, 5 metri, %100 Micropoliestere. Ha una consistenza molto particolare, simile a quella del camoscio.<\/li>\n<li>Filato per lavori a mano e pu\u00f2 essere lavorato senza ago o uncino. Design ALIZE e brevettato per la prima volta al mondo.<\/li>\n<li>Alize Puffy More \u00e8 un filato bicolore. \u00c8 anche un filato a doppio filo che viene prodotto per creare un motivo colorato su due lati. Attualmente \u00e8 un prodotto unico.<\/li>\n<li>Stagioni: Autunno\/Inverno.<\/li>\n<li>Lava a mano a 40\u00b0C, non candeggiare, stira a bassa temperatura preferibilmente senza vapore, non asciugare in asciugatrice.<\/li>\n<\/ul>\n","protected":false},"featured_media":31133,"comment_status":"open","ping_status":"closed","template":"","meta":{"iawp_total_views":2},"product_brand":[],"product_cat":[3695],"product_tag":[],"class_list":{"0":"post-38593","1":"product","2":"type-product","3":"status-publish","4":"has-post-thumbnail","6":"product_cat-filati-invernali","7":"post","8":"post-with-thumbnail","9":"post-with-thumbnail-large","11":"first","12":"instock","13":"sale","14":"taxable","15":"shipping-taxable","16":"purchasable","17":"product-type-variable"},"_links":{"self":[{"href":"https:\/\/troycity.net\/it\/wp-json\/wp\/v2\/product\/38593","targetHints":{"allow":["GET"]}}],"collection":[{"href":"https:\/\/troycity.net\/it\/wp-json\/wp\/v2\/product"}],"about":[{"href":"https:\/\/troycity.net\/it\/wp-json\/wp\/v2\/types\/product"}],"replies":[{"embeddable":true,"href":"https:\/\/troycity.net\/it\/wp-json\/wp\/v2\/comments?post=38593"}],"wp:featuredmedia":[{"embeddable":true,"href":"https:\/\/troycity.net\/it\/wp-json\/wp\/v2\/media\/31133"}],"wp:attachment":[{"href":"https:\/\/troycity.net\/it\/wp-json\/wp\/v2\/media?parent=38593"}],"wp:term":[{"taxonomy":"product_brand","embeddable":true,"href":"https:\/\/troycity.net\/it\/wp-json\/wp\/v2\/product_brand?post=38593"},{"taxonomy":"product_cat","embeddable":true,"href":"https:\/\/troycity.net\/it\/wp-json\/wp\/v2\/product_cat?post=38593"},{"taxonomy":"product_tag","embeddable":true,"href":"https:\/\/troycity.net\/it\/wp-json\/wp\/v2\/product_tag?post=38593"}],"curies":[{"name":"wp","href":"https:\/\/api.w.org\/{rel}","templated":true}]}}