{"id":38102,"date":"2024-07-30T20:46:40","date_gmt":"2024-07-30T18:46:58","guid":{"rendered":"https:\/\/troycity.net\/?post_type=product&#038;p=38102"},"modified":"2024-09-13T11:51:54","modified_gmt":"2024-09-13T09:51:54","slug":"extra","status":"publish","type":"product","link":"https:\/\/troycity.net\/it\/product\/extra\/","title":{"rendered":"EXTRA"},"content":{"rendered":"","protected":false},"excerpt":{"rendered":"<ul>\n<li>Alize Extra, filato 100% acrilico.<\/li>\n<li>100 grammi &#8211; 220 m per pallina, il prezzo si intende per pallina e l&#8217;IVA \u00e8 inclusa.<\/li>\n<li>Dimensioni dell&#8217;ago da maglia; 2,5 &#8211; 4 mm<\/li>\n<li>Dimensione gancio all\u2019uncinetto; 2 &#8211; 4 mm<\/li>\n<li><label>Stagioni;<\/label> Autunno, Inverno<\/li>\n<\/ul>\n<p> La corda per maglieria Alize Extra \u00e8 una corda classica adatta a tutti gli usi. Si distingue per l&#8217;abbondante variet\u00e0 di colori. \u00c8 un prodotto della collezione Autunno-Inverno. \u00c8 adatta per cardigan, gilet, maglioni, fibre, scarpe, accessori e molti altri lavori a maglia.   <\/p>\n","protected":false},"featured_media":38355,"comment_status":"open","ping_status":"closed","template":"","meta":{"iawp_total_views":0},"product_brand":[],"product_cat":[3695],"product_tag":[3703,4486,3702],"class_list":{"0":"post-38102","1":"product","2":"type-product","3":"status-publish","4":"has-post-thumbnail","6":"product_cat-filati-invernali","7":"product_tag-acrilico","8":"product_tag-alize-it-2","9":"product_tag-inverno","10":"post","11":"post-with-thumbnail","12":"post-with-thumbnail-large","14":"first","15":"instock","16":"sale","17":"taxable","18":"shipping-taxable","19":"purchasable","20":"product-type-variable"},"_links":{"self":[{"href":"https:\/\/troycity.net\/it\/wp-json\/wp\/v2\/product\/38102","targetHints":{"allow":["GET"]}}],"collection":[{"href":"https:\/\/troycity.net\/it\/wp-json\/wp\/v2\/product"}],"about":[{"href":"https:\/\/troycity.net\/it\/wp-json\/wp\/v2\/types\/product"}],"replies":[{"embeddable":true,"href":"https:\/\/troycity.net\/it\/wp-json\/wp\/v2\/comments?post=38102"}],"wp:featuredmedia":[{"embeddable":true,"href":"https:\/\/troycity.net\/it\/wp-json\/wp\/v2\/media\/38355"}],"wp:attachment":[{"href":"https:\/\/troycity.net\/it\/wp-json\/wp\/v2\/media?parent=38102"}],"wp:term":[{"taxonomy":"product_brand","embeddable":true,"href":"https:\/\/troycity.net\/it\/wp-json\/wp\/v2\/product_brand?post=38102"},{"taxonomy":"product_cat","embeddable":true,"href":"https:\/\/troycity.net\/it\/wp-json\/wp\/v2\/product_cat?post=38102"},{"taxonomy":"product_tag","embeddable":true,"href":"https:\/\/troycity.net\/it\/wp-json\/wp\/v2\/product_tag?post=38102"}],"curies":[{"name":"wp","href":"https:\/\/api.w.org\/{rel}","templated":true}]}}