{"id":45023,"date":"2025-09-08T23:19:05","date_gmt":"2025-09-08T21:19:05","guid":{"rendered":"https:\/\/troycity.net\/termini-e-condizioni\/"},"modified":"2025-09-08T23:19:05","modified_gmt":"2025-09-08T21:19:05","slug":"termini-e-condizioni","status":"publish","type":"page","link":"https:\/\/troycity.net\/it\/termini-e-condizioni\/","title":{"rendered":"Termini e condizioni"},"content":{"rendered":"<div class=\"Layout1 GeneralLayout Div\">\n<div class=\"Middle\">\n<div class=\"ContentArea\">\n<div class=\"ContentAreaInner\">\n<div class=\"ContentAreaWrapper\">\n<div class=\"TermsAndConditions\">\n<div class=\"Layout1 GeneralLayout Div\">\n<div class=\"Middle\">\n<div class=\"ContentArea\">\n<div class=\"ContentAreaInner\">\n<div class=\"ContentAreaWrapper\">\n<div class=\"TermsAndConditions\">\n<p><strong>Termini e condizioni generali<\/strong><\/p>\n<div class=\"gray p20\">\n<div class=\"mainProductList content container\">\n<div class=\"row\">\n<div class=\"col-lg-9 col-sm-9 rightBar\">\n<div class=\"white\">\n<div id=\"post2904820\" class=\"post\">\n<ul class=\"lred dot\">\n<li><span lang=\"en-us\"><b>Colori dell&#8217;articolo;<\/b> Anche se cerchiamo di fare del nostro meglio per fornire il colore originale degli articoli, alcuni colori possono sembrare leggermente diversi nelle foto. Ci\u00f2 \u00e8 dovuto anche alle diverse caratteristiche dei monitor dei computer. <\/span><\/li>\n<li><strong>Pagamenti;  <\/strong><span lang=\"en-us\">Gli articoli vengono spediti dopo aver ricevuto il pagamento completo dell&#8217;ordine. Il pagamento pu\u00f2 essere effettuato con carta di credito, PayPal e bonifico bancario. <\/span><\/li>\n<li><span lang=\"en-us\"><b>Tempi di spedizione; Gli <\/b>ordini vengono spediti entro tre giorni lavorativi (per lo pi\u00f9 lo stesso giorno) dalla ricezione del pagamento dell&#8217;ordine. Siamo chiusi la domenica, il sabato pomeriggio e durante le festivit\u00e0 nazionali. <\/span><\/li>\n<li><span lang=\"en-us\"><b>Origine delle spedizioni; <\/b>Abbiamo sede in Ungheria e gli articoli vengono spediti dall&#8217;Ungheria, da Budapest.  <\/span><\/li>\n<li><b><span lang=\"en-us\">Opzioni di spedizione; <\/span><\/b>Sono disponibili le opzioni di spedizione con posta raccomandata espressa e regolare. Se per l&#8217;ordine viene selezionata l&#8217;opzione di posta raccomandata regolare, gli articoli vengono spediti tramite posta ordinaria e la spedizione viene consegnata tramite il sistema postale ufficiale del paese di destinazione. Per la spedizione espressa sono disponibili diverse opzioni con costi e tempi di consegna variabili. Affinch\u00e9 il tuo ordine venga consegnato il pi\u00f9 velocemente possibile, ti preghiamo di inserire il tuo indirizzo nel modo pi\u00f9 chiaro possibile e di indicare un numero di telefono valido. Non inserire indirizzi di caselle postali per questa opzione.    <\/li>\n<li><b>Tasse e dazi doganali;<\/b> Nella maggior parte delle nostre transazioni non ci troviamo di fronte a problemi doganali e gli ordini non sono soggetti a tasse e dazi doganali a causa del valore degli ordini e la merce pu\u00f2 circolare liberamente tra gli Stati membri dell&#8217;UE senza controlli e senza formalit\u00e0 doganali. Tuttavia, ti informiamo che non siamo responsabili n\u00e9 coinvolti nella definizione di eventuali costi aggiuntivi per spese doganali o di intermediazione. <\/li>\n<li><strong><b>Esame della merce; <\/b><\/strong>Il cliente dovr\u00e0 ispezionare la consegna immediatamente dopo il ricevimento per verificarne la completezza. Nel caso in cui la merce sia visibilmente danneggiata a causa della consegna, l&#8217;azienda di trasporto presente sul posto dovr\u00e0 registrarlo. I reclami relativi a consegne incomplete o errate o a difetti evidenti devono essere inviati immediatamente a TROY CITY LTD. SHOP (<a href=\"mailto:info@troycity.net\"><u>info@troycity.net<\/u><\/a>)   <\/li>\n<li><strong><b>Garanzia contro i difetti;<\/b><\/strong> Se hai ricevuto un articolo difettoso o danneggiato, la taglia sbagliata, il colore sbagliato o il prodotto sbagliato, scrivi un&#8217;e-mail (<a href=\"mailto:info@troycity.net\"><u>info@troycity.net<\/u><\/a>)entro 14 giorni dalla ricezione dell&#8217;articolo, descrivendo il problema e indicando il numero d&#8217;ordine. In caso di articoli difettosi, errati o non conformi alla descrizione, inviaci una foto o un video chiaro del problema. Potremo rimborsarti completamente o spedirti un altro articolo identico o simile in base alla tua decisione.  <\/li>\n<li><strong><b>Diritto di recesso; <\/b><\/strong>Il cliente ha il diritto di recesso entro 14 giorni dalla consegna della merce. Se non sei soddisfatto dell&#8217;acquisto per qualsiasi motivo, compreso il colore dell&#8217;articolo, possiamo emettere un rimborso per il costo dell&#8217;articolo. In questo caso, per\u00f2, la spedizione originale e di ritorno non \u00e8 rimborsabile e il costo della spedizione \u00e8 a carico dell&#8217;acquirente. Si prega di allegare alla merce restituita una ricevuta di pagamento o di indicare le coordinate bancarie o postali per il pagamento. I resi devono essere inviati al nostro indirizzo e con un imballaggio di qualit\u00e0 sufficiente. Il modo migliore per garantirlo \u00e8 utilizzare un imballaggio simile al nostro. Il rischio di perdita durante la spedizione di ritorno \u00e8 a carico del cliente.      <\/li>\n<\/ul>\n<\/div>\n<\/div>\n<\/div>\n<\/div>\n<\/div>\n<\/div>\n<\/div>\n<\/div>\n<\/div>\n<\/div>\n<\/div>\n<\/div>\n<\/div>\n<\/div>\n<\/div>\n<\/div>\n<\/div>\n<\/div>\n<div class=\"Layout1 GeneralLayout Div\">\n<div class=\"Middle\">\n<div class=\"ContentArea\">\n<div class=\"ContentAreaInner\">\n<div class=\"ContentAreaWrapper\">\n<div class=\"TermsAndConditions\">\n<div>\n<p><strong>In caso di differenze tra la versione inglese e quella in altre lingue dei Termini e Condizioni, si applicher\u00e0 sempre la versione inglese.<\/strong><\/p>\n<p>Troy City Kft.<\/p>\n<\/div>\n<\/div>\n<\/div>\n<\/div>\n<\/div>\n<\/div>\n<\/div>\n<div class=\"Layout1 GeneralLayout Div\">\n<div class=\"Middle\">\n<div class=\"ContentArea\">\n<div class=\"ContentAreaInner\">\n<div class=\"ContentAreaWrapper\">\n<div class=\"TermsAndConditions\">\n<p>Indirizzo dell&#8217;ufficio: 1195 Budapest, J\u00f3zsef Attila utca 81. 1\/3 Ungheria <\/p>\n<p>Indirizzo di stoccaggio: 1135 Budapest, Raktar utca 4. 1\/5 Ungheria <\/p>\n<p>Numero di telefono Whatsup: +905423249952<\/p>\n<p><a href=\"mailto:info@troycity.net\"><u>info@troycity.net<\/u><\/a>)<\/p>\n<\/div>\n<\/div>\n<\/div>\n<\/div>\n<\/div>\n<\/div>\n<p>&nbsp;<\/p>\n","protected":false},"excerpt":{"rendered":"<p>Termini e condizioni generali Colori dell&#8217;articolo; Anche se cerchiamo di fare del nostro meglio per fornire il colore originale degli articoli, alcuni colori possono sembrare leggermente diversi nelle foto. Ci\u00f2 \u00e8 dovuto anche alle diverse caratteristiche dei monitor dei computer. Pagamenti; Gli articoli vengono spediti dopo aver ricevuto il pagamento completo dell&#8217;ordine. Il pagamento pu\u00f2 [&hellip;]<\/p>\n","protected":false},"author":1,"featured_media":0,"parent":0,"menu_order":0,"comment_status":"closed","ping_status":"closed","template":"","meta":{"iawp_total_views":0,"footnotes":""},"class_list":["post-45023","page","type-page","status-publish","hentry","post"],"_links":{"self":[{"href":"https:\/\/troycity.net\/it\/wp-json\/wp\/v2\/pages\/45023","targetHints":{"allow":["GET"]}}],"collection":[{"href":"https:\/\/troycity.net\/it\/wp-json\/wp\/v2\/pages"}],"about":[{"href":"https:\/\/troycity.net\/it\/wp-json\/wp\/v2\/types\/page"}],"author":[{"embeddable":true,"href":"https:\/\/troycity.net\/it\/wp-json\/wp\/v2\/users\/1"}],"replies":[{"embeddable":true,"href":"https:\/\/troycity.net\/it\/wp-json\/wp\/v2\/comments?post=45023"}],"version-history":[{"count":0,"href":"https:\/\/troycity.net\/it\/wp-json\/wp\/v2\/pages\/45023\/revisions"}],"wp:attachment":[{"href":"https:\/\/troycity.net\/it\/wp-json\/wp\/v2\/media?parent=45023"}],"curies":[{"name":"wp","href":"https:\/\/api.w.org\/{rel}","templated":true}]}}