{"id":44481,"date":"2025-02-08T15:09:07","date_gmt":"2025-02-12T13:40:35","guid":{"rendered":"https:\/\/troycity.net\/product\/film-demballage-air-buble\/"},"modified":"2025-02-15T17:02:01","modified_gmt":"2025-02-15T15:02:01","slug":"film-demballage-air-buble","status":"publish","type":"product","link":"https:\/\/troycity.net\/fr\/produit\/film-demballage-air-buble\/","title":{"rendered":"Film d&#8217;emballage Air Buble"},"content":{"rendered":"","protected":false},"excerpt":{"rendered":"<p>Le film \u00e0 bulles d&rsquo;air est un mat\u00e9riau plastique transparent et flexible con\u00e7u pour emballer les produits en toute s\u00e9curit\u00e9. L&#8217;emballage \u00e0 bulles d&rsquo;air peut remplir l&rsquo;espace entre votre produit et la bo\u00eete. Cela vous permet d&rsquo;ajouter une couche de bulles d&rsquo;air absorbant les chocs \u00e0 chaque bo\u00eete.<\/p>\n<p>1- Type <strong>ECO<\/strong> <strong>Largeur = 1 m\u00e8tre, 40 gr, Longueur jusqu&rsquo;\u00e0 50 m\u00e8tres,<\/strong> <strong>100 cm x 50 m\u00e8tres<\/strong><\/p>\n<p>2- Type d&rsquo;<strong>\u00e9paisseur<\/strong><strong> Largeur = 1,5 m\u00e8tre, 100 gr, Longueur jusqu&rsquo;\u00e0 50 m\u00e8tres, 150 cm x 50 m\u00e8tres <\/strong><\/p>\n","protected":false},"featured_media":44139,"comment_status":"open","ping_status":"closed","template":"","meta":{"iawp_total_views":2},"product_brand":[],"product_cat":[7823,7631,7883],"product_tag":[],"class_list":{"0":"post-44481","1":"product","2":"type-product","3":"status-publish","4":"has-post-thumbnail","6":"product_cat-film-demballage-air-buble","7":"product_cat-films-demballage-en-plastique","8":"product_cat-produits","9":"post","10":"post-with-thumbnail","11":"post-with-thumbnail-large","13":"first","14":"instock","15":"sale","16":"taxable","17":"shipping-taxable","18":"purchasable","19":"product-type-variable"},"_links":{"self":[{"href":"https:\/\/troycity.net\/fr\/wp-json\/wp\/v2\/product\/44481","targetHints":{"allow":["GET"]}}],"collection":[{"href":"https:\/\/troycity.net\/fr\/wp-json\/wp\/v2\/product"}],"about":[{"href":"https:\/\/troycity.net\/fr\/wp-json\/wp\/v2\/types\/product"}],"replies":[{"embeddable":true,"href":"https:\/\/troycity.net\/fr\/wp-json\/wp\/v2\/comments?post=44481"}],"wp:featuredmedia":[{"embeddable":true,"href":"https:\/\/troycity.net\/fr\/wp-json\/wp\/v2\/media\/44139"}],"wp:attachment":[{"href":"https:\/\/troycity.net\/fr\/wp-json\/wp\/v2\/media?parent=44481"}],"wp:term":[{"taxonomy":"product_brand","embeddable":true,"href":"https:\/\/troycity.net\/fr\/wp-json\/wp\/v2\/product_brand?post=44481"},{"taxonomy":"product_cat","embeddable":true,"href":"https:\/\/troycity.net\/fr\/wp-json\/wp\/v2\/product_cat?post=44481"},{"taxonomy":"product_tag","embeddable":true,"href":"https:\/\/troycity.net\/fr\/wp-json\/wp\/v2\/product_tag?post=44481"}],"curies":[{"name":"wp","href":"https:\/\/api.w.org\/{rel}","templated":true}]}}