{"id":44453,"date":"2025-02-06T14:09:44","date_gmt":"2025-02-12T13:40:23","guid":{"rendered":"https:\/\/troycity.net\/product\/cordes-en-nylon-pp-tresse\/"},"modified":"2025-02-15T16:51:05","modified_gmt":"2025-02-15T14:51:05","slug":"cordes-en-nylon-pp-tresse","status":"publish","type":"product","link":"https:\/\/troycity.net\/fr\/produit\/cordes-en-nylon-pp-tresse\/","title":{"rendered":"Cordes en nylon PP tress\u00e9"},"content":{"rendered":"","protected":false},"excerpt":{"rendered":"<p>Cordes tress\u00e9es en nylon polypropyl\u00e8ne (PP) : Les cordes en nylon polypropyl\u00e8ne sont appr\u00e9ci\u00e9es pour leur polyvalence, leur co\u00fbt, leur r\u00e9sistance et leur couleur. Ils sont compos\u00e9s d&rsquo;un m\u00e9lange de nylon et de polypropyl\u00e8ne qui leur conf\u00e8re une bonne durabilit\u00e9. Ce mat\u00e9riau rentable offre une grande fiabilit\u00e9 dans diverses applications. Les qualit\u00e9s d&rsquo;absorption des chocs du c\u00e2ble en nylon en font un excellent c\u00e2ble pour les travaux de levage ou de remorquage, lorsque le c\u00e2ble doit absorber une charge dynamique. Elles sont largement utilis\u00e9es dans les sports nautiques (en raison de leur capacit\u00e9 \u00e0 flotter sur l&rsquo;eau), les jardins, l&rsquo;agriculture, les transports, la navigation de plaisance et le yachting. Les filets d&rsquo;escalade et de s\u00e9curit\u00e9 sont fabriqu\u00e9s \u00e0 partir de ces cordes. Les \u00e9leveurs d&rsquo;animaux, de chevaux et les dresseurs les utilisent \u00e9galement.<\/p>\n<ul>\n<li>Polypropyl\u00e8ne + Nylon<\/li>\n<li>100% Fibrill\u00e9<\/li>\n<li>La corde est utilis\u00e9e jusqu&rsquo;au bout sans se d\u00e9faire<\/li>\n<\/ul>\n<p>Cependant, il est affect\u00e9 par les rayons UV et les temp\u00e9ratures \u00e9lev\u00e9es, ce qui r\u00e9duit la valeur de traction \u00e0 la rupture. Il doit donc \u00eatre prot\u00e9g\u00e9 des UV et des temp\u00e9ratures \u00e9lev\u00e9es. La temp\u00e9rature maximale recommand\u00e9e pour le polypropyl\u00e8ne est de <b>82,2\u00b0C<\/b> &#8211; 180\u00b0F. Au-del\u00e0 de cette temp\u00e9rature, les valeurs de performance du mat\u00e9riau peuvent \u00eatre compromises. Choisissez votre corde en nylon en tenant compte de ces points.<\/p>\n<p><strong>Veuillez s\u00e9lectionner la section et la longueur avant d&rsquo;ajouter au panier. Le prix est par m\u00e8tre. <\/strong><\/p>\n","protected":false},"featured_media":43979,"comment_status":"open","ping_status":"closed","template":"","meta":{"iawp_total_views":53},"product_brand":[],"product_cat":[7800,7796],"product_tag":[],"class_list":{"0":"post-44453","1":"product","2":"type-product","3":"status-publish","4":"has-post-thumbnail","6":"product_cat-cordes-en-pp-tresse","7":"product_cat-ficelles-cordes","8":"post","9":"post-with-thumbnail","10":"post-with-thumbnail-large","12":"first","13":"instock","14":"sale","15":"taxable","16":"shipping-taxable","17":"purchasable","18":"product-type-variable"},"_links":{"self":[{"href":"https:\/\/troycity.net\/fr\/wp-json\/wp\/v2\/product\/44453","targetHints":{"allow":["GET"]}}],"collection":[{"href":"https:\/\/troycity.net\/fr\/wp-json\/wp\/v2\/product"}],"about":[{"href":"https:\/\/troycity.net\/fr\/wp-json\/wp\/v2\/types\/product"}],"replies":[{"embeddable":true,"href":"https:\/\/troycity.net\/fr\/wp-json\/wp\/v2\/comments?post=44453"}],"wp:featuredmedia":[{"embeddable":true,"href":"https:\/\/troycity.net\/fr\/wp-json\/wp\/v2\/media\/43979"}],"wp:attachment":[{"href":"https:\/\/troycity.net\/fr\/wp-json\/wp\/v2\/media?parent=44453"}],"wp:term":[{"taxonomy":"product_brand","embeddable":true,"href":"https:\/\/troycity.net\/fr\/wp-json\/wp\/v2\/product_brand?post=44453"},{"taxonomy":"product_cat","embeddable":true,"href":"https:\/\/troycity.net\/fr\/wp-json\/wp\/v2\/product_cat?post=44453"},{"taxonomy":"product_tag","embeddable":true,"href":"https:\/\/troycity.net\/fr\/wp-json\/wp\/v2\/product_tag?post=44453"}],"curies":[{"name":"wp","href":"https:\/\/api.w.org\/{rel}","templated":true}]}}