{"id":44452,"date":"2025-02-06T18:04:54","date_gmt":"2025-02-06T16:04:54","guid":{"rendered":"https:\/\/troycity.net\/product\/ficelles-de-chantier\/"},"modified":"2025-02-12T15:40:22","modified_gmt":"2025-02-12T13:40:22","slug":"ficelles-de-chantier","status":"publish","type":"product","link":"https:\/\/troycity.net\/fr\/produit\/ficelles-de-chantier\/","title":{"rendered":"Ficelles de chantier"},"content":{"rendered":"","protected":false},"excerpt":{"rendered":"<p>Ficelles en PP pour les travaux de construction. Elle est multifonctionnelle. <\/p>\n<ul>\n<li>Polypropl\u00e8ne, fils synth\u00e9tiques<\/li>\n<li>Haute r\u00e9sistance \u00e0 la rupture.<\/li>\n<li>Utilis\u00e9e dans les travaux de ma\u00e7onnerie, de pl\u00e2trerie et de construction. Il s&rsquo;agit d&rsquo;une ficelle durable qui peut \u00e9galement \u00eatre utilis\u00e9e pour les cerfs-volants. Elle est de couleur blanche.  <\/li>\n<\/ul>\n<p><strong>Veuillez s\u00e9lectionner la longueur (poids) avant d&rsquo;ajouter au panier.<\/strong><\/p>\n","protected":false},"featured_media":44041,"comment_status":"open","ping_status":"closed","template":"","meta":{"iawp_total_views":0},"product_brand":[],"product_cat":[7796,7653],"product_tag":[],"class_list":{"0":"post-44452","1":"product","2":"type-product","3":"status-publish","4":"has-post-thumbnail","6":"product_cat-ficelles-cordes","7":"product_cat-ficelles-de-chantier","8":"post","9":"post-with-thumbnail","10":"post-with-thumbnail-large","12":"first","13":"instock","14":"sale","15":"taxable","16":"shipping-taxable","17":"purchasable","18":"product-type-variable"},"_links":{"self":[{"href":"https:\/\/troycity.net\/fr\/wp-json\/wp\/v2\/product\/44452","targetHints":{"allow":["GET"]}}],"collection":[{"href":"https:\/\/troycity.net\/fr\/wp-json\/wp\/v2\/product"}],"about":[{"href":"https:\/\/troycity.net\/fr\/wp-json\/wp\/v2\/types\/product"}],"replies":[{"embeddable":true,"href":"https:\/\/troycity.net\/fr\/wp-json\/wp\/v2\/comments?post=44452"}],"wp:featuredmedia":[{"embeddable":true,"href":"https:\/\/troycity.net\/fr\/wp-json\/wp\/v2\/media\/44041"}],"wp:attachment":[{"href":"https:\/\/troycity.net\/fr\/wp-json\/wp\/v2\/media?parent=44452"}],"wp:term":[{"taxonomy":"product_brand","embeddable":true,"href":"https:\/\/troycity.net\/fr\/wp-json\/wp\/v2\/product_brand?post=44452"},{"taxonomy":"product_cat","embeddable":true,"href":"https:\/\/troycity.net\/fr\/wp-json\/wp\/v2\/product_cat?post=44452"},{"taxonomy":"product_tag","embeddable":true,"href":"https:\/\/troycity.net\/fr\/wp-json\/wp\/v2\/product_tag?post=44452"}],"curies":[{"name":"wp","href":"https:\/\/api.w.org\/{rel}","templated":true}]}}