{"id":44375,"date":"2025-01-09T18:28:06","date_gmt":"2025-02-12T13:39:59","guid":{"rendered":"https:\/\/troycity.net\/product\/corde-a-linge-en-pp-enduit-de-pvc\/"},"modified":"2025-02-15T18:11:36","modified_gmt":"2025-02-15T16:11:36","slug":"corde-a-linge-en-pp-enduit-de-pvc","status":"publish","type":"product","link":"https:\/\/troycity.net\/fr\/produit\/corde-a-linge-en-pp-enduit-de-pvc\/","title":{"rendered":"Corde \u00e0 linge en PP enduit de PVC"},"content":{"rendered":"","protected":false},"excerpt":{"rendered":"<p>Corde \u00e0 linge enduite de PVC<\/p>\n<p>Ces cordes en polyester enduit de PVC sont imperm\u00e9ables et ne s&rsquo;effilochent pas, ne se d\u00e9chirent pas et ne se d\u00e9chirent pas facilement, ce qui les rend solides et durables pour n&rsquo;importe quelle application. Elles sont faciles \u00e0 nettoyer et existent en diff\u00e9rentes couleurs.<\/p>\n<p>Longueur = 20 m\u00e8tres\u00a0 \u00a0 Section transversale = 3,5 mm<\/p>\n<p>UNE COULEUR AL\u00c9ATOIRE SERA ENVOY\u00c9E, AU HASARD ENTRE LE ROUGE, LE BLEU, L&rsquo;ORANGE, LE VERT ET LE GRIS<\/p>\n","protected":false},"featured_media":43825,"comment_status":"open","ping_status":"closed","template":"","meta":{"iawp_total_views":0},"product_brand":[],"product_cat":[7616,7728,7614],"product_tag":[],"class_list":{"0":"post-44375","1":"product","2":"type-product","3":"status-publish","4":"has-post-thumbnail","6":"product_cat-corde-a-linge","7":"product_cat-corde-a-linge-en-pp-enduit-de-pvc","8":"product_cat-ficelles-demballage","9":"post","10":"post-with-thumbnail","11":"post-with-thumbnail-large","13":"first","14":"instock","15":"sale","16":"taxable","17":"shipping-taxable","18":"purchasable","19":"product-type-simple"},"_links":{"self":[{"href":"https:\/\/troycity.net\/fr\/wp-json\/wp\/v2\/product\/44375","targetHints":{"allow":["GET"]}}],"collection":[{"href":"https:\/\/troycity.net\/fr\/wp-json\/wp\/v2\/product"}],"about":[{"href":"https:\/\/troycity.net\/fr\/wp-json\/wp\/v2\/types\/product"}],"replies":[{"embeddable":true,"href":"https:\/\/troycity.net\/fr\/wp-json\/wp\/v2\/comments?post=44375"}],"wp:featuredmedia":[{"embeddable":true,"href":"https:\/\/troycity.net\/fr\/wp-json\/wp\/v2\/media\/43825"}],"wp:attachment":[{"href":"https:\/\/troycity.net\/fr\/wp-json\/wp\/v2\/media?parent=44375"}],"wp:term":[{"taxonomy":"product_brand","embeddable":true,"href":"https:\/\/troycity.net\/fr\/wp-json\/wp\/v2\/product_brand?post=44375"},{"taxonomy":"product_cat","embeddable":true,"href":"https:\/\/troycity.net\/fr\/wp-json\/wp\/v2\/product_cat?post=44375"},{"taxonomy":"product_tag","embeddable":true,"href":"https:\/\/troycity.net\/fr\/wp-json\/wp\/v2\/product_tag?post=44375"}],"curies":[{"name":"wp","href":"https:\/\/api.w.org\/{rel}","templated":true}]}}