{"id":44372,"date":"2025-01-10T11:59:04","date_gmt":"2025-02-12T13:39:55","guid":{"rendered":"https:\/\/troycity.net\/product\/corde-a-linge-avec-ame-en-acier-enduit-de-pvc\/"},"modified":"2025-07-17T17:05:33","modified_gmt":"2025-07-17T15:05:33","slug":"noyau-en-acier-revetu-de-pvc","status":"publish","type":"product","link":"https:\/\/troycity.net\/fr\/produit\/noyau-en-acier-revetu-de-pvc\/","title":{"rendered":"Noyau en acier rev\u00eatu de PVC"},"content":{"rendered":"","protected":false},"excerpt":{"rendered":"<p>Corde \u00e0 linge en acier \u00e0 \u00e2me enduite de PVC<\/p>\n<p>Ces cordes \u00e0 \u00e2me en acier enduit de PVC sont imperm\u00e9ables, inoxydables et ne s&rsquo;effilochent pas, ne se d\u00e9chirent pas et ne se d\u00e9chirent pas facilement, ce qui les rend tr\u00e8s solides et durables pour n&rsquo;importe quelle application. Si vous souhaitez privil\u00e9gier la solidit\u00e9 et la durabilit\u00e9, une corde \u00e0 <b>linge \u00e0 \u00e2me en acier<\/b> est la meilleure corde \u00e0 linge pour vous. Elle est facile \u00e0 nettoyer et existe en diff\u00e9rentes couleurs.<\/p>\n<p>Une pi\u00e8ce a une longueur de 10 m\u00e8tres et est vendue en pi\u00e8ces d\u00e9tach\u00e9es.<\/p>\n<p>UNE COULEUR AL\u00c9ATOIRE SERA ENVOY\u00c9E, AU HASARD ENTRE LE ROUGE, LE BLEU, LE VERT ET LE GRIS<\/p>\n","protected":false},"featured_media":43835,"comment_status":"open","ping_status":"closed","template":"","meta":{"iawp_total_views":1},"product_brand":[],"product_cat":[7616,7717,7614],"product_tag":[],"class_list":{"0":"post-44372","1":"product","2":"type-product","3":"status-publish","4":"has-post-thumbnail","6":"product_cat-corde-a-linge","7":"product_cat-corde-a-linge-avec-ame-en-acier-enduit-de-pvc","8":"product_cat-ficelles-demballage","9":"post","10":"post-with-thumbnail","11":"post-with-thumbnail-large","13":"first","14":"instock","15":"sale","16":"taxable","17":"shipping-taxable","18":"purchasable","19":"product-type-simple"},"_links":{"self":[{"href":"https:\/\/troycity.net\/fr\/wp-json\/wp\/v2\/product\/44372","targetHints":{"allow":["GET"]}}],"collection":[{"href":"https:\/\/troycity.net\/fr\/wp-json\/wp\/v2\/product"}],"about":[{"href":"https:\/\/troycity.net\/fr\/wp-json\/wp\/v2\/types\/product"}],"replies":[{"embeddable":true,"href":"https:\/\/troycity.net\/fr\/wp-json\/wp\/v2\/comments?post=44372"}],"wp:featuredmedia":[{"embeddable":true,"href":"https:\/\/troycity.net\/fr\/wp-json\/wp\/v2\/media\/43835"}],"wp:attachment":[{"href":"https:\/\/troycity.net\/fr\/wp-json\/wp\/v2\/media?parent=44372"}],"wp:term":[{"taxonomy":"product_brand","embeddable":true,"href":"https:\/\/troycity.net\/fr\/wp-json\/wp\/v2\/product_brand?post=44372"},{"taxonomy":"product_cat","embeddable":true,"href":"https:\/\/troycity.net\/fr\/wp-json\/wp\/v2\/product_cat?post=44372"},{"taxonomy":"product_tag","embeddable":true,"href":"https:\/\/troycity.net\/fr\/wp-json\/wp\/v2\/product_tag?post=44372"}],"curies":[{"name":"wp","href":"https:\/\/api.w.org\/{rel}","templated":true}]}}