{"id":44363,"date":"2024-12-17T18:39:28","date_gmt":"2025-02-12T13:39:41","guid":{"rendered":"https:\/\/troycity.net\/product\/ficelle-demballage-epaisse\/"},"modified":"2025-02-12T15:39:41","modified_gmt":"2025-02-12T13:39:41","slug":"ficelle-demballage-epaisse","status":"publish","type":"product","link":"https:\/\/troycity.net\/fr\/produit\/ficelle-demballage-epaisse\/","title":{"rendered":"Ficelle d&#8217;emballage \u00e9paisse"},"content":{"rendered":"","protected":false},"excerpt":{"rendered":"<p>Il s&rsquo;agit d&rsquo;un produit r\u00e9sistant, utilis\u00e9 dans toutes sortes d&#8217;emballages. Utilis\u00e9 sans d\u00e9sint\u00e9gration jusqu&rsquo;\u00e0 \u00e9puisement de la bobine. <\/p>\n<ul>\n<li>Ficelle d&#8217;emballage &#8211; 25.000Denier<\/li>\n<li>100% Fil de polypropl\u00e8ne fibrill\u00e9.<\/li>\n<li>1 bobine repr\u00e9sente environ 800 m\u00e8tres et 2 kg.<\/li>\n<li>La force de rupture est d&rsquo;environ 55 kg.<\/li>\n<li>1 Sac 23-24 Kg et 12 bobines \u00e0 l&rsquo;int\u00e9rieur.<\/li>\n<li>1 sac 16*75*56 cm Dimensions<\/li>\n<\/ul>\n<p><strong>Vendu en pi\u00e8ces.<\/strong><\/p>\n","protected":false},"featured_media":43800,"comment_status":"open","ping_status":"closed","template":"","meta":{"iawp_total_views":0},"product_brand":[],"product_cat":[7614],"product_tag":[],"class_list":{"0":"post-44363","1":"product","2":"type-product","3":"status-publish","4":"has-post-thumbnail","6":"product_cat-ficelles-demballage","7":"post","8":"post-with-thumbnail","9":"post-with-thumbnail-large","11":"first","12":"instock","13":"sale","14":"taxable","15":"shipping-taxable","16":"purchasable","17":"product-type-simple"},"_links":{"self":[{"href":"https:\/\/troycity.net\/fr\/wp-json\/wp\/v2\/product\/44363","targetHints":{"allow":["GET"]}}],"collection":[{"href":"https:\/\/troycity.net\/fr\/wp-json\/wp\/v2\/product"}],"about":[{"href":"https:\/\/troycity.net\/fr\/wp-json\/wp\/v2\/types\/product"}],"replies":[{"embeddable":true,"href":"https:\/\/troycity.net\/fr\/wp-json\/wp\/v2\/comments?post=44363"}],"wp:featuredmedia":[{"embeddable":true,"href":"https:\/\/troycity.net\/fr\/wp-json\/wp\/v2\/media\/43800"}],"wp:attachment":[{"href":"https:\/\/troycity.net\/fr\/wp-json\/wp\/v2\/media?parent=44363"}],"wp:term":[{"taxonomy":"product_brand","embeddable":true,"href":"https:\/\/troycity.net\/fr\/wp-json\/wp\/v2\/product_brand?post=44363"},{"taxonomy":"product_cat","embeddable":true,"href":"https:\/\/troycity.net\/fr\/wp-json\/wp\/v2\/product_cat?post=44363"},{"taxonomy":"product_tag","embeddable":true,"href":"https:\/\/troycity.net\/fr\/wp-json\/wp\/v2\/product_tag?post=44363"}],"curies":[{"name":"wp","href":"https:\/\/api.w.org\/{rel}","templated":true}]}}