{"id":44360,"date":"2024-12-21T13:14:12","date_gmt":"2025-02-12T13:39:37","guid":{"rendered":"https:\/\/troycity.net\/product\/ficelles-de-serre-et-agricoles\/"},"modified":"2025-02-12T15:39:37","modified_gmt":"2025-02-12T13:39:37","slug":"ficelles-de-serre-et-agricoles","status":"publish","type":"product","link":"https:\/\/troycity.net\/fr\/produit\/ficelles-de-serre-et-agricoles\/","title":{"rendered":"Ficelles de serre et agricoles"},"content":{"rendered":"","protected":false},"excerpt":{"rendered":"<p>La corde de serre est utilis\u00e9e pour attacher les plantes au fil sup\u00e9rieur pendant la croissance afin d&rsquo;\u00e9viter que les plantes ne se couchent pendant la croissance. Elle est principalement utilis\u00e9e dans les serres et l&rsquo;agriculture. <\/p>\n<ul>\n<li>Il est fabriqu\u00e9 en polypropyl\u00e8ne et sa r\u00e9sistance et sa douceur sont obtenues gr\u00e2ce \u00e0 un processus de fibrillation \u00e0 100 %.<\/li>\n<li>La corde de serre est additive aux UV et r\u00e9siste \u00e0 la lumi\u00e8re du soleil.<\/li>\n<li>Il ne se d\u00e9sagr\u00e8ge pas tant que la bobine n&rsquo;est pas termin\u00e9e.<\/li>\n<li>5000 deniers d&rsquo;\u00e9paisseur. Le denier (abr\u00e9g\u00e9 D) est l <b>&lsquo;unit\u00e9 utilis\u00e9e pour d\u00e9crire le poids et l&rsquo;\u00e9paisseur des textiles<\/b>. Un tissu d&rsquo;un denier plus \u00e9lev\u00e9 est plus \u00e9pais, plus r\u00e9sistant et plus durable que le m\u00eame tissu d&rsquo;un denier moins \u00e9lev\u00e9.  <\/li>\n<li>La force du c\u00e2ble de la serre est de 24 kg.<\/li>\n<li>Il est vendu en bobines d&rsquo;un kilogramme (1 kg) et une corde d&rsquo;un kilogramme mesure 1,800 m\u00e8tre.<\/li>\n<\/ul>\n","protected":false},"featured_media":43967,"comment_status":"open","ping_status":"closed","template":"","meta":{"iawp_total_views":0},"product_brand":[],"product_cat":[7638],"product_tag":[],"class_list":{"0":"post-44360","1":"product","2":"type-product","3":"status-publish","4":"has-post-thumbnail","6":"product_cat-ficelles-de-serre-et-agricoles","7":"post","8":"post-with-thumbnail","9":"post-with-thumbnail-large","11":"first","12":"instock","13":"sale","14":"taxable","15":"shipping-taxable","16":"purchasable","17":"product-type-simple"},"_links":{"self":[{"href":"https:\/\/troycity.net\/fr\/wp-json\/wp\/v2\/product\/44360","targetHints":{"allow":["GET"]}}],"collection":[{"href":"https:\/\/troycity.net\/fr\/wp-json\/wp\/v2\/product"}],"about":[{"href":"https:\/\/troycity.net\/fr\/wp-json\/wp\/v2\/types\/product"}],"replies":[{"embeddable":true,"href":"https:\/\/troycity.net\/fr\/wp-json\/wp\/v2\/comments?post=44360"}],"wp:featuredmedia":[{"embeddable":true,"href":"https:\/\/troycity.net\/fr\/wp-json\/wp\/v2\/media\/43967"}],"wp:attachment":[{"href":"https:\/\/troycity.net\/fr\/wp-json\/wp\/v2\/media?parent=44360"}],"wp:term":[{"taxonomy":"product_brand","embeddable":true,"href":"https:\/\/troycity.net\/fr\/wp-json\/wp\/v2\/product_brand?post=44360"},{"taxonomy":"product_cat","embeddable":true,"href":"https:\/\/troycity.net\/fr\/wp-json\/wp\/v2\/product_cat?post=44360"},{"taxonomy":"product_tag","embeddable":true,"href":"https:\/\/troycity.net\/fr\/wp-json\/wp\/v2\/product_tag?post=44360"}],"curies":[{"name":"wp","href":"https:\/\/api.w.org\/{rel}","templated":true}]}}