{"id":44336,"date":"2025-02-06T16:46:35","date_gmt":"2025-02-12T13:39:07","guid":{"rendered":"https:\/\/troycity.net\/product\/ficelles-et-cordes-de-jute\/"},"modified":"2025-02-15T16:42:39","modified_gmt":"2025-02-15T14:42:39","slug":"ficelles-et-cordes-de-jute","status":"publish","type":"product","link":"https:\/\/troycity.net\/fr\/produit\/ficelles-et-cordes-de-jute\/","title":{"rendered":"Ficelles et cordes de jute"},"content":{"rendered":"","protected":false},"excerpt":{"rendered":"<p>La corde de jute est un type de fil obtenu \u00e0 partir des fibres naturelles de la plante de jute. Le jute est une plante qui peut pousser rapidement \u00e0 l&rsquo;\u00e9tat naturel, en particulier dans les r\u00e9gions tropicales et subtropicales. Le jute est traditionnellement utilis\u00e9 dans l&rsquo;industrie textile pour fabriquer des tapis, des sacs et diff\u00e9rents types de tissus durables. Il est \u00e9galement consid\u00e9r\u00e9 comme un mat\u00e9riau durable et respectueux de l&rsquo;environnement car il est rapidement biod\u00e9gradable.<\/p>\n<p><strong>Propri\u00e9t\u00e9s des cordes de jute : <\/strong>La structure de la corde est similaire \u00e0 celle de la ficelle. La ficelle d&rsquo;un diam\u00e8tre sup\u00e9rieur \u00e0 5 millim\u00e8tres est g\u00e9n\u00e9ralement appel\u00e9e corde. La mati\u00e8re premi\u00e8re utilis\u00e9e pour la fabrication de ces cordes est de premi\u00e8re qualit\u00e9, ce qui permet d&rsquo;obtenir de tr\u00e8s bonnes valeurs de r\u00e9sistance \u00e0 la rupture. La surface du produit est lisse, ce qui facilite son utilisation. En bref, il pr\u00e9sente les caract\u00e9ristiques suivantes.<\/p>\n<ul>\n<li><strong>La r\u00e9silience<\/strong><\/li>\n<li><strong>\u00c9conomique<\/strong><\/li>\n<li><strong>Texture grossi\u00e8re<\/strong><\/li>\n<\/ul>\n<p>Le fil de jute occupe une place importante dans les productions respectueuses de l&rsquo;environnement gr\u00e2ce \u00e0 son caract\u00e8re recyclable. L&rsquo;utilisation de mat\u00e9riaux organiques et naturels tels que le jute dans les sacs, les paniers, les ceintures, les tapis et les accessoires d&rsquo;ameublement est de plus en plus populaire et les produits peuvent d\u00e9sormais avoir un aspect plus \u00ab\u00a0NATUREL\u00a0\u00bb !<\/p>\n<p>Nos cordes ont une grande r\u00e9sistance \u00e0 la traction. Impr\u00e9gn\u00e9es d&rsquo;huile naturelle, elles sont r\u00e9sistantes \u00e0 l&rsquo;humidit\u00e9 et \u00e0 d&rsquo;autres facteurs externes. Vous pouvez les acheter en rouleaux ou en m\u00e8tres.<\/p>\n<p><strong>Veuillez s\u00e9lectionner la section et la longueur avant d&rsquo;ajouter au panier. Le prix est par m\u00e8tre. <\/strong><\/p>\n","protected":false},"featured_media":44023,"comment_status":"open","ping_status":"closed","template":"","meta":{"iawp_total_views":0},"product_brand":[],"product_cat":[7685],"product_tag":[],"class_list":{"0":"post-44336","1":"product","2":"type-product","3":"status-publish","4":"has-post-thumbnail","6":"product_cat-ficelles-et-cordes-de-jute","7":"post","8":"post-with-thumbnail","9":"post-with-thumbnail-large","11":"first","12":"instock","13":"sale","14":"taxable","15":"shipping-taxable","16":"purchasable","17":"product-type-variable"},"_links":{"self":[{"href":"https:\/\/troycity.net\/fr\/wp-json\/wp\/v2\/product\/44336","targetHints":{"allow":["GET"]}}],"collection":[{"href":"https:\/\/troycity.net\/fr\/wp-json\/wp\/v2\/product"}],"about":[{"href":"https:\/\/troycity.net\/fr\/wp-json\/wp\/v2\/types\/product"}],"replies":[{"embeddable":true,"href":"https:\/\/troycity.net\/fr\/wp-json\/wp\/v2\/comments?post=44336"}],"wp:featuredmedia":[{"embeddable":true,"href":"https:\/\/troycity.net\/fr\/wp-json\/wp\/v2\/media\/44023"}],"wp:attachment":[{"href":"https:\/\/troycity.net\/fr\/wp-json\/wp\/v2\/media?parent=44336"}],"wp:term":[{"taxonomy":"product_brand","embeddable":true,"href":"https:\/\/troycity.net\/fr\/wp-json\/wp\/v2\/product_brand?post=44336"},{"taxonomy":"product_cat","embeddable":true,"href":"https:\/\/troycity.net\/fr\/wp-json\/wp\/v2\/product_cat?post=44336"},{"taxonomy":"product_tag","embeddable":true,"href":"https:\/\/troycity.net\/fr\/wp-json\/wp\/v2\/product_tag?post=44336"}],"curies":[{"name":"wp","href":"https:\/\/api.w.org\/{rel}","templated":true}]}}