{"id":44297,"date":"2025-02-06T16:05:04","date_gmt":"2025-02-12T13:38:59","guid":{"rendered":"https:\/\/troycity.net\/product\/ficelles-pour-cerfs-volants-et-travaux-de-construction\/"},"modified":"2025-02-12T15:38:59","modified_gmt":"2025-02-12T13:38:59","slug":"ficelles-pour-cerfs-volants-et-travaux-de-construction","status":"publish","type":"product","link":"https:\/\/troycity.net\/fr\/produit\/ficelles-pour-cerfs-volants-et-travaux-de-construction\/","title":{"rendered":"Ficelles pour cerfs-volants et travaux de construction"},"content":{"rendered":"","protected":false},"excerpt":{"rendered":"<ul>\n<li>Polypropl\u00e8ne, fils synth\u00e9tiques<\/li>\n<li>100% Fibrill\u00e9<\/li>\n<li>Utilis\u00e9 pour toutes sortes d&#8217;emballages, de d\u00e9corations, d&rsquo;attaches de ballons et de travaux de construction.<\/li>\n<li>1 pi\u00e8ce correspond \u00e0 50 m\u00e8tres<\/li>\n<li>Il est solide, avec une force de rupture d&rsquo;environ 24 kilogrammes.<\/li>\n<\/ul>\n<p>          <strong>Veuillez pr\u00e9ciser la couleur et la quantit\u00e9 avant d&rsquo;ajouter au panier.<\/strong><\/p>\n","protected":false},"featured_media":43996,"comment_status":"open","ping_status":"closed","template":"","meta":{"iawp_total_views":0},"product_brand":[],"product_cat":[7653],"product_tag":[],"class_list":{"0":"post-44297","1":"product","2":"type-product","3":"status-publish","4":"has-post-thumbnail","6":"product_cat-ficelles-de-chantier","7":"post","8":"post-with-thumbnail","9":"post-with-thumbnail-large","11":"first","12":"instock","13":"sale","14":"taxable","15":"shipping-taxable","16":"purchasable","17":"product-type-variable"},"_links":{"self":[{"href":"https:\/\/troycity.net\/fr\/wp-json\/wp\/v2\/product\/44297","targetHints":{"allow":["GET"]}}],"collection":[{"href":"https:\/\/troycity.net\/fr\/wp-json\/wp\/v2\/product"}],"about":[{"href":"https:\/\/troycity.net\/fr\/wp-json\/wp\/v2\/types\/product"}],"replies":[{"embeddable":true,"href":"https:\/\/troycity.net\/fr\/wp-json\/wp\/v2\/comments?post=44297"}],"wp:featuredmedia":[{"embeddable":true,"href":"https:\/\/troycity.net\/fr\/wp-json\/wp\/v2\/media\/43996"}],"wp:attachment":[{"href":"https:\/\/troycity.net\/fr\/wp-json\/wp\/v2\/media?parent=44297"}],"wp:term":[{"taxonomy":"product_brand","embeddable":true,"href":"https:\/\/troycity.net\/fr\/wp-json\/wp\/v2\/product_brand?post=44297"},{"taxonomy":"product_cat","embeddable":true,"href":"https:\/\/troycity.net\/fr\/wp-json\/wp\/v2\/product_cat?post=44297"},{"taxonomy":"product_tag","embeddable":true,"href":"https:\/\/troycity.net\/fr\/wp-json\/wp\/v2\/product_tag?post=44297"}],"curies":[{"name":"wp","href":"https:\/\/api.w.org\/{rel}","templated":true}]}}