{"id":44294,"date":"2025-02-05T17:17:41","date_gmt":"2025-02-12T13:38:57","guid":{"rendered":"https:\/\/troycity.net\/product\/cordes-en-polyester\/"},"modified":"2025-02-15T17:07:57","modified_gmt":"2025-02-15T15:07:57","slug":"cordes-en-polyester","status":"publish","type":"product","link":"https:\/\/troycity.net\/fr\/produit\/cordes-en-polyester\/","title":{"rendered":"Cordes en polyester"},"content":{"rendered":"","protected":false},"excerpt":{"rendered":"<p>Cordes en polyester : Ces cordes sont largement utilis\u00e9es dans les sports nautiques, les jardins, l&rsquo;agriculture, les transports, la navigation de plaisance et les applications marines. Il est important de noter que les cordes en polyester ne flottent pas. Les cordes en polypropyl\u00e8ne flottent tandis que les cordes en polyester et en nylon coulent. Les \u00e9leveurs d&rsquo;animaux, les \u00e9leveurs de chevaux et les dresseurs les utilisent \u00e9galement. Les cordes en polyester sont faciles \u00e0 \u00e9pisser avec des cosses en nylon, en acier inoxydable ou galvanis\u00e9es. La corde en polyester est l&rsquo;une des cordes les plus r\u00e9sistantes aux UV et est sup\u00e9rieure au nylon. La corde en polyester est presque aussi r\u00e9sistante que le nylon et constitue l&rsquo;une des cordes les plus r\u00e9sistantes disponibles. La corde de polyester \u00e0 double tresse est la plus solide, suivie de pr\u00e8s par la corde de polyester \u00e0 tresse pleine. L&rsquo;une des meilleures caract\u00e9ristiques du c\u00e2ble en polyester est qu&rsquo;il ne perd pas sa r\u00e9sistance lorsqu&rsquo;il est mouill\u00e9 et qu&rsquo;il a une tr\u00e8s longue dur\u00e9e de vie.<\/p>\n<p><strong>Veuillez s\u00e9lectionner la section et la longueur avant d&rsquo;ajouter au panier. Le prix est par m\u00e8tre. <\/strong><\/p>\n","protected":false},"featured_media":43957,"comment_status":"open","ping_status":"closed","template":"","meta":{"iawp_total_views":0},"product_brand":[],"product_cat":[7644],"product_tag":[],"class_list":{"0":"post-44294","1":"product","2":"type-product","3":"status-publish","4":"has-post-thumbnail","6":"product_cat-cordes-en-polyester","7":"post","8":"post-with-thumbnail","9":"post-with-thumbnail-large","11":"first","12":"instock","13":"sale","14":"taxable","15":"shipping-taxable","16":"purchasable","17":"product-type-variable"},"_links":{"self":[{"href":"https:\/\/troycity.net\/fr\/wp-json\/wp\/v2\/product\/44294","targetHints":{"allow":["GET"]}}],"collection":[{"href":"https:\/\/troycity.net\/fr\/wp-json\/wp\/v2\/product"}],"about":[{"href":"https:\/\/troycity.net\/fr\/wp-json\/wp\/v2\/types\/product"}],"replies":[{"embeddable":true,"href":"https:\/\/troycity.net\/fr\/wp-json\/wp\/v2\/comments?post=44294"}],"wp:featuredmedia":[{"embeddable":true,"href":"https:\/\/troycity.net\/fr\/wp-json\/wp\/v2\/media\/43957"}],"wp:attachment":[{"href":"https:\/\/troycity.net\/fr\/wp-json\/wp\/v2\/media?parent=44294"}],"wp:term":[{"taxonomy":"product_brand","embeddable":true,"href":"https:\/\/troycity.net\/fr\/wp-json\/wp\/v2\/product_brand?post=44294"},{"taxonomy":"product_cat","embeddable":true,"href":"https:\/\/troycity.net\/fr\/wp-json\/wp\/v2\/product_cat?post=44294"},{"taxonomy":"product_tag","embeddable":true,"href":"https:\/\/troycity.net\/fr\/wp-json\/wp\/v2\/product_tag?post=44294"}],"curies":[{"name":"wp","href":"https:\/\/api.w.org\/{rel}","templated":true}]}}