{"id":44273,"date":"2025-02-08T16:04:11","date_gmt":"2025-02-12T13:38:47","guid":{"rendered":"https:\/\/troycity.net\/product\/film-demballage-strech-ou-rouleau-folia\/"},"modified":"2025-02-12T15:38:47","modified_gmt":"2025-02-12T13:38:47","slug":"film-demballage-strech-ou-rouleau-folia","status":"publish","type":"product","link":"https:\/\/troycity.net\/fr\/produit\/film-demballage-strech-ou-rouleau-folia\/","title":{"rendered":"Film d&#8217;emballage Strech ou rouleau Folia"},"content":{"rendered":"","protected":false},"excerpt":{"rendered":"<p>Film d&#8217;emballage Strech ou rouleau Folia<\/p>\n<p>1- Palette Film \u00e9tirable \u00e0 la main <strong>17 Micron <\/strong>50 cm x 300 m 2 <strong>,660 kg<\/strong><\/p>\n<p>2- Palette Film \u00e9tirable \u00e0 la main<strong> 23 microns <\/strong>50 cm x 300 m 3 <strong>,620 kg<\/strong><\/p>\n<p>C&rsquo;est l&rsquo;un des mat\u00e9riaux d&#8217;emballage les plus appr\u00e9ci\u00e9s en raison de son co\u00fbt et de sa facilit\u00e9 d&rsquo;utilisation. Id\u00e9al pour les emballages \u00e0 grande \u00e9chelle. <\/p>\n<p><strong>Caract\u00e9ristiques des films Strech de 17 et 23 microns,<\/strong><\/p>\n<ul>\n<li>2,660 kg &#8211; 3,620 kg poids \u00e9tirables<\/li>\n<li>Poids de la bobine 300 gr<\/li>\n<li>Les deux ont une largeur de 50 cm et une longueur de 300 m.<\/li>\n<li>Epaisseurs 17 microns et 23 microns<\/li>\n<\/ul>\n","protected":false},"featured_media":44168,"comment_status":"open","ping_status":"closed","template":"","meta":{"iawp_total_views":0},"product_brand":[],"product_cat":[7633,7631],"product_tag":[],"class_list":{"0":"post-44273","1":"product","2":"type-product","3":"status-publish","4":"has-post-thumbnail","6":"product_cat-film-demballage-strech","7":"product_cat-films-demballage-en-plastique","8":"post","9":"post-with-thumbnail","10":"post-with-thumbnail-large","12":"first","13":"instock","14":"sale","15":"taxable","16":"shipping-taxable","17":"purchasable","18":"product-type-variable"},"_links":{"self":[{"href":"https:\/\/troycity.net\/fr\/wp-json\/wp\/v2\/product\/44273","targetHints":{"allow":["GET"]}}],"collection":[{"href":"https:\/\/troycity.net\/fr\/wp-json\/wp\/v2\/product"}],"about":[{"href":"https:\/\/troycity.net\/fr\/wp-json\/wp\/v2\/types\/product"}],"replies":[{"embeddable":true,"href":"https:\/\/troycity.net\/fr\/wp-json\/wp\/v2\/comments?post=44273"}],"wp:featuredmedia":[{"embeddable":true,"href":"https:\/\/troycity.net\/fr\/wp-json\/wp\/v2\/media\/44168"}],"wp:attachment":[{"href":"https:\/\/troycity.net\/fr\/wp-json\/wp\/v2\/media?parent=44273"}],"wp:term":[{"taxonomy":"product_brand","embeddable":true,"href":"https:\/\/troycity.net\/fr\/wp-json\/wp\/v2\/product_brand?post=44273"},{"taxonomy":"product_cat","embeddable":true,"href":"https:\/\/troycity.net\/fr\/wp-json\/wp\/v2\/product_cat?post=44273"},{"taxonomy":"product_tag","embeddable":true,"href":"https:\/\/troycity.net\/fr\/wp-json\/wp\/v2\/product_tag?post=44273"}],"curies":[{"name":"wp","href":"https:\/\/api.w.org\/{rel}","templated":true}]}}