{"id":44265,"date":"2025-02-07T17:45:10","date_gmt":"2025-02-12T13:38:42","guid":{"rendered":"https:\/\/troycity.net\/product\/corde-a-linge-pp\/"},"modified":"2025-02-15T17:33:44","modified_gmt":"2025-02-15T15:33:44","slug":"corde-a-linge-pp","status":"publish","type":"product","link":"https:\/\/troycity.net\/fr\/produit\/corde-a-linge-pp\/","title":{"rendered":"Corde \u00e0 linge PP"},"content":{"rendered":"","protected":false},"excerpt":{"rendered":"<p>PP Clotheslines,<\/p>\n<ul>\n<li>Il s&rsquo;agit de cordes solides en polypropl\u00e8ne (PP).<\/li>\n<li>100% Fibrill\u00e9<\/li>\n<li>Peut \u00e9galement \u00eatre utilis\u00e9 pour l&#8217;emballage<\/li>\n<\/ul>\n<p>Il est produit en 2 \u00e9paisseurs diff\u00e9rentes, mince (3,0 mm2) et \u00e9pais (3,5 mm2). Les longueurs sont \u00e9galement disponibles en 8, 10 et 20 m\u00e8tres. <strong>Vendu en pi\u00e8ces.<\/strong><\/p>\n<p>UNE COULEUR AL\u00c9ATOIRE SERA ENVOY\u00c9E, AU HASARD PARMI LES COULEURS ROUGE BLEU ORANGE VERT JAUNE BLANC<\/p>\n<p><strong>Veuillez s\u00e9lectionner les valeurs de la longueur et de la section transversale avant de les placer dans le panier.<\/strong><\/p>\n","protected":false},"featured_media":44082,"comment_status":"open","ping_status":"closed","template":"","meta":{"iawp_total_views":0},"product_brand":[],"product_cat":[7616,7614,7612],"product_tag":[],"class_list":{"0":"post-44265","1":"product","2":"type-product","3":"status-publish","4":"has-post-thumbnail","6":"product_cat-corde-a-linge","7":"product_cat-ficelles-demballage","8":"product_cat-pp-clotlines-fr","9":"post","10":"post-with-thumbnail","11":"post-with-thumbnail-large","13":"first","14":"instock","15":"sale","16":"taxable","17":"shipping-taxable","18":"purchasable","19":"product-type-variable"},"_links":{"self":[{"href":"https:\/\/troycity.net\/fr\/wp-json\/wp\/v2\/product\/44265","targetHints":{"allow":["GET"]}}],"collection":[{"href":"https:\/\/troycity.net\/fr\/wp-json\/wp\/v2\/product"}],"about":[{"href":"https:\/\/troycity.net\/fr\/wp-json\/wp\/v2\/types\/product"}],"replies":[{"embeddable":true,"href":"https:\/\/troycity.net\/fr\/wp-json\/wp\/v2\/comments?post=44265"}],"wp:featuredmedia":[{"embeddable":true,"href":"https:\/\/troycity.net\/fr\/wp-json\/wp\/v2\/media\/44082"}],"wp:attachment":[{"href":"https:\/\/troycity.net\/fr\/wp-json\/wp\/v2\/media?parent=44265"}],"wp:term":[{"taxonomy":"product_brand","embeddable":true,"href":"https:\/\/troycity.net\/fr\/wp-json\/wp\/v2\/product_brand?post=44265"},{"taxonomy":"product_cat","embeddable":true,"href":"https:\/\/troycity.net\/fr\/wp-json\/wp\/v2\/product_cat?post=44265"},{"taxonomy":"product_tag","embeddable":true,"href":"https:\/\/troycity.net\/fr\/wp-json\/wp\/v2\/product_tag?post=44265"}],"curies":[{"name":"wp","href":"https:\/\/api.w.org\/{rel}","templated":true}]}}