{"id":41191,"date":"2019-07-31T14:54:26","date_gmt":"2024-08-14T17:09:34","guid":{"rendered":"https:\/\/troycity.net\/product\/non class\u00e9\/sekerim-batik\/"},"modified":"2024-08-14T19:09:34","modified_gmt":"2024-08-14T17:09:34","slug":"sekerim-batik","status":"publish","type":"product","link":"https:\/\/troycity.net\/fr\/produit\/sekerim-batik\/","title":{"rendered":"SEKERIM BATIK"},"content":{"rendered":"","protected":false},"excerpt":{"rendered":"<ul>\n<li>Sekerim Bebe Batik Colorful Acrylic Baby Yarn, 100% Acrylique<\/li>\n<li>100 grammes &#8211; 320 m par balle, le prix est par balle et la TVA est incluse.<\/li>\n<li>Taille de l&rsquo;aiguille \u00e0 tricoter ; 3 &#8211; 4 mm, Taille du crochet ; 2 &#8211; 4mm<\/li>\n<li><label>Saisons ;<\/label> automne, hiver<\/li>\n<li>Un bon choix pour les v\u00eatements de b\u00e9b\u00e9, les couvertures de b\u00e9b\u00e9 et les amigurumi.<\/li>\n<\/ul>\n","protected":false},"featured_media":41192,"comment_status":"open","ping_status":"closed","template":"","meta":{"iawp_total_views":0},"product_brand":[],"product_cat":[6543,6845],"product_tag":[7032],"class_list":{"0":"post-41191","1":"product","2":"type-product","3":"status-publish","4":"has-post-thumbnail","6":"product_cat-fils-dhiver","7":"product_cat-fils-pour-bebes","8":"product_tag-amigurumi-fr","9":"post","10":"post-with-thumbnail","11":"post-with-thumbnail-large","13":"first","14":"instock","15":"sale","16":"taxable","17":"shipping-taxable","18":"purchasable","19":"product-type-variable"},"_links":{"self":[{"href":"https:\/\/troycity.net\/fr\/wp-json\/wp\/v2\/product\/41191","targetHints":{"allow":["GET"]}}],"collection":[{"href":"https:\/\/troycity.net\/fr\/wp-json\/wp\/v2\/product"}],"about":[{"href":"https:\/\/troycity.net\/fr\/wp-json\/wp\/v2\/types\/product"}],"replies":[{"embeddable":true,"href":"https:\/\/troycity.net\/fr\/wp-json\/wp\/v2\/comments?post=41191"}],"wp:featuredmedia":[{"embeddable":true,"href":"https:\/\/troycity.net\/fr\/wp-json\/wp\/v2\/media\/41192"}],"wp:attachment":[{"href":"https:\/\/troycity.net\/fr\/wp-json\/wp\/v2\/media?parent=41191"}],"wp:term":[{"taxonomy":"product_brand","embeddable":true,"href":"https:\/\/troycity.net\/fr\/wp-json\/wp\/v2\/product_brand?post=41191"},{"taxonomy":"product_cat","embeddable":true,"href":"https:\/\/troycity.net\/fr\/wp-json\/wp\/v2\/product_cat?post=41191"},{"taxonomy":"product_tag","embeddable":true,"href":"https:\/\/troycity.net\/fr\/wp-json\/wp\/v2\/product_tag?post=41191"}],"curies":[{"name":"wp","href":"https:\/\/api.w.org\/{rel}","templated":true}]}}