{"id":40749,"date":"2024-06-11T15:45:19","date_gmt":"2024-08-14T15:18:25","guid":{"rendered":"https:\/\/troycity.net\/product\/non%20class\u00e9\/velluto\/"},"modified":"2024-09-13T00:41:49","modified_gmt":"2024-09-12T22:41:49","slug":"velluto","status":"publish","type":"product","link":"https:\/\/troycity.net\/fr\/produit\/velluto\/","title":{"rendered":"VELLUTO"},"content":{"rendered":"","protected":false},"excerpt":{"rendered":"<ul>\n<li>Alize Velluto, %100 Micropolyester fil tr\u00e8s doux et velout\u00e9<\/li>\n<li>100 grammes &#8211; 68 m\u00e8tres par balle,<\/li>\n<li>Taille de l&rsquo;aiguille \u00e0 tricoter ; 8 &#8211; 9mm<\/li>\n<li>Taille du crochet ; 8 &#8211; 10mm<\/li>\n<li><label>Saisons ;<\/label> automne et hiver<\/li>\n<li>Le prix est par balle et la TVA est incluse.<\/li>\n<\/ul>\n<p>Fil de haute qualit\u00e9, \u00e9galement adapt\u00e9 aux b\u00e9b\u00e9s et aux enfants. En raison de sa tr\u00e8s grande douceur, nous le recommandons pour toutes sortes de v\u00eatements, couvertures, \u00e9charpes, bonnets, bottes, chaussons, jouets et v\u00eatements pour b\u00e9b\u00e9s. Il convient \u00e0 tous les produits tricot\u00e9s \u00e0 la main. Il peut \u00eatre lav\u00e9 \u00e0 30 degr\u00e9s dans la machine \u00e0 laver, droit ou \u00e0 plat.<\/p>\n","protected":false},"featured_media":40750,"comment_status":"open","ping_status":"closed","template":"","meta":{"iawp_total_views":0},"product_brand":[],"product_cat":[6845],"product_tag":[6546,6847,6846],"class_list":{"0":"post-40749","1":"product","2":"type-product","3":"status-publish","4":"has-post-thumbnail","6":"product_cat-fils-pour-bebes","7":"product_tag-alize-fr-2-fr","8":"product_tag-ete","9":"product_tag-merceriser","10":"post","11":"post-with-thumbnail","12":"post-with-thumbnail-large","14":"first","15":"instock","16":"sale","17":"taxable","18":"shipping-taxable","19":"purchasable","20":"product-type-variable"},"_links":{"self":[{"href":"https:\/\/troycity.net\/fr\/wp-json\/wp\/v2\/product\/40749","targetHints":{"allow":["GET"]}}],"collection":[{"href":"https:\/\/troycity.net\/fr\/wp-json\/wp\/v2\/product"}],"about":[{"href":"https:\/\/troycity.net\/fr\/wp-json\/wp\/v2\/types\/product"}],"replies":[{"embeddable":true,"href":"https:\/\/troycity.net\/fr\/wp-json\/wp\/v2\/comments?post=40749"}],"wp:featuredmedia":[{"embeddable":true,"href":"https:\/\/troycity.net\/fr\/wp-json\/wp\/v2\/media\/40750"}],"wp:attachment":[{"href":"https:\/\/troycity.net\/fr\/wp-json\/wp\/v2\/media?parent=40749"}],"wp:term":[{"taxonomy":"product_brand","embeddable":true,"href":"https:\/\/troycity.net\/fr\/wp-json\/wp\/v2\/product_brand?post=40749"},{"taxonomy":"product_cat","embeddable":true,"href":"https:\/\/troycity.net\/fr\/wp-json\/wp\/v2\/product_cat?post=40749"},{"taxonomy":"product_tag","embeddable":true,"href":"https:\/\/troycity.net\/fr\/wp-json\/wp\/v2\/product_tag?post=40749"}],"curies":[{"name":"wp","href":"https:\/\/api.w.org\/{rel}","templated":true}]}}