{"id":40447,"date":"2024-06-21T11:53:26","date_gmt":"2024-08-14T14:43:16","guid":{"rendered":"https:\/\/troycity.net\/product\/non%20class\u00e9\/puffy\/"},"modified":"2024-09-13T01:15:22","modified_gmt":"2024-09-12T23:15:22","slug":"puffy","status":"publish","type":"product","link":"https:\/\/troycity.net\/fr\/produit\/puffy\/","title":{"rendered":"PUFFY"},"content":{"rendered":"<p>Mise en \u0153uvre du tricotage \u00e0 la main<\/p>\n<p><a href=\"\">: https:\/\/www.youtube.com\/watch?v=ADor5zGJ-jA<\/a><\/p>\n","protected":false},"excerpt":{"rendered":"<ul class=\"a-unordered-list a-vertical a-spacing-mini\">\n<li class=\"a-spacing-mini\">Alize Puffy, 100% Micropolyester, fil doux \u00e0 tricoter \u00e0 la main. Il s&rsquo;agit d&rsquo;une innovation brevet\u00e9e dans le monde entier. Il est le premier au monde.<\/li>\n<li class=\"a-spacing-mini\"><span class=\"a-list-item\">Chaque balle Poids : 100 g (3.5 oz) Longueur : 9.2 m\u00e8tres environ. (9,8 yards), super \u00e9pais.<\/span><\/li>\n<li>Pas besoin de crochet ni d&rsquo;aiguille. Vous tricotez simplement avec vos doigts. Un tricot tr\u00e8s facile et plus rapide que le tricot traditionnel. Il existe de nombreuses vid\u00e9os sur YouTube.<\/li>\n<li>Une grande couverture peut \u00eatre r\u00e9alis\u00e9e en quelques heures. Parfait pour les couvertures, les oreillers, les \u00e9charpes, les chapeaux, les sacs, les cardigans, les vestes, les chemisiers, les jouets pour b\u00e9b\u00e9s et bien plus encore.<\/li>\n<li>Saisons : Automne\/Hiver.<\/li>\n<li>Laver \u00e0 la main \u00e0 40\u00b0C, ne pas blanchir, repasser \u00e0 basse temp\u00e9rature de pr\u00e9f\u00e9rence sans vapeur, ne pas mettre au s\u00e8che-linge.<\/li>\n<\/ul>\n","protected":false},"featured_media":40448,"comment_status":"open","ping_status":"closed","template":"","meta":{"iawp_total_views":0},"product_brand":[],"product_cat":[6543],"product_tag":[6546,6770,6732],"class_list":{"0":"post-40447","1":"product","2":"type-product","3":"status-publish","4":"has-post-thumbnail","6":"product_cat-fils-dhiver","7":"product_tag-alize-fr-2-fr","8":"product_tag-epais","9":"product_tag-tricote-a-la-main","10":"post","11":"post-with-thumbnail","12":"post-with-thumbnail-large","14":"first","15":"instock","16":"sale","17":"taxable","18":"shipping-taxable","19":"purchasable","20":"product-type-variable","21":"has-default-attributes"},"_links":{"self":[{"href":"https:\/\/troycity.net\/fr\/wp-json\/wp\/v2\/product\/40447","targetHints":{"allow":["GET"]}}],"collection":[{"href":"https:\/\/troycity.net\/fr\/wp-json\/wp\/v2\/product"}],"about":[{"href":"https:\/\/troycity.net\/fr\/wp-json\/wp\/v2\/types\/product"}],"replies":[{"embeddable":true,"href":"https:\/\/troycity.net\/fr\/wp-json\/wp\/v2\/comments?post=40447"}],"wp:featuredmedia":[{"embeddable":true,"href":"https:\/\/troycity.net\/fr\/wp-json\/wp\/v2\/media\/40448"}],"wp:attachment":[{"href":"https:\/\/troycity.net\/fr\/wp-json\/wp\/v2\/media?parent=40447"}],"wp:term":[{"taxonomy":"product_brand","embeddable":true,"href":"https:\/\/troycity.net\/fr\/wp-json\/wp\/v2\/product_brand?post=40447"},{"taxonomy":"product_cat","embeddable":true,"href":"https:\/\/troycity.net\/fr\/wp-json\/wp\/v2\/product_cat?post=40447"},{"taxonomy":"product_tag","embeddable":true,"href":"https:\/\/troycity.net\/fr\/wp-json\/wp\/v2\/product_tag?post=40447"}],"curies":[{"name":"wp","href":"https:\/\/api.w.org\/{rel}","templated":true}]}}