{"id":40300,"date":"2024-06-22T14:14:47","date_gmt":"2024-08-14T14:36:53","guid":{"rendered":"https:\/\/troycity.net\/product\/non%20class\u00e9\/puffy-fine\/"},"modified":"2024-08-14T16:37:35","modified_gmt":"2024-08-14T14:37:35","slug":"puffy-fine","status":"publish","type":"product","link":"https:\/\/troycity.net\/fr\/produit\/puffy-fine\/","title":{"rendered":"PUFFY FINE"},"content":{"rendered":"","protected":false},"excerpt":{"rendered":"<p>Puffy Fine; <\/p>\n<ul>\n<li><span class=\"a-list-item\">100% Micropolyester, fil Alize doux tricot\u00e9 \u00e0 la main. Il s&rsquo;agit d&rsquo;une innovation brevet\u00e9e presque partout dans le monde. Premier au monde !<\/span><\/li>\n<li>Poids de la balle : 100 grammes (3,53 onces) et longueur : 14 m\u00e8tres (15 yards), super \u00e9pais.<\/li>\n<li>Pas besoin de crochet ni d&rsquo;aiguille. Vous tricotez simplement avec vos doigts. Un tricot tr\u00e8s facile et plus rapide que le tricot traditionnel.<\/li>\n<li>Saisons : Automne\/Hiver.<\/li>\n<li>Laver \u00e0 la main \u00e0 40\u00b0C, ne pas blanchir, repasser \u00e0 basse temp\u00e9rature de pr\u00e9f\u00e9rence sans vapeur, ne pas mettre au s\u00e8che-linge.<\/li>\n<\/ul>\n","protected":false},"featured_media":40301,"comment_status":"open","ping_status":"closed","template":"","meta":{"iawp_total_views":0},"product_brand":[],"product_cat":[6543],"product_tag":[6546,6770,6732],"class_list":{"0":"post-40300","1":"product","2":"type-product","3":"status-publish","4":"has-post-thumbnail","6":"product_cat-fils-dhiver","7":"product_tag-alize-fr-2-fr","8":"product_tag-epais","9":"product_tag-tricote-a-la-main","10":"post","11":"post-with-thumbnail","12":"post-with-thumbnail-large","14":"first","15":"instock","16":"sale","17":"taxable","18":"shipping-taxable","19":"purchasable","20":"product-type-variable","21":"has-default-attributes"},"_links":{"self":[{"href":"https:\/\/troycity.net\/fr\/wp-json\/wp\/v2\/product\/40300","targetHints":{"allow":["GET"]}}],"collection":[{"href":"https:\/\/troycity.net\/fr\/wp-json\/wp\/v2\/product"}],"about":[{"href":"https:\/\/troycity.net\/fr\/wp-json\/wp\/v2\/types\/product"}],"replies":[{"embeddable":true,"href":"https:\/\/troycity.net\/fr\/wp-json\/wp\/v2\/comments?post=40300"}],"wp:featuredmedia":[{"embeddable":true,"href":"https:\/\/troycity.net\/fr\/wp-json\/wp\/v2\/media\/40301"}],"wp:attachment":[{"href":"https:\/\/troycity.net\/fr\/wp-json\/wp\/v2\/media?parent=40300"}],"wp:term":[{"taxonomy":"product_brand","embeddable":true,"href":"https:\/\/troycity.net\/fr\/wp-json\/wp\/v2\/product_brand?post=40300"},{"taxonomy":"product_cat","embeddable":true,"href":"https:\/\/troycity.net\/fr\/wp-json\/wp\/v2\/product_cat?post=40300"},{"taxonomy":"product_tag","embeddable":true,"href":"https:\/\/troycity.net\/fr\/wp-json\/wp\/v2\/product_tag?post=40300"}],"curies":[{"name":"wp","href":"https:\/\/api.w.org\/{rel}","templated":true}]}}