{"id":40237,"date":"2024-06-24T12:49:10","date_gmt":"2024-08-14T14:28:44","guid":{"rendered":"https:\/\/troycity.net\/product\/non%20class\u00e9\/puffy-color\/"},"modified":"2024-08-14T16:32:22","modified_gmt":"2024-08-14T14:32:22","slug":"puffy-color","status":"publish","type":"product","link":"https:\/\/troycity.net\/fr\/produit\/puffy-color\/","title":{"rendered":"PUFFY COLOR"},"content":{"rendered":"","protected":false},"excerpt":{"rendered":"<ul class=\"a-unordered-list a-vertical a-spacing-mini\">\n<li class=\"a-spacing-mini\"><span class=\"a-list-item\">100% Micropolyester, fil Alize doux tricot\u00e9 \u00e0 la main. Il s&rsquo;agit d&rsquo;une innovation brevet\u00e9e presque partout dans le monde. Premier au monde !<\/span><\/li>\n<li class=\"a-spacing-mini\"><span class=\"a-list-item\">Chaque balle Poids : 100 g (3.5 oz) Longueur : 9.2 m\u00e8tres environ. (9,8 yards), super \u00e9pais.<\/span><\/li>\n<li>Pas besoin de crochet ni d&rsquo;aiguille. Vous tricotez simplement avec vos doigts. Un tricot tr\u00e8s facile et plus rapide que le tricot traditionnel.<\/li>\n<li>Une grande couverture peut \u00eatre r\u00e9alis\u00e9e en quelques heures. Parfait pour les couvertures, les oreillers, les \u00e9charpes, les chapeaux, les sacs, les cardigans, les chemisiers, les vestes, les jouets pour b\u00e9b\u00e9s et bien plus encore.<\/li>\n<li>Saisons : Automne\/Hiver.<\/li>\n<li>Laver \u00e0 la main \u00e0 40\u00b0C, ne pas blanchir, repasser \u00e0 basse temp\u00e9rature de pr\u00e9f\u00e9rence sans vapeur, ne pas mettre au s\u00e8che-linge.<\/li>\n<\/ul>\n","protected":false},"featured_media":40238,"comment_status":"open","ping_status":"closed","template":"","meta":{"iawp_total_views":0},"product_brand":[],"product_cat":[6543],"product_tag":[],"class_list":{"0":"post-40237","1":"product","2":"type-product","3":"status-publish","4":"has-post-thumbnail","6":"product_cat-fils-dhiver","7":"post","8":"post-with-thumbnail","9":"post-with-thumbnail-large","11":"first","12":"instock","13":"sale","14":"taxable","15":"shipping-taxable","16":"purchasable","17":"product-type-variable"},"_links":{"self":[{"href":"https:\/\/troycity.net\/fr\/wp-json\/wp\/v2\/product\/40237","targetHints":{"allow":["GET"]}}],"collection":[{"href":"https:\/\/troycity.net\/fr\/wp-json\/wp\/v2\/product"}],"about":[{"href":"https:\/\/troycity.net\/fr\/wp-json\/wp\/v2\/types\/product"}],"replies":[{"embeddable":true,"href":"https:\/\/troycity.net\/fr\/wp-json\/wp\/v2\/comments?post=40237"}],"wp:featuredmedia":[{"embeddable":true,"href":"https:\/\/troycity.net\/fr\/wp-json\/wp\/v2\/media\/40238"}],"wp:attachment":[{"href":"https:\/\/troycity.net\/fr\/wp-json\/wp\/v2\/media?parent=40237"}],"wp:term":[{"taxonomy":"product_brand","embeddable":true,"href":"https:\/\/troycity.net\/fr\/wp-json\/wp\/v2\/product_brand?post=40237"},{"taxonomy":"product_cat","embeddable":true,"href":"https:\/\/troycity.net\/fr\/wp-json\/wp\/v2\/product_cat?post=40237"},{"taxonomy":"product_tag","embeddable":true,"href":"https:\/\/troycity.net\/fr\/wp-json\/wp\/v2\/product_tag?post=40237"}],"curies":[{"name":"wp","href":"https:\/\/api.w.org\/{rel}","templated":true}]}}