{"id":40189,"date":"2024-06-25T17:31:27","date_gmt":"2024-08-14T14:25:30","guid":{"rendered":"https:\/\/troycity.net\/product\/non%20class\u00e9\/puffy-fine-color\/"},"modified":"2024-08-14T16:26:11","modified_gmt":"2024-08-14T14:26:11","slug":"puffy-fine-color","status":"publish","type":"product","link":"https:\/\/troycity.net\/fr\/produit\/puffy-fine-color\/","title":{"rendered":"PUFFY FINE COLOR"},"content":{"rendered":"","protected":false},"excerpt":{"rendered":"<p>Puffy Fine Color; <\/p>\n<ul>\n<li><span class=\"a-list-item\">100% Micropolyester, fil Alize doux tricot\u00e9 \u00e0 la main. Il s&rsquo;agit d&rsquo;une innovation brevet\u00e9e presque partout dans le monde. Premier au monde !<\/span><\/li>\n<li>Poids de la balle : 100 grammes (3,53 onces) et longueur : 14 m\u00e8tres (15 yards), super \u00e9pais.<\/li>\n<li>Pas besoin de crochet ni d&rsquo;aiguille. Vous tricotez simplement avec vos doigts. Un tricot tr\u00e8s facile et plus rapide que le tricot traditionnel.<\/li>\n<li>Saisons : Automne\/Hiver.<\/li>\n<li>Laver \u00e0 la main \u00e0 40\u00b0C, ne pas blanchir, repasser \u00e0 basse temp\u00e9rature de pr\u00e9f\u00e9rence sans vapeur, ne pas mettre au s\u00e8che-linge.<\/li>\n<\/ul>\n","protected":false},"featured_media":40190,"comment_status":"open","ping_status":"closed","template":"","meta":{"iawp_total_views":0},"product_brand":[],"product_cat":[6543],"product_tag":[],"class_list":{"0":"post-40189","1":"product","2":"type-product","3":"status-publish","4":"has-post-thumbnail","6":"product_cat-fils-dhiver","7":"post","8":"post-with-thumbnail","9":"post-with-thumbnail-large","11":"first","12":"instock","13":"sale","14":"taxable","15":"shipping-taxable","16":"purchasable","17":"product-type-variable"},"_links":{"self":[{"href":"https:\/\/troycity.net\/fr\/wp-json\/wp\/v2\/product\/40189","targetHints":{"allow":["GET"]}}],"collection":[{"href":"https:\/\/troycity.net\/fr\/wp-json\/wp\/v2\/product"}],"about":[{"href":"https:\/\/troycity.net\/fr\/wp-json\/wp\/v2\/types\/product"}],"replies":[{"embeddable":true,"href":"https:\/\/troycity.net\/fr\/wp-json\/wp\/v2\/comments?post=40189"}],"wp:featuredmedia":[{"embeddable":true,"href":"https:\/\/troycity.net\/fr\/wp-json\/wp\/v2\/media\/40190"}],"wp:attachment":[{"href":"https:\/\/troycity.net\/fr\/wp-json\/wp\/v2\/media?parent=40189"}],"wp:term":[{"taxonomy":"product_brand","embeddable":true,"href":"https:\/\/troycity.net\/fr\/wp-json\/wp\/v2\/product_brand?post=40189"},{"taxonomy":"product_cat","embeddable":true,"href":"https:\/\/troycity.net\/fr\/wp-json\/wp\/v2\/product_cat?post=40189"},{"taxonomy":"product_tag","embeddable":true,"href":"https:\/\/troycity.net\/fr\/wp-json\/wp\/v2\/product_tag?post=40189"}],"curies":[{"name":"wp","href":"https:\/\/api.w.org\/{rel}","templated":true}]}}