{"id":40095,"date":"2024-06-25T17:43:22","date_gmt":"2024-08-14T14:21:41","guid":{"rendered":"https:\/\/troycity.net\/product\/non%20class\u00e9\/puffy-more\/"},"modified":"2024-08-14T16:22:27","modified_gmt":"2024-08-14T14:22:27","slug":"puffy-more","status":"publish","type":"product","link":"https:\/\/troycity.net\/fr\/produit\/puffy-more\/","title":{"rendered":"PUFFY MORE"},"content":{"rendered":"","protected":false},"excerpt":{"rendered":"<ul>\n<li>1 balle 150 gr &#8211; 11, 5 m\u00e8tres, %100 Micropolyester. Il a une texture tr\u00e8s sp\u00e9ciale comme le daim. <\/li>\n<li>Fil \u00e0 tricoter \u00e0 la main et peut \u00eatre travaill\u00e9 sans aiguille ni crochet. Conception ALIZE et brevet\u00e9e en premi\u00e8re mondiale. <\/li>\n<li>Alize Puffy More est un fil bicolore. Il s&rsquo;agit \u00e9galement d&rsquo;un fil \u00e0 double brin qui est produit pour cr\u00e9er un motif color\u00e9 double face. Il s&rsquo;agit actuellement d&rsquo;un produit unique.  <\/li>\n<li>Seasons: Autumn\/Winter.<\/li>\n<li>Laver \u00e0 la main \u00e0 40\u00b0C, ne pas blanchir, repasser \u00e0 basse temp\u00e9rature de pr\u00e9f\u00e9rence sans vapeur, ne pas mettre au s\u00e8che-linge.<\/li>\n<\/ul>\n","protected":false},"featured_media":40096,"comment_status":"open","ping_status":"closed","template":"","meta":{"iawp_total_views":0},"product_brand":[],"product_cat":[6543],"product_tag":[],"class_list":{"0":"post-40095","1":"product","2":"type-product","3":"status-publish","4":"has-post-thumbnail","6":"product_cat-fils-dhiver","7":"post","8":"post-with-thumbnail","9":"post-with-thumbnail-large","11":"first","12":"instock","13":"sale","14":"taxable","15":"shipping-taxable","16":"purchasable","17":"product-type-variable"},"_links":{"self":[{"href":"https:\/\/troycity.net\/fr\/wp-json\/wp\/v2\/product\/40095","targetHints":{"allow":["GET"]}}],"collection":[{"href":"https:\/\/troycity.net\/fr\/wp-json\/wp\/v2\/product"}],"about":[{"href":"https:\/\/troycity.net\/fr\/wp-json\/wp\/v2\/types\/product"}],"replies":[{"embeddable":true,"href":"https:\/\/troycity.net\/fr\/wp-json\/wp\/v2\/comments?post=40095"}],"wp:featuredmedia":[{"embeddable":true,"href":"https:\/\/troycity.net\/fr\/wp-json\/wp\/v2\/media\/40096"}],"wp:attachment":[{"href":"https:\/\/troycity.net\/fr\/wp-json\/wp\/v2\/media?parent=40095"}],"wp:term":[{"taxonomy":"product_brand","embeddable":true,"href":"https:\/\/troycity.net\/fr\/wp-json\/wp\/v2\/product_brand?post=40095"},{"taxonomy":"product_cat","embeddable":true,"href":"https:\/\/troycity.net\/fr\/wp-json\/wp\/v2\/product_cat?post=40095"},{"taxonomy":"product_tag","embeddable":true,"href":"https:\/\/troycity.net\/fr\/wp-json\/wp\/v2\/product_tag?post=40095"}],"curies":[{"name":"wp","href":"https:\/\/api.w.org\/{rel}","templated":true}]}}