{"id":40015,"date":"2024-07-11T13:58:47","date_gmt":"2024-08-14T14:17:02","guid":{"rendered":"https:\/\/troycity.net\/product\/non%20class\u00e9\/superlana-maxi\/"},"modified":"2024-09-13T23:29:19","modified_gmt":"2024-09-13T21:29:19","slug":"superlana-maxi","status":"publish","type":"product","link":"https:\/\/troycity.net\/fr\/produit\/superlana-maxi\/","title":{"rendered":"SUPERLANA MAXI"},"content":{"rendered":"","protected":false},"excerpt":{"rendered":"<ul>\n<li>Alize Super Lana Maxi, 25% laine, 75% acrylique fil<\/li>\n<li>100 grammes &#8211; 100 m\u00e8tres par balle, le prix est par balle et la TVA est incluse.<\/li>\n<li>Taille de l&rsquo;aiguille \u00e0 tricoter ; 8 &#8211; 10 mm<\/li>\n<li>Taille du crochet : 5 &#8211; 7 mm<\/li>\n<li><label>Saisons ;<\/label> automne, hiver<\/li>\n<li>Fil \u00e9pais pour le tricotage \u00e0 la main, il convient pour tricoter des pulls, des cardigans, des gilets, des chandails, des accessoires, des \u00e9charpes, des ch\u00e2les et bien d&rsquo;autres choses encore.<\/li>\n<\/ul>\n","protected":false},"featured_media":40016,"comment_status":"open","ping_status":"closed","template":"","meta":{"iawp_total_views":1},"product_brand":[],"product_cat":[6543],"product_tag":[6544,6563,6545,6562],"class_list":{"0":"post-40015","1":"product","2":"type-product","3":"status-publish","4":"has-post-thumbnail","6":"product_cat-fils-dhiver","7":"product_tag-acrylique","8":"product_tag-automne","9":"product_tag-lhiver","10":"product_tag-laine","11":"post","12":"post-with-thumbnail","13":"post-with-thumbnail-large","15":"first","16":"instock","17":"sale","18":"taxable","19":"shipping-taxable","20":"purchasable","21":"product-type-variable","22":"has-default-attributes"},"_links":{"self":[{"href":"https:\/\/troycity.net\/fr\/wp-json\/wp\/v2\/product\/40015","targetHints":{"allow":["GET"]}}],"collection":[{"href":"https:\/\/troycity.net\/fr\/wp-json\/wp\/v2\/product"}],"about":[{"href":"https:\/\/troycity.net\/fr\/wp-json\/wp\/v2\/types\/product"}],"replies":[{"embeddable":true,"href":"https:\/\/troycity.net\/fr\/wp-json\/wp\/v2\/comments?post=40015"}],"wp:featuredmedia":[{"embeddable":true,"href":"https:\/\/troycity.net\/fr\/wp-json\/wp\/v2\/media\/40016"}],"wp:attachment":[{"href":"https:\/\/troycity.net\/fr\/wp-json\/wp\/v2\/media?parent=40015"}],"wp:term":[{"taxonomy":"product_brand","embeddable":true,"href":"https:\/\/troycity.net\/fr\/wp-json\/wp\/v2\/product_brand?post=40015"},{"taxonomy":"product_cat","embeddable":true,"href":"https:\/\/troycity.net\/fr\/wp-json\/wp\/v2\/product_cat?post=40015"},{"taxonomy":"product_tag","embeddable":true,"href":"https:\/\/troycity.net\/fr\/wp-json\/wp\/v2\/product_tag?post=40015"}],"curies":[{"name":"wp","href":"https:\/\/api.w.org\/{rel}","templated":true}]}}