{"id":39900,"date":"2024-07-18T21:22:09","date_gmt":"2024-08-14T14:10:24","guid":{"rendered":"https:\/\/troycity.net\/product\/non%20class\u00e9\/angora-gold-batik\/"},"modified":"2024-09-13T23:26:09","modified_gmt":"2024-09-13T21:26:09","slug":"angora-gold-batik","status":"publish","type":"product","link":"https:\/\/troycity.net\/fr\/produit\/angora-gold-batik\/","title":{"rendered":"ANGORA GOLD BATIK"},"content":{"rendered":"","protected":false},"excerpt":{"rendered":"<ul>\n<li>Angora Gold Batik, 20 % laine, 80 % acrylique fil<\/li>\n<li>100 grammes &#8211; 550 m\u00e8tres par balle, le prix est par balle et la TVA est incluse.<\/li>\n<li>Taille de l&rsquo;aiguille \u00e0 tricoter ; 3 &#8211; 6 mm<\/li>\n<li>Taille du crochet : 2 &#8211; 4 mm<\/li>\n<li><label>Saisons ;<\/label> automne, hiver<\/li>\n<li>Il peut \u00eatre utilis\u00e9 pour diff\u00e9rents types de projets tels que les ch\u00e2les, les pulls, les gilets, les robes, les cardigans, etc.<\/li>\n<\/ul>\n","protected":false},"featured_media":39901,"comment_status":"open","ping_status":"closed","template":"","meta":{"iawp_total_views":1},"product_brand":[],"product_cat":[6543],"product_tag":[6544,6563,6545,6562],"class_list":{"0":"post-39900","1":"product","2":"type-product","3":"status-publish","4":"has-post-thumbnail","6":"product_cat-fils-dhiver","7":"product_tag-acrylique","8":"product_tag-automne","9":"product_tag-lhiver","10":"product_tag-laine","11":"post","12":"post-with-thumbnail","13":"post-with-thumbnail-large","15":"first","16":"instock","17":"sale","18":"taxable","19":"shipping-taxable","20":"purchasable","21":"product-type-variable"},"_links":{"self":[{"href":"https:\/\/troycity.net\/fr\/wp-json\/wp\/v2\/product\/39900","targetHints":{"allow":["GET"]}}],"collection":[{"href":"https:\/\/troycity.net\/fr\/wp-json\/wp\/v2\/product"}],"about":[{"href":"https:\/\/troycity.net\/fr\/wp-json\/wp\/v2\/types\/product"}],"replies":[{"embeddable":true,"href":"https:\/\/troycity.net\/fr\/wp-json\/wp\/v2\/comments?post=39900"}],"wp:featuredmedia":[{"embeddable":true,"href":"https:\/\/troycity.net\/fr\/wp-json\/wp\/v2\/media\/39901"}],"wp:attachment":[{"href":"https:\/\/troycity.net\/fr\/wp-json\/wp\/v2\/media?parent=39900"}],"wp:term":[{"taxonomy":"product_brand","embeddable":true,"href":"https:\/\/troycity.net\/fr\/wp-json\/wp\/v2\/product_brand?post=39900"},{"taxonomy":"product_cat","embeddable":true,"href":"https:\/\/troycity.net\/fr\/wp-json\/wp\/v2\/product_cat?post=39900"},{"taxonomy":"product_tag","embeddable":true,"href":"https:\/\/troycity.net\/fr\/wp-json\/wp\/v2\/product_tag?post=39900"}],"curies":[{"name":"wp","href":"https:\/\/api.w.org\/{rel}","templated":true}]}}