{"id":39865,"date":"2024-07-23T15:37:37","date_gmt":"2024-08-14T14:07:12","guid":{"rendered":"https:\/\/troycity.net\/product\/non class\u00e9\/bella-ombre-batik\/"},"modified":"2024-08-14T16:07:12","modified_gmt":"2024-08-14T14:07:12","slug":"bella-ombre-batik","status":"publish","type":"product","link":"https:\/\/troycity.net\/fr\/produit\/bella-ombre-batik\/","title":{"rendered":"BELLA OMBRE BATIK"},"content":{"rendered":"","protected":false},"excerpt":{"rendered":"<ul>\n<li>100% coton<\/li>\n<li>1 Gros \u00e9cheveau = 899,8 m\u00e8tres, 250 grammes<\/li>\n<li>Taille de l&rsquo;aiguille \u00e0 tricoter ; 2 &#8211; 4 mm, Taille du crochet ; 1 &#8211; 3 mm<\/li>\n<li><label>Saisons ;<\/label> printemps, \u00e9t\u00e9<\/li>\n<li>Lavable \u00e0 la main \u00e0 30\u00b0C ou 86\u00b0F, s\u00e9cher \u00e0 plat et nettoyer, ne pas blanchir, ne pas repasser<\/li>\n<li>Le prix est par balle et la TVA est incluse.<\/li>\n<\/ul>\n<p><strong>Couleurs des fils<\/strong> Batik <strong>Alize<\/strong> Bella Ombre <strong>;<\/strong> Les fils Batik Alize Bella Ombre sont une s\u00e9rie de produits qui attirent l&rsquo;attention par leurs transitions de couleurs et leur facilit\u00e9 d&rsquo;utilisation. Il offre des options de couleurs telles que le violet, le bordeaux, le rose, le bleu, le jaune, le color\u00e9, le rouge, le lilas, le saumon, le vert \u00e9meraude, la cr\u00e8me, la poudre et les tons verts. Il s&rsquo;agit d&rsquo;un fil appartenant \u00e0 la collection de la saison estivale. <strong>Que tricoter avec le fil Alize Bella Ombre Batik ?<\/strong> Les cordes \u00e0 tricoter \u00e0 la main Alize Bella Ombre Batik sont constitu\u00e9es de boules dans lesquelles les couleurs se fondent les unes dans les autres de mani\u00e8re douce et harmonieuse. Les projets de tricot sont plus agr\u00e9ables gr\u00e2ce \u00e0 la beaut\u00e9 des transitions de couleurs. Gilets, cardigans, b\u00e9rets, pulls et couvertures peuvent \u00eatre tricot\u00e9s avec les fils \u00e0 tricoter \u00e0 la main Alize Bella Ombre Batik. <\/p>\n","protected":false},"featured_media":39866,"comment_status":"open","ping_status":"closed","template":"","meta":{"iawp_total_views":7},"product_brand":[],"product_cat":[6585],"product_tag":[],"class_list":{"0":"post-39865","1":"product","2":"type-product","3":"status-publish","4":"has-post-thumbnail","6":"product_cat-fils-dete","7":"post","8":"post-with-thumbnail","9":"post-with-thumbnail-large","11":"first","12":"instock","13":"sale","14":"taxable","15":"shipping-taxable","16":"purchasable","17":"product-type-variable"},"_links":{"self":[{"href":"https:\/\/troycity.net\/fr\/wp-json\/wp\/v2\/product\/39865","targetHints":{"allow":["GET"]}}],"collection":[{"href":"https:\/\/troycity.net\/fr\/wp-json\/wp\/v2\/product"}],"about":[{"href":"https:\/\/troycity.net\/fr\/wp-json\/wp\/v2\/types\/product"}],"replies":[{"embeddable":true,"href":"https:\/\/troycity.net\/fr\/wp-json\/wp\/v2\/comments?post=39865"}],"wp:featuredmedia":[{"embeddable":true,"href":"https:\/\/troycity.net\/fr\/wp-json\/wp\/v2\/media\/39866"}],"wp:attachment":[{"href":"https:\/\/troycity.net\/fr\/wp-json\/wp\/v2\/media?parent=39865"}],"wp:term":[{"taxonomy":"product_brand","embeddable":true,"href":"https:\/\/troycity.net\/fr\/wp-json\/wp\/v2\/product_brand?post=39865"},{"taxonomy":"product_cat","embeddable":true,"href":"https:\/\/troycity.net\/fr\/wp-json\/wp\/v2\/product_cat?post=39865"},{"taxonomy":"product_tag","embeddable":true,"href":"https:\/\/troycity.net\/fr\/wp-json\/wp\/v2\/product_tag?post=39865"}],"curies":[{"name":"wp","href":"https:\/\/api.w.org\/{rel}","templated":true}]}}