{"id":39835,"date":"2024-07-25T13:12:16","date_gmt":"2024-08-14T14:01:10","guid":{"rendered":"https:\/\/troycity.net\/product\/non%20class\u00e9\/sal-sim\/"},"modified":"2024-08-14T16:02:22","modified_gmt":"2024-08-14T14:02:22","slug":"sal-sim","status":"publish","type":"product","link":"https:\/\/troycity.net\/fr\/produit\/sal-sim\/","title":{"rendered":"SAL SIM"},"content":{"rendered":"","protected":false},"excerpt":{"rendered":"<ul>\n<li>Fil brillant au crochet et au tricot<\/li>\n<li><span class=\"a-list-item\"><span class=\"a-list-item\">5% M\u00e9tallique &#8211; 95% Acrylique<\/span><\/span><\/li>\n<li><span class=\"a-list-item\">Longueur : 100 grammes, 460 m\u00e8tres (503 yards)<\/span><\/li>\n<li>Taille de l&rsquo;aiguille \u00e0 tricoter ; 2 &#8211; 4 mm, Taille du crochet ; 1 &#8211; 3 mm<\/li>\n<li><span class=\"a-list-item\">Collection automne\/hiver <\/span><\/li>\n<li>Fil paillet\u00e9 pour ch\u00e2le au crochet. Le tricot et le crochet avec ce fil sont faciles. Il est utilis\u00e9 pour tricoter des gilets, des cardigans, des \u00e9charpes, des bonnets, des ch\u00e2les, etc.  <\/li>\n<\/ul>\n","protected":false},"featured_media":39836,"comment_status":"open","ping_status":"closed","template":"","meta":{"iawp_total_views":1},"product_brand":[],"product_cat":[6543],"product_tag":[6544,6573,6572,6574],"class_list":{"0":"post-39835","1":"product","2":"type-product","3":"status-publish","4":"has-post-thumbnail","6":"product_cat-fils-dhiver","7":"product_tag-acrylique","8":"product_tag-brillant","9":"product_tag-fil-pour-chale","10":"product_tag-metallique","11":"post","12":"post-with-thumbnail","13":"post-with-thumbnail-large","15":"first","16":"instock","17":"sale","18":"taxable","19":"shipping-taxable","20":"purchasable","21":"product-type-variable"},"_links":{"self":[{"href":"https:\/\/troycity.net\/fr\/wp-json\/wp\/v2\/product\/39835","targetHints":{"allow":["GET"]}}],"collection":[{"href":"https:\/\/troycity.net\/fr\/wp-json\/wp\/v2\/product"}],"about":[{"href":"https:\/\/troycity.net\/fr\/wp-json\/wp\/v2\/types\/product"}],"replies":[{"embeddable":true,"href":"https:\/\/troycity.net\/fr\/wp-json\/wp\/v2\/comments?post=39835"}],"wp:featuredmedia":[{"embeddable":true,"href":"https:\/\/troycity.net\/fr\/wp-json\/wp\/v2\/media\/39836"}],"wp:attachment":[{"href":"https:\/\/troycity.net\/fr\/wp-json\/wp\/v2\/media?parent=39835"}],"wp:term":[{"taxonomy":"product_brand","embeddable":true,"href":"https:\/\/troycity.net\/fr\/wp-json\/wp\/v2\/product_brand?post=39835"},{"taxonomy":"product_cat","embeddable":true,"href":"https:\/\/troycity.net\/fr\/wp-json\/wp\/v2\/product_cat?post=39835"},{"taxonomy":"product_tag","embeddable":true,"href":"https:\/\/troycity.net\/fr\/wp-json\/wp\/v2\/product_tag?post=39835"}],"curies":[{"name":"wp","href":"https:\/\/api.w.org\/{rel}","templated":true}]}}