{"id":39756,"date":"2024-07-30T20:46:40","date_gmt":"2024-08-14T13:35:53","guid":{"rendered":"https:\/\/troycity.net\/product\/non%20class\u00e9\/extra\/"},"modified":"2024-09-13T11:47:09","modified_gmt":"2024-09-13T09:47:09","slug":"extra","status":"publish","type":"product","link":"https:\/\/troycity.net\/fr\/produit\/extra\/","title":{"rendered":"EXTRA"},"content":{"rendered":"","protected":false},"excerpt":{"rendered":"<ul>\n<li>Alize Extra, fil 100% acrylique.<\/li>\n<li>100 grammes &#8211; 220 m par balle, le prix est par balle et la TVA est incluse.<\/li>\n<li>Taille de l&rsquo;aiguille \u00e0 tricoter : 2,5 &#8211; 4 mm<\/li>\n<li>Taille du crochet ; 2 &#8211; 4mm<\/li>\n<li><label>Saisons ;<\/label> automne, hiver<\/li>\n<\/ul>\n<p> La corde \u00e0 tricoter extra manuelle d&rsquo;Alize est une corde classique qui convient \u00e0 tous les usages. Elle se distingue par sa grande vari\u00e9t\u00e9 de couleurs. C&rsquo;est un produit de la collection automne-hiver. Elle convient pour les cardigans, les gilets, les pulls, les fibres, les chaussures, les accessoires et de nombreux autres tricots.   <\/p>\n","protected":false},"featured_media":39757,"comment_status":"open","ping_status":"closed","template":"","meta":{"iawp_total_views":0},"product_brand":[],"product_cat":[6543],"product_tag":[6544,6546,6545],"class_list":{"0":"post-39756","1":"product","2":"type-product","3":"status-publish","4":"has-post-thumbnail","6":"product_cat-fils-dhiver","7":"product_tag-acrylique","8":"product_tag-alize-fr-2-fr","9":"product_tag-lhiver","10":"post","11":"post-with-thumbnail","12":"post-with-thumbnail-large","14":"first","15":"instock","16":"sale","17":"taxable","18":"shipping-taxable","19":"purchasable","20":"product-type-variable"},"_links":{"self":[{"href":"https:\/\/troycity.net\/fr\/wp-json\/wp\/v2\/product\/39756","targetHints":{"allow":["GET"]}}],"collection":[{"href":"https:\/\/troycity.net\/fr\/wp-json\/wp\/v2\/product"}],"about":[{"href":"https:\/\/troycity.net\/fr\/wp-json\/wp\/v2\/types\/product"}],"replies":[{"embeddable":true,"href":"https:\/\/troycity.net\/fr\/wp-json\/wp\/v2\/comments?post=39756"}],"wp:featuredmedia":[{"embeddable":true,"href":"https:\/\/troycity.net\/fr\/wp-json\/wp\/v2\/media\/39757"}],"wp:attachment":[{"href":"https:\/\/troycity.net\/fr\/wp-json\/wp\/v2\/media?parent=39756"}],"wp:term":[{"taxonomy":"product_brand","embeddable":true,"href":"https:\/\/troycity.net\/fr\/wp-json\/wp\/v2\/product_brand?post=39756"},{"taxonomy":"product_cat","embeddable":true,"href":"https:\/\/troycity.net\/fr\/wp-json\/wp\/v2\/product_cat?post=39756"},{"taxonomy":"product_tag","embeddable":true,"href":"https:\/\/troycity.net\/fr\/wp-json\/wp\/v2\/product_tag?post=39756"}],"curies":[{"name":"wp","href":"https:\/\/api.w.org\/{rel}","templated":true}]}}