{"id":44974,"date":"2025-09-08T11:38:12","date_gmt":"2025-09-08T09:38:12","guid":{"rendered":"https:\/\/troycity.net\/coordonnees\/"},"modified":"2025-09-08T19:45:32","modified_gmt":"2025-09-08T17:45:32","slug":"coordonnees","status":"publish","type":"page","link":"https:\/\/troycity.net\/fr\/coordonnees\/","title":{"rendered":"Coordonn\u00e9es"},"content":{"rendered":"<p><strong><b>Comment nous contacter ; <\/b><\/strong><\/p>\n<p>Troy City Ltd Company s&rsquo;engage \u00e0 prot\u00e9ger votre vie priv\u00e9e. Nous sommes heureux de recevoir vos commentaires et de r\u00e9pondre \u00e0 toutes les questions que vous pourriez avoir sur vos donn\u00e9es. Veuillez adresser vos questions, commentaires ou demandes d&rsquo;informations compl\u00e9mentaires \u00e0 notre repr\u00e9sentant d\u00e9sign\u00e9 et d\u00e9l\u00e9gu\u00e9 \u00e0 la protection des donn\u00e9es, Sinan Pravadalioglu, qui peut \u00eatre contact\u00e9 \u00e0 l&rsquo;adresse suivante <u><a href=\"mailto:info@troycity.net\">info@troycity.net<\/a><\/u><\/p>\n<p>La derni\u00e8re mise \u00e0 jour de cette d\u00e9claration de confidentialit\u00e9 a eu lieu le 27 juillet 2025.<\/p>\n<p>Modifications apport\u00e9es \u00e0 la pr\u00e9sente d\u00e9claration de confidentialit\u00e9 ; La pr\u00e9sente d\u00e9claration ne fait partie d&rsquo;aucun contrat de prestation de services. Nous pouvons mettre \u00e0 jour cette d\u00e9claration \u00e0 tout moment.<\/p>\n<p>A propos de Troy City Kft, soci\u00e9t\u00e9 hongroise \u00e0 responsabilit\u00e9 limit\u00e9e,<\/p>\n<p>Adresse du bureau : 1195 Budapest, J\u00f3zsef Attila utca 81. 1\/3 Hongrie<\/p>\n<p>Adresse de stockage : 1135 Budapest, Raktar utca 4. 1\/5 Hongrie<\/p>\n<p>Whatsup Num\u00e9ro de t\u00e9l\u00e9phone : +905423249952<\/p>\n<p><u><a href=\"mailto:info@troycity.net\">info@troycity.net<\/a><\/u><\/p>\n<p>Num\u00e9ro d&rsquo;entreprise enregistr\u00e9 : 01-09-437921<\/p>\n<p>Hongrie Num\u00e9ro de TVA : 14266210-2-43<\/p>\n","protected":false},"excerpt":{"rendered":"<p>Comment nous contacter ; Troy City Ltd Company s&rsquo;engage \u00e0 prot\u00e9ger votre vie priv\u00e9e. Nous sommes heureux de recevoir vos commentaires et de r\u00e9pondre \u00e0 toutes les questions que vous pourriez avoir sur vos donn\u00e9es. Veuillez adresser vos questions, commentaires ou demandes d&rsquo;informations compl\u00e9mentaires \u00e0 notre repr\u00e9sentant d\u00e9sign\u00e9 et d\u00e9l\u00e9gu\u00e9 \u00e0 la protection des donn\u00e9es, [&hellip;]<\/p>\n","protected":false},"author":1,"featured_media":0,"parent":0,"menu_order":0,"comment_status":"closed","ping_status":"closed","template":"","meta":{"iawp_total_views":0,"footnotes":""},"class_list":["post-44974","page","type-page","status-publish","hentry","post"],"_links":{"self":[{"href":"https:\/\/troycity.net\/fr\/wp-json\/wp\/v2\/pages\/44974","targetHints":{"allow":["GET"]}}],"collection":[{"href":"https:\/\/troycity.net\/fr\/wp-json\/wp\/v2\/pages"}],"about":[{"href":"https:\/\/troycity.net\/fr\/wp-json\/wp\/v2\/types\/page"}],"author":[{"embeddable":true,"href":"https:\/\/troycity.net\/fr\/wp-json\/wp\/v2\/users\/1"}],"replies":[{"embeddable":true,"href":"https:\/\/troycity.net\/fr\/wp-json\/wp\/v2\/comments?post=44974"}],"version-history":[{"count":1,"href":"https:\/\/troycity.net\/fr\/wp-json\/wp\/v2\/pages\/44974\/revisions"}],"predecessor-version":[{"id":44983,"href":"https:\/\/troycity.net\/fr\/wp-json\/wp\/v2\/pages\/44974\/revisions\/44983"}],"wp:attachment":[{"href":"https:\/\/troycity.net\/fr\/wp-json\/wp\/v2\/media?parent=44974"}],"curies":[{"name":"wp","href":"https:\/\/api.w.org\/{rel}","templated":true}]}}