{"id":43025,"date":"2024-08-29T17:33:52","date_gmt":"2024-08-29T15:33:52","guid":{"rendered":"https:\/\/troycity.net\/contact\/"},"modified":"2025-09-05T23:22:24","modified_gmt":"2025-09-05T21:22:24","slug":"contact","status":"publish","type":"page","link":"https:\/\/troycity.net\/fr\/contact\/","title":{"rendered":"CONTACT"},"content":{"rendered":"<div id=\"pl-43025\"  class=\"panel-layout\" ><div id=\"pg-43025-0\"  class=\"panel-grid panel-no-style\" ><div id=\"pgc-43025-0-0\"  class=\"panel-grid-cell\" ><div id=\"panel-43025-0-0-0\" class=\"widget_text so-panel widget widget_custom_html panel-first-child\" data-index=\"0\" ><div class=\"widget_text panel-widget-style panel-widget-style-for-43025-0-0-0\" ><div class=\"textwidget custom-html-widget\"><h2>T\u00e9l\u00e9phone\/Email<\/h2> T\u00e9l\u00e9phone : <a href=\"tel:%20+90%20542%20324%2099%2052\">+905429952 <\/a><br>\nCourriel :<a href=\"m%20to:%:20info@troycity.net\">info@troycity.net <\/a><br>\n\n<\/div><\/div><\/div><div id=\"panel-43025-0-0-1\" class=\"widget_text so-panel widget widget_custom_html panel-last-child\" data-index=\"1\" ><div class=\"widget_text panel-widget-style panel-widget-style-for-43025-0-0-1\" ><div class=\"textwidget custom-html-widget\"><h2>Message <\/h2>\n\n<div class=\"wpcf7 no-js\" id=\"wpcf7-f44881-o1\" lang=\"fr-FR\" dir=\"ltr\" data-wpcf7-id=\"44881\">\n<div class=\"screen-reader-response\"><p role=\"status\" aria-live=\"polite\" aria-atomic=\"true\"><\/p> <ul><\/ul><\/div>\n<form action=\"\/fr\/wp-json\/wp\/v2\/pages\/43025#wpcf7-f44881-o1\" method=\"post\" class=\"wpcf7-form init\" aria-label=\"Formulaire de contact\" novalidate=\"novalidate\" data-status=\"init\">\n<fieldset class=\"hidden-fields-container\"><input type=\"hidden\" name=\"_wpcf7\" value=\"44881\" \/><input type=\"hidden\" name=\"_wpcf7_version\" value=\"6.1.5\" \/><input type=\"hidden\" name=\"_wpcf7_locale\" value=\"fr_FR\" \/><input type=\"hidden\" name=\"_wpcf7_unit_tag\" value=\"wpcf7-f44881-o1\" \/><input type=\"hidden\" name=\"_wpcf7_container_post\" value=\"0\" \/><input type=\"hidden\" name=\"_wpcf7_posted_data_hash\" value=\"\" \/>\n<\/fieldset>\n<p><label> Votre nom (obligatoire)<br \/>\n<span class=\"wpcf7-form-control-wrap\" data-name=\"your-name\"><input size=\"40\" maxlength=\"400\" class=\"wpcf7-form-control wpcf7-text wpcf7-validates-as-required\" aria-required=\"true\" aria-invalid=\"false\" value=\"\" type=\"text\" name=\"your-name\" \/><\/span> <\/label>\n<\/p>\n<p><label> Votre adresse \u00e9lectronique (obligatoire)<br \/>\n<span class=\"wpcf7-form-control-wrap\" data-name=\"your-email\"><input size=\"40\" maxlength=\"400\" class=\"wpcf7-form-control wpcf7-email wpcf7-validates-as-required wpcf7-text wpcf7-validates-as-email\" aria-required=\"true\" aria-invalid=\"false\" value=\"\" type=\"email\" name=\"your-email\" \/><\/span> <\/label>\n<\/p>\n<p><label> Votre num\u00e9ro de t\u00e9l\u00e9phone (obligatoire)<br \/>\n<span class=\"wpcf7-form-control-wrap\" data-name=\"your-number\"><input size=\"40\" maxlength=\"400\" class=\"wpcf7-form-control wpcf7-text wpcf7-validates-as-required\" aria-required=\"true\" aria-invalid=\"false\" value=\"\" type=\"text\" name=\"your-number\" \/><\/span> <\/label>\n<\/p>\n<p><label> Sujet<br \/>\n<span class=\"wpcf7-form-control-wrap\" data-name=\"your-subject\"><input size=\"40\" maxlength=\"400\" class=\"wpcf7-form-control wpcf7-text\" aria-invalid=\"false\" value=\"\" type=\"text\" name=\"your-subject\" \/><\/span> <\/label>\n<\/p>\n<p><label> Votre message<br \/>\n<span class=\"wpcf7-form-control-wrap\" data-name=\"your-message\"><textarea cols=\"40\" rows=\"10\" maxlength=\"2000\" class=\"wpcf7-form-control wpcf7-textarea\" aria-invalid=\"false\" name=\"your-message\"><\/textarea><\/span> <\/label>\n<\/p>\n<p><input class=\"wpcf7-form-control wpcf7-submit has-spinner\" type=\"submit\" value=\"Envoyer\" \/>\n<\/p><div class=\"wpcf7-response-output\" aria-hidden=\"true\"><\/div>\n<\/form>\n<\/div>\n<\/div><\/div><\/div><\/div><div id=\"pgc-43025-0-1\"  class=\"panel-grid-cell\" ><div id=\"panel-43025-0-1-0\" class=\"widget_text so-panel widget widget_custom_html panel-first-child\" data-index=\"2\" ><div class=\"widget_text panel-widget-style panel-widget-style-for-43025-0-1-0\" ><div class=\"textwidget custom-html-widget\"><h2>Troy City Kft. <\/h2>\nAdresse du Bureau: <a href=\"1195 Budapest, J\u00f3zsef Attila utca 81. 1\/3 \">1195 Budapest, J\u00f3zsef Attila utca 81. 1\/3 Hongrie <\/a><br\/>\nAdresse de Raktar: <a href=\"1135 Budapest, Raktar utca 4. 1\/5 \">1135 Budapest, Raktar utca 4. 1\/5 Hongrie <\/a><br\/><\/div><\/div><\/div><div id=\"panel-43025-0-1-1\" class=\"widget_text so-panel widget widget_custom_html panel-last-child\" data-index=\"3\" ><div class=\"widget_text panel-widget-style panel-widget-style-for-43025-0-1-1\" ><div class=\"textwidget custom-html-widget\"><h2>Localisation <\/h2>\n<iframe src=\"https:\/\/www.google.com\/maps\/embed?p%20width=\" height=\"460\" frameborder=\"0\" style=\"border:0\" allowfullscreen=\"\"><\/iframe><\/div><\/div><\/div><\/div><\/div><\/div>","protected":false},"excerpt":{"rendered":"<p>T\u00e9l\u00e9phone\/Email T\u00e9l\u00e9phone : +905429952 Courriel :info@troycity.net Message Votre nom (obligatoire) Votre adresse \u00e9lectronique (obligatoire) Votre num\u00e9ro de t\u00e9l\u00e9phone (obligatoire) Sujet Votre message Troy City Kft. Adresse du Bureau: 1195 Budapest, J\u00f3zsef Attila utca 81. 1\/3 Hongrie Adresse de Raktar: 1135 Budapest, Raktar utca 4. 1\/5 Hongrie Localisation<\/p>\n","protected":false},"author":1,"featured_media":0,"parent":0,"menu_order":0,"comment_status":"closed","ping_status":"closed","template":"","meta":{"iawp_total_views":6,"footnotes":""},"class_list":["post-43025","page","type-page","status-publish","hentry","post"],"_links":{"self":[{"href":"https:\/\/troycity.net\/fr\/wp-json\/wp\/v2\/pages\/43025","targetHints":{"allow":["GET"]}}],"collection":[{"href":"https:\/\/troycity.net\/fr\/wp-json\/wp\/v2\/pages"}],"about":[{"href":"https:\/\/troycity.net\/fr\/wp-json\/wp\/v2\/types\/page"}],"author":[{"embeddable":true,"href":"https:\/\/troycity.net\/fr\/wp-json\/wp\/v2\/users\/1"}],"replies":[{"embeddable":true,"href":"https:\/\/troycity.net\/fr\/wp-json\/wp\/v2\/comments?post=43025"}],"version-history":[{"count":3,"href":"https:\/\/troycity.net\/fr\/wp-json\/wp\/v2\/pages\/43025\/revisions"}],"predecessor-version":[{"id":44895,"href":"https:\/\/troycity.net\/fr\/wp-json\/wp\/v2\/pages\/43025\/revisions\/44895"}],"wp:attachment":[{"href":"https:\/\/troycity.net\/fr\/wp-json\/wp\/v2\/media?parent=43025"}],"curies":[{"name":"wp","href":"https:\/\/api.w.org\/{rel}","templated":true}]}}