{"id":42950,"date":"2024-08-22T17:53:39","date_gmt":"2024-08-22T15:53:39","guid":{"rendered":"https:\/\/troycity.net\/a-propos-de-nous\/"},"modified":"2025-09-07T18:18:21","modified_gmt":"2025-09-07T16:18:21","slug":"a-propos-de-nous","status":"publish","type":"page","link":"https:\/\/troycity.net\/fr\/a-propos-de-nous\/","title":{"rendered":"\u00c0 propos de nous"},"content":{"rendered":"<p>Nous vendons des fils Alize de haute qualit\u00e9 et des ficelles, cordes, couvertures, films \u00e9tirables, films \u00e0 bulles et autres produits d&rsquo;usage courant \u00e0 des prix tr\u00e8s raisonnables. Nous sommes toujours \u00e0 la recherche de nouveaux produits et d&rsquo;autres articles \u00e0 stocker, alors revenez r\u00e9guli\u00e8rement pour voir ce que nous avons (ou faites-nous savoir s&rsquo;il y a quelque chose que vous aimeriez voir). Si vous avez des suggestions, des commentaires ou une question, n&rsquo;h\u00e9sitez pas \u00e0 nous contacter et nous vous r\u00e9pondrons le plus rapidement possible. Nous esp\u00e9rons que vous trouverez exactement ce que vous cherchez pour votre projet. Si vous \u00eates int\u00e9ress\u00e9 par la revente de nos articles, et l&rsquo;achat de nos articles en gros, nous pouvons \u00e9galement r\u00e9pondre \u00e0 vos besoins pour ces demandes. Nous offrons des remises pour les volumes en gros. Nous sommes bas\u00e9s \u00e0 Budapest, en Hongrie, mais nous envoyons des commandes dans le monde entier. Le client a le droit d&rsquo;annuler sa commande dans les 14 jours suivant la livraison des marchandises.<\/p>\n<p style=\"text-align: center;\">\n","protected":false},"excerpt":{"rendered":"<p>Nous vendons des fils Alize de haute qualit\u00e9 et des ficelles, cordes, couvertures, films \u00e9tirables, films \u00e0 bulles et autres produits d&rsquo;usage courant \u00e0 des prix tr\u00e8s raisonnables. Nous sommes toujours \u00e0 la recherche de nouveaux produits et d&rsquo;autres articles \u00e0 stocker, alors revenez r\u00e9guli\u00e8rement pour voir ce que nous avons (ou faites-nous savoir s&rsquo;il [&hellip;]<\/p>\n","protected":false},"author":1,"featured_media":0,"parent":0,"menu_order":0,"comment_status":"closed","ping_status":"closed","template":"","meta":{"iawp_total_views":1,"footnotes":""},"class_list":["post-42950","page","type-page","status-publish","hentry","post"],"_links":{"self":[{"href":"https:\/\/troycity.net\/fr\/wp-json\/wp\/v2\/pages\/42950","targetHints":{"allow":["GET"]}}],"collection":[{"href":"https:\/\/troycity.net\/fr\/wp-json\/wp\/v2\/pages"}],"about":[{"href":"https:\/\/troycity.net\/fr\/wp-json\/wp\/v2\/types\/page"}],"author":[{"embeddable":true,"href":"https:\/\/troycity.net\/fr\/wp-json\/wp\/v2\/users\/1"}],"replies":[{"embeddable":true,"href":"https:\/\/troycity.net\/fr\/wp-json\/wp\/v2\/comments?post=42950"}],"version-history":[{"count":3,"href":"https:\/\/troycity.net\/fr\/wp-json\/wp\/v2\/pages\/42950\/revisions"}],"predecessor-version":[{"id":44931,"href":"https:\/\/troycity.net\/fr\/wp-json\/wp\/v2\/pages\/42950\/revisions\/44931"}],"wp:attachment":[{"href":"https:\/\/troycity.net\/fr\/wp-json\/wp\/v2\/media?parent=42950"}],"curies":[{"name":"wp","href":"https:\/\/api.w.org\/{rel}","templated":true}]}}