{"id":44516,"date":"2025-02-08T14:17:15","date_gmt":"2025-02-12T13:40:48","guid":{"rendered":"https:\/\/troycity.net\/product\/kunststoffabdeckungen\/"},"modified":"2025-02-12T15:40:48","modified_gmt":"2025-02-12T13:40:48","slug":"kunststoffabdeckungen","status":"publish","type":"product","link":"https:\/\/troycity.net\/de\/product\/kunststoffabdeckungen\/","title":{"rendered":"Kunststoffabdeckungen"},"content":{"rendered":"","protected":false},"excerpt":{"rendered":"<p>Es ist ein sehr praktisches und flexibles Produkt. Nach dem Gebrauch k\u00f6nnen Sie die Abdeckung zusammenfalten und weglegen.<br \/>\nSie k\u00f6nnen die Abdeckung je nach Gr\u00f6\u00dfe des Bereichs, den Sie sch\u00fctzen m\u00f6chten, ausw\u00e4hlen.<br \/>\nWir produzieren Abdeckungen in zwei verschiedenen St\u00e4rken. <\/p>\n<p><strong>Bitte w\u00e4hlen Sie die Abdeckungsfl\u00e4che und die Dicke aus, bevor Sie das Produkt in den Warenkorb legen.<\/strong><\/p>\n","protected":false},"featured_media":44121,"comment_status":"open","ping_status":"closed","template":"","meta":{"iawp_total_views":0},"product_brand":[],"product_cat":[7854],"product_tag":[],"class_list":{"0":"post-44516","1":"product","2":"type-product","3":"status-publish","4":"has-post-thumbnail","6":"product_cat-kunststoffabdeckungen-brandas","7":"post","8":"post-with-thumbnail","9":"post-with-thumbnail-large","11":"first","12":"instock","13":"sale","14":"taxable","15":"shipping-taxable","16":"purchasable","17":"product-type-variable"},"_links":{"self":[{"href":"https:\/\/troycity.net\/de\/wp-json\/wp\/v2\/product\/44516","targetHints":{"allow":["GET"]}}],"collection":[{"href":"https:\/\/troycity.net\/de\/wp-json\/wp\/v2\/product"}],"about":[{"href":"https:\/\/troycity.net\/de\/wp-json\/wp\/v2\/types\/product"}],"replies":[{"embeddable":true,"href":"https:\/\/troycity.net\/de\/wp-json\/wp\/v2\/comments?post=44516"}],"wp:featuredmedia":[{"embeddable":true,"href":"https:\/\/troycity.net\/de\/wp-json\/wp\/v2\/media\/44121"}],"wp:attachment":[{"href":"https:\/\/troycity.net\/de\/wp-json\/wp\/v2\/media?parent=44516"}],"wp:term":[{"taxonomy":"product_brand","embeddable":true,"href":"https:\/\/troycity.net\/de\/wp-json\/wp\/v2\/product_brand?post=44516"},{"taxonomy":"product_cat","embeddable":true,"href":"https:\/\/troycity.net\/de\/wp-json\/wp\/v2\/product_cat?post=44516"},{"taxonomy":"product_tag","embeddable":true,"href":"https:\/\/troycity.net\/de\/wp-json\/wp\/v2\/product_tag?post=44516"}],"curies":[{"name":"wp","href":"https:\/\/api.w.org\/{rel}","templated":true}]}}