{"id":44485,"date":"2025-02-07T17:45:10","date_gmt":"2025-02-12T13:40:36","guid":{"rendered":"https:\/\/troycity.net\/product\/pp-waescheleine\/"},"modified":"2025-02-15T17:32:48","modified_gmt":"2025-02-15T15:32:48","slug":"pp-waescheleine","status":"publish","type":"product","link":"https:\/\/troycity.net\/de\/product\/pp-waescheleine\/","title":{"rendered":"PP W\u00e4scheleine"},"content":{"rendered":"","protected":false},"excerpt":{"rendered":"<p>PP W\u00e4scheleinen,<\/p>\n<ul>\n<li>Sie sind starke Polyproplen(PP)-Seile<\/li>\n<li>100% fibrilliert<\/li>\n<li>Kann auch f\u00fcr Verpackungen verwendet werden<\/li>\n<\/ul>\n<p>Es wird in 2 verschiedenen Dicken hergestellt, d\u00fcnn (3,0 mm2) und dick (3,5 mm2). Es ist auch in L\u00e4ngen von 8, 10 und 20 Metern erh\u00e4ltlich. <strong>Wird in St\u00fccken verkauft.<\/strong><\/p>\n<p>ZUF\u00c4LLIGE FARBE WIRD GESENDET, ZUF\u00c4LLIG AUS DEN FARBEN ROT BLAU ORANGE GR\u00dcN GELB WEISS<\/p>\n<p><strong>Bitte w\u00e4hlen Sie die Werte f\u00fcr L\u00e4nge und Querschnitt, bevor Sie sie in den Warenkorb legen.<\/strong><\/p>\n","protected":false},"featured_media":44083,"comment_status":"open","ping_status":"closed","template":"","meta":{"iawp_total_views":1},"product_brand":[],"product_cat":[7708,7826,7714],"product_tag":[],"class_list":{"0":"post-44485","1":"product","2":"type-product","3":"status-publish","4":"has-post-thumbnail","6":"product_cat-packschnure","7":"product_cat-pp-gerinnungshemmer","8":"product_cat-wascheleinen","9":"post","10":"post-with-thumbnail","11":"post-with-thumbnail-large","13":"first","14":"instock","15":"sale","16":"taxable","17":"shipping-taxable","18":"purchasable","19":"product-type-variable"},"_links":{"self":[{"href":"https:\/\/troycity.net\/de\/wp-json\/wp\/v2\/product\/44485","targetHints":{"allow":["GET"]}}],"collection":[{"href":"https:\/\/troycity.net\/de\/wp-json\/wp\/v2\/product"}],"about":[{"href":"https:\/\/troycity.net\/de\/wp-json\/wp\/v2\/types\/product"}],"replies":[{"embeddable":true,"href":"https:\/\/troycity.net\/de\/wp-json\/wp\/v2\/comments?post=44485"}],"wp:featuredmedia":[{"embeddable":true,"href":"https:\/\/troycity.net\/de\/wp-json\/wp\/v2\/media\/44083"}],"wp:attachment":[{"href":"https:\/\/troycity.net\/de\/wp-json\/wp\/v2\/media?parent=44485"}],"wp:term":[{"taxonomy":"product_brand","embeddable":true,"href":"https:\/\/troycity.net\/de\/wp-json\/wp\/v2\/product_brand?post=44485"},{"taxonomy":"product_cat","embeddable":true,"href":"https:\/\/troycity.net\/de\/wp-json\/wp\/v2\/product_cat?post=44485"},{"taxonomy":"product_tag","embeddable":true,"href":"https:\/\/troycity.net\/de\/wp-json\/wp\/v2\/product_tag?post=44485"}],"curies":[{"name":"wp","href":"https:\/\/api.w.org\/{rel}","templated":true}]}}