{"id":44407,"date":"2025-02-06T16:46:35","date_gmt":"2025-02-12T13:40:12","guid":{"rendered":"https:\/\/troycity.net\/product\/jutegarne-und-seile\/"},"modified":"2025-02-12T15:40:12","modified_gmt":"2025-02-12T13:40:12","slug":"jutegarne-und-seile","status":"publish","type":"product","link":"https:\/\/troycity.net\/de\/product\/jutegarne-und-seile\/","title":{"rendered":"Jutegarne und Seile"},"content":{"rendered":"","protected":false},"excerpt":{"rendered":"<p>Juteseil ist eine Art von Garn, das aus den nat\u00fcrlichen Fasern der Jutepflanze gewonnen wird. Die Jutepflanze ist eine Pflanze, die auf nat\u00fcrliche Weise schnell wachsen kann, vor allem in tropischen und subtropischen Regionen. Jute wird traditionell in der Textilindustrie zur Herstellung von Teppichen, Taschen, S\u00e4cken und verschiedenen Arten von haltbaren Stoffen verwendet. Sie wird auch als umweltfreundliches und nachhaltiges Material bevorzugt, da sie schnell biologisch abbaubar ist.   <\/p>\n<p><strong>Eigenschaften von Juteseilen: <\/strong>Die Struktur des Seils ist \u00e4hnlich wie die des Garns. Der Zwirn mit einem Durchmesser von mehr als 5 Millimetern wird gew\u00f6hnlich als Seil bezeichnet. F\u00fcr die Herstellung dieser Seile wird hochwertiges Rohmaterial verwendet, was zu sehr guten Bruchfestigkeitswerten f\u00fchrt. Die Oberfl\u00e4che des Produkts ist glatt, wodurch es sich gut verwenden l\u00e4sst. Kurz gesagt, hat es die folgenden Eigenschaften.    <\/p>\n<ul>\n<li><strong>Widerstandsf\u00e4higkeit<\/strong><\/li>\n<li><strong>Wirtschaft<\/strong><\/li>\n<li><strong>Grobe Textur<\/strong><\/li>\n<\/ul>\n<p>Jutegarn nimmt dank seiner Wiederverwertbarkeit einen wichtigen Platz in der umweltfreundlichen Produktion ein. Die Verwendung von organischen und nat\u00fcrlichen Materialien wie Jute in Taschen, K\u00f6rben, G\u00fcrteln, Teppichen und M\u00f6belzubeh\u00f6r wird immer beliebter und die Produkte k\u00f6nnen nun einen &#8222;NAT\u00dcRLICHEN&#8220; Look haben! <\/p>\n<p>Unsere Seile haben eine hohe Zugfestigkeit. Sie sind mit nat\u00fcrlichem \u00d6l impr\u00e4gniert und widerstandsf\u00e4hig gegen Feuchtigkeit und andere externe Faktoren. Sie k\u00f6nnen es in Rollen oder als Meterware kaufen.  <\/p>\n<p><strong>Bitte w\u00e4hlen Sie den Abschnitt und die L\u00e4nge, bevor Sie ihn in den Warenkorb legen. Der Preis gilt pro Meter. <\/strong><\/p>\n","protected":false},"featured_media":44024,"comment_status":"open","ping_status":"closed","template":"","meta":{"iawp_total_views":1},"product_brand":[],"product_cat":[7758],"product_tag":[],"class_list":{"0":"post-44407","1":"product","2":"type-product","3":"status-publish","4":"has-post-thumbnail","6":"product_cat-juteschnure-juteseile","7":"post","8":"post-with-thumbnail","9":"post-with-thumbnail-large","11":"first","12":"instock","13":"sale","14":"taxable","15":"shipping-taxable","16":"purchasable","17":"product-type-variable"},"_links":{"self":[{"href":"https:\/\/troycity.net\/de\/wp-json\/wp\/v2\/product\/44407","targetHints":{"allow":["GET"]}}],"collection":[{"href":"https:\/\/troycity.net\/de\/wp-json\/wp\/v2\/product"}],"about":[{"href":"https:\/\/troycity.net\/de\/wp-json\/wp\/v2\/types\/product"}],"replies":[{"embeddable":true,"href":"https:\/\/troycity.net\/de\/wp-json\/wp\/v2\/comments?post=44407"}],"wp:featuredmedia":[{"embeddable":true,"href":"https:\/\/troycity.net\/de\/wp-json\/wp\/v2\/media\/44024"}],"wp:attachment":[{"href":"https:\/\/troycity.net\/de\/wp-json\/wp\/v2\/media?parent=44407"}],"wp:term":[{"taxonomy":"product_brand","embeddable":true,"href":"https:\/\/troycity.net\/de\/wp-json\/wp\/v2\/product_brand?post=44407"},{"taxonomy":"product_cat","embeddable":true,"href":"https:\/\/troycity.net\/de\/wp-json\/wp\/v2\/product_cat?post=44407"},{"taxonomy":"product_tag","embeddable":true,"href":"https:\/\/troycity.net\/de\/wp-json\/wp\/v2\/product_tag?post=44407"}],"curies":[{"name":"wp","href":"https:\/\/api.w.org\/{rel}","templated":true}]}}