{"id":44399,"date":"2025-02-05T17:17:41","date_gmt":"2025-02-12T13:40:10","guid":{"rendered":"https:\/\/troycity.net\/product\/polyester-seile\/"},"modified":"2025-02-15T17:07:04","modified_gmt":"2025-02-15T15:07:04","slug":"polyester-seile","status":"publish","type":"product","link":"https:\/\/troycity.net\/de\/product\/polyester-seile\/","title":{"rendered":"Polyester Seile"},"content":{"rendered":"","protected":false},"excerpt":{"rendered":"<p>Polyesterseile: Diese Seile werden h\u00e4ufig im Wassersport, in G\u00e4rten, in der Landwirtschaft, im Transportwesen, in der Schifffahrt, auf Yachten und in der Marine eingesetzt. Ein wichtiger Punkt ist, dass Polyesterseile nicht schwimmen. Polypropylenseile schwimmen, w\u00e4hrend Polyester- und Nylonseile beide sinken. Tierz\u00fcchter, Pferdez\u00fcchter und Trainer verwenden sie ebenfalls. Polyesterseile lassen sich leicht mit Kauschen aus Nylon, Edelstahl oder verzinktem Stahl splei\u00dfen. Polyesterseil ist eines der UV-best\u00e4ndigsten Seile und dem Nylon \u00fcberlegen. Polyesterseile sind fast so stark wie Nylonseile und geh\u00f6ren zu den st\u00e4rksten Seilen auf dem Markt. Doppelt geflochtene Polyesterseile sind die st\u00e4rksten, dicht gefolgt von fest geflochtenen Polyesterseilen. Eine der besten Eigenschaften von Polyesterseilen ist, dass sie ihre Festigkeit auch bei N\u00e4sse nicht verlieren und eine sehr lange Lebensdauer haben.<\/p>\n<p><strong>Bitte w\u00e4hlen Sie den Abschnitt und die L\u00e4nge, bevor Sie ihn in den Warenkorb legen. Der Preis gilt pro Meter. <\/strong><\/p>\n","protected":false},"featured_media":43958,"comment_status":"open","ping_status":"closed","template":"","meta":{"iawp_total_views":0},"product_brand":[],"product_cat":[7749],"product_tag":[],"class_list":{"0":"post-44399","1":"product","2":"type-product","3":"status-publish","4":"has-post-thumbnail","6":"product_cat-polyester-seile","7":"post","8":"post-with-thumbnail","9":"post-with-thumbnail-large","11":"first","12":"instock","13":"sale","14":"taxable","15":"shipping-taxable","16":"purchasable","17":"product-type-variable"},"_links":{"self":[{"href":"https:\/\/troycity.net\/de\/wp-json\/wp\/v2\/product\/44399","targetHints":{"allow":["GET"]}}],"collection":[{"href":"https:\/\/troycity.net\/de\/wp-json\/wp\/v2\/product"}],"about":[{"href":"https:\/\/troycity.net\/de\/wp-json\/wp\/v2\/types\/product"}],"replies":[{"embeddable":true,"href":"https:\/\/troycity.net\/de\/wp-json\/wp\/v2\/comments?post=44399"}],"wp:featuredmedia":[{"embeddable":true,"href":"https:\/\/troycity.net\/de\/wp-json\/wp\/v2\/media\/43958"}],"wp:attachment":[{"href":"https:\/\/troycity.net\/de\/wp-json\/wp\/v2\/media?parent=44399"}],"wp:term":[{"taxonomy":"product_brand","embeddable":true,"href":"https:\/\/troycity.net\/de\/wp-json\/wp\/v2\/product_brand?post=44399"},{"taxonomy":"product_cat","embeddable":true,"href":"https:\/\/troycity.net\/de\/wp-json\/wp\/v2\/product_cat?post=44399"},{"taxonomy":"product_tag","embeddable":true,"href":"https:\/\/troycity.net\/de\/wp-json\/wp\/v2\/product_tag?post=44399"}],"curies":[{"name":"wp","href":"https:\/\/api.w.org\/{rel}","templated":true}]}}