{"id":44373,"date":"2025-01-09T18:28:06","date_gmt":"2025-02-12T13:39:56","guid":{"rendered":"https:\/\/troycity.net\/product\/pvc-beschichtete-pp-waescheleine\/"},"modified":"2025-02-15T18:10:02","modified_gmt":"2025-02-15T16:10:02","slug":"pvc-beschichtete-pp-waescheleine","status":"publish","type":"product","link":"https:\/\/troycity.net\/de\/product\/pvc-beschichtete-pp-waescheleine\/","title":{"rendered":"PVC beschichtete PP W\u00e4scheleine"},"content":{"rendered":"","protected":false},"excerpt":{"rendered":"<p>PVC beschichtete W\u00e4scheleine<\/p>\n<p>Diese PVC-beschichteten Polyesterseile sind wasserdicht und werden nicht ausfransen, rei\u00dfen oder rei\u00dfen, was sie stark und langlebig f\u00fcr jede Anwendung macht. Es ist leicht zu reinigen und in verschiedenen Farben erh\u00e4ltlich.<\/p>\n<p>L\u00e4nge = 20 Meter\u00a0 \u00a0 Querschnitt = 3,5 mm<\/p>\n<p>ZUF\u00c4LLIGE FARBE WIRD GESENDET, ZUF\u00c4LLIG AUS ROT BLAU ORANGE GR\u00dcN GRAU FARBEN<\/p>\n","protected":false},"featured_media":43826,"comment_status":"open","ping_status":"closed","template":"","meta":{"iawp_total_views":1},"product_brand":[],"product_cat":[7708,7718,7714],"product_tag":[],"class_list":{"0":"post-44373","1":"product","2":"type-product","3":"status-publish","4":"has-post-thumbnail","6":"product_cat-packschnure","7":"product_cat-pvc-beschichtete-pp-wascheleinen","8":"product_cat-wascheleinen","9":"post","10":"post-with-thumbnail","11":"post-with-thumbnail-large","13":"first","14":"instock","15":"sale","16":"taxable","17":"shipping-taxable","18":"purchasable","19":"product-type-simple"},"_links":{"self":[{"href":"https:\/\/troycity.net\/de\/wp-json\/wp\/v2\/product\/44373","targetHints":{"allow":["GET"]}}],"collection":[{"href":"https:\/\/troycity.net\/de\/wp-json\/wp\/v2\/product"}],"about":[{"href":"https:\/\/troycity.net\/de\/wp-json\/wp\/v2\/types\/product"}],"replies":[{"embeddable":true,"href":"https:\/\/troycity.net\/de\/wp-json\/wp\/v2\/comments?post=44373"}],"wp:featuredmedia":[{"embeddable":true,"href":"https:\/\/troycity.net\/de\/wp-json\/wp\/v2\/media\/43826"}],"wp:attachment":[{"href":"https:\/\/troycity.net\/de\/wp-json\/wp\/v2\/media?parent=44373"}],"wp:term":[{"taxonomy":"product_brand","embeddable":true,"href":"https:\/\/troycity.net\/de\/wp-json\/wp\/v2\/product_brand?post=44373"},{"taxonomy":"product_cat","embeddable":true,"href":"https:\/\/troycity.net\/de\/wp-json\/wp\/v2\/product_cat?post=44373"},{"taxonomy":"product_tag","embeddable":true,"href":"https:\/\/troycity.net\/de\/wp-json\/wp\/v2\/product_tag?post=44373"}],"curies":[{"name":"wp","href":"https:\/\/api.w.org\/{rel}","templated":true}]}}