{"id":44370,"date":"2025-01-10T11:59:04","date_gmt":"2025-02-12T13:39:53","guid":{"rendered":"https:\/\/troycity.net\/product\/pvc-beschichtete-stahlkern-waescheleine\/"},"modified":"2025-07-17T17:04:14","modified_gmt":"2025-07-17T15:04:14","slug":"pvc-beschichteter-stahlkern","status":"publish","type":"product","link":"https:\/\/troycity.net\/de\/product\/pvc-beschichteter-stahlkern\/","title":{"rendered":"PVC-beschichteter Stahlkern"},"content":{"rendered":"","protected":false},"excerpt":{"rendered":"<p>PVC beschichtete Stahlkern-W\u00e4scheleine<\/p>\n<p>Diese PVC-beschichteten Stahlseile sind wasserdicht, rostfrei und k\u00f6nnen nicht ausfransen, einrei\u00dfen oder rei\u00dfen, was sie besonders stark und langlebig macht. Wenn Sie Wert auf St\u00e4rke und Langlebigkeit legen, ist ein <b>W\u00e4scheseil mit Stahlkern<\/b> das beste W\u00e4scheleinen-Seil f\u00fcr Sie. Es ist leicht zu reinigen und in verschiedenen Farben erh\u00e4ltlich.<\/p>\n<p>Ein St\u00fcck hat eine L\u00e4nge von 10 Metern und wird in St\u00fccken verkauft.<\/p>\n<p>ES WIRD EINE ZUF\u00c4LLIGE FARBE GESENDET, ZUF\u00c4LLIG AUS DEN FARBEN ROT, BLAU, GR\u00dcN, GRAU<\/p>\n","protected":false},"featured_media":43836,"comment_status":"open","ping_status":"closed","template":"","meta":{"iawp_total_views":3},"product_brand":[],"product_cat":[7708,7715,7714],"product_tag":[],"class_list":{"0":"post-44370","1":"product","2":"type-product","3":"status-publish","4":"has-post-thumbnail","6":"product_cat-packschnure","7":"product_cat-pvc-beschichtete-stahlkern-wascheleine","8":"product_cat-wascheleinen","9":"post","10":"post-with-thumbnail","11":"post-with-thumbnail-large","13":"first","14":"instock","15":"sale","16":"taxable","17":"shipping-taxable","18":"purchasable","19":"product-type-simple"},"_links":{"self":[{"href":"https:\/\/troycity.net\/de\/wp-json\/wp\/v2\/product\/44370","targetHints":{"allow":["GET"]}}],"collection":[{"href":"https:\/\/troycity.net\/de\/wp-json\/wp\/v2\/product"}],"about":[{"href":"https:\/\/troycity.net\/de\/wp-json\/wp\/v2\/types\/product"}],"replies":[{"embeddable":true,"href":"https:\/\/troycity.net\/de\/wp-json\/wp\/v2\/comments?post=44370"}],"wp:featuredmedia":[{"embeddable":true,"href":"https:\/\/troycity.net\/de\/wp-json\/wp\/v2\/media\/43836"}],"wp:attachment":[{"href":"https:\/\/troycity.net\/de\/wp-json\/wp\/v2\/media?parent=44370"}],"wp:term":[{"taxonomy":"product_brand","embeddable":true,"href":"https:\/\/troycity.net\/de\/wp-json\/wp\/v2\/product_brand?post=44370"},{"taxonomy":"product_cat","embeddable":true,"href":"https:\/\/troycity.net\/de\/wp-json\/wp\/v2\/product_cat?post=44370"},{"taxonomy":"product_tag","embeddable":true,"href":"https:\/\/troycity.net\/de\/wp-json\/wp\/v2\/product_tag?post=44370"}],"curies":[{"name":"wp","href":"https:\/\/api.w.org\/{rel}","templated":true}]}}