{"id":44367,"date":"2024-12-21T14:20:48","date_gmt":"2025-02-12T13:39:49","guid":{"rendered":"https:\/\/troycity.net\/product\/packzwirn-duenn\/"},"modified":"2025-02-12T15:39:49","modified_gmt":"2025-02-12T13:39:49","slug":"packzwirn-duenn","status":"publish","type":"product","link":"https:\/\/troycity.net\/de\/product\/packzwirn-duenn\/","title":{"rendered":"Packzwirn D\u00fcnn"},"content":{"rendered":"","protected":false},"excerpt":{"rendered":"<p>Wird f\u00fcr alle Arten von Verpackungen verwendet. Geeignet f\u00fcr die Verwendung als Gew\u00e4chshausschnur. Erh\u00e4ltlich in 6 verschiedenen Farben.    <strong>Wird in St\u00fccken verkauft.<\/strong><\/p>\n<ul>\n<li>Polyproplyen<\/li>\n<li>100% fibrilliert<\/li>\n<li>Er ist stark, die Bruchkraft betr\u00e4gt etwa 24 kg.<\/li>\n<li>1 St\u00fcck ist ungef\u00e4hr 180 Meter lang und 100 Gramm schwer.<\/li>\n<li>1 Sack 20 kg und 32 St\u00fcck<\/li>\n<li>1 Sack mit den Ma\u00dfen 85*45*15 cm<\/li>\n<\/ul>\n","protected":false},"featured_media":43821,"comment_status":"open","ping_status":"closed","template":"","meta":{"iawp_total_views":0},"product_brand":[],"product_cat":[7706,7708],"product_tag":[],"class_list":{"0":"post-44367","1":"product","2":"type-product","3":"status-publish","4":"has-post-thumbnail","6":"product_cat-bindfaden-fur-gewachshauser-und-landwirtschaft","7":"product_cat-packschnure","8":"post","9":"post-with-thumbnail","10":"post-with-thumbnail-large","12":"first","13":"instock","14":"sale","15":"taxable","16":"shipping-taxable","17":"purchasable","18":"product-type-simple"},"_links":{"self":[{"href":"https:\/\/troycity.net\/de\/wp-json\/wp\/v2\/product\/44367","targetHints":{"allow":["GET"]}}],"collection":[{"href":"https:\/\/troycity.net\/de\/wp-json\/wp\/v2\/product"}],"about":[{"href":"https:\/\/troycity.net\/de\/wp-json\/wp\/v2\/types\/product"}],"replies":[{"embeddable":true,"href":"https:\/\/troycity.net\/de\/wp-json\/wp\/v2\/comments?post=44367"}],"wp:featuredmedia":[{"embeddable":true,"href":"https:\/\/troycity.net\/de\/wp-json\/wp\/v2\/media\/43821"}],"wp:attachment":[{"href":"https:\/\/troycity.net\/de\/wp-json\/wp\/v2\/media?parent=44367"}],"wp:term":[{"taxonomy":"product_brand","embeddable":true,"href":"https:\/\/troycity.net\/de\/wp-json\/wp\/v2\/product_brand?post=44367"},{"taxonomy":"product_cat","embeddable":true,"href":"https:\/\/troycity.net\/de\/wp-json\/wp\/v2\/product_cat?post=44367"},{"taxonomy":"product_tag","embeddable":true,"href":"https:\/\/troycity.net\/de\/wp-json\/wp\/v2\/product_tag?post=44367"}],"curies":[{"name":"wp","href":"https:\/\/api.w.org\/{rel}","templated":true}]}}