{"id":44358,"date":"2024-12-21T13:14:12","date_gmt":"2025-02-12T13:39:36","guid":{"rendered":"https:\/\/troycity.net\/product\/gewaechshaus-und-landwirtschaftliche-bindegarne\/"},"modified":"2025-02-12T15:39:36","modified_gmt":"2025-02-12T13:39:36","slug":"gewaechshaus-und-landwirtschaftliche-bindegarne","status":"publish","type":"product","link":"https:\/\/troycity.net\/de\/product\/gewaechshaus-und-landwirtschaftliche-bindegarne\/","title":{"rendered":"Gew\u00e4chshaus- und landwirtschaftliche Bindegarne"},"content":{"rendered":"","protected":false},"excerpt":{"rendered":"<p>Das Gew\u00e4chshausseil wird verwendet, um Pflanzen w\u00e4hrend des Wachstums an den oberen Draht zu binden, um zu verhindern, dass die Pflanzen w\u00e4hrend des Wachstums herunterh\u00e4ngen. Es wird haupts\u00e4chlich in Gew\u00e4chsh\u00e4usern und in der Landwirtschaft verwendet. <\/p>\n<ul>\n<li>Es ist aus Polypropylen hergestellt und erh\u00e4lt seine St\u00e4rke und Weichheit durch ein 100%iges Fibrillierungsverfahren.<\/li>\n<li>Das Gew\u00e4chshausseil ist mit einem UV-Zusatz versehen und resistent gegen Sonnenlicht.<\/li>\n<li>Er f\u00e4llt nicht auseinander, bis die Spule fertig ist.<\/li>\n<li>5000 Denier Dicke. Denier (abgek\u00fcrzt D) ist <b>die Einheit, mit der das Gewicht und die Dicke von Textilien beschrieben wird<\/b>. Ein Stoff mit einem h\u00f6heren Denier ist dicker, st\u00e4rker und haltbarer als der gleiche Stoff mit einem niedrigeren Denier.  <\/li>\n<li>Die St\u00e4rke des Gew\u00e4chshausseils betr\u00e4gt 24 kg.<\/li>\n<li>Es wird in 1 Kilogramm (1 kg) Spulen verkauft und 1 kg Seil ist 1.800 Meter lang.<\/li>\n<\/ul>\n","protected":false},"featured_media":43968,"comment_status":"open","ping_status":"closed","template":"","meta":{"iawp_total_views":0},"product_brand":[],"product_cat":[7706],"product_tag":[],"class_list":{"0":"post-44358","1":"product","2":"type-product","3":"status-publish","4":"has-post-thumbnail","6":"product_cat-bindfaden-fur-gewachshauser-und-landwirtschaft","7":"post","8":"post-with-thumbnail","9":"post-with-thumbnail-large","11":"first","12":"instock","13":"sale","14":"taxable","15":"shipping-taxable","16":"purchasable","17":"product-type-simple"},"_links":{"self":[{"href":"https:\/\/troycity.net\/de\/wp-json\/wp\/v2\/product\/44358","targetHints":{"allow":["GET"]}}],"collection":[{"href":"https:\/\/troycity.net\/de\/wp-json\/wp\/v2\/product"}],"about":[{"href":"https:\/\/troycity.net\/de\/wp-json\/wp\/v2\/types\/product"}],"replies":[{"embeddable":true,"href":"https:\/\/troycity.net\/de\/wp-json\/wp\/v2\/comments?post=44358"}],"wp:featuredmedia":[{"embeddable":true,"href":"https:\/\/troycity.net\/de\/wp-json\/wp\/v2\/media\/43968"}],"wp:attachment":[{"href":"https:\/\/troycity.net\/de\/wp-json\/wp\/v2\/media?parent=44358"}],"wp:term":[{"taxonomy":"product_brand","embeddable":true,"href":"https:\/\/troycity.net\/de\/wp-json\/wp\/v2\/product_brand?post=44358"},{"taxonomy":"product_cat","embeddable":true,"href":"https:\/\/troycity.net\/de\/wp-json\/wp\/v2\/product_cat?post=44358"},{"taxonomy":"product_tag","embeddable":true,"href":"https:\/\/troycity.net\/de\/wp-json\/wp\/v2\/product_tag?post=44358"}],"curies":[{"name":"wp","href":"https:\/\/api.w.org\/{rel}","templated":true}]}}