{"id":44309,"date":"2025-02-06T14:09:44","date_gmt":"2025-02-12T13:39:01","guid":{"rendered":"https:\/\/troycity.net\/product\/geflochtene-pp-nylon-seile\/"},"modified":"2025-02-15T16:48:51","modified_gmt":"2025-02-15T14:48:51","slug":"geflochtene-pp-nylon-seile","status":"publish","type":"product","link":"https:\/\/troycity.net\/de\/product\/geflochtene-pp-nylon-seile\/","title":{"rendered":"Geflochtene PP Nylon Seile"},"content":{"rendered":"","protected":false},"excerpt":{"rendered":"<p>Geflochtene (PP) Polypropylen-Nylonseile: Polypropylen-Nylonseile sind wegen ihrer Vielseitigkeit, Kosten, St\u00e4rke und Farbe beliebt. Es besteht aus einer Mischung aus Nylon und Polypropylen, was ihm eine gute Haltbarkeit verleiht. Dieses kosteneffiziente Seilmaterial bietet Zuverl\u00e4ssigkeit bei verschiedenen Anwendungen. Die sto\u00dfd\u00e4mpfenden Eigenschaften von Nylonseilen machen es zu einem gro\u00dfartigen Seil f\u00fcr Hebe- oder Schlepparbeiten, bei denen das Seil eine dynamische Last aufnehmen muss. Sie werden h\u00e4ufig im Wassersport (wegen ihrer F\u00e4higkeit, auf dem Wasser zu schwimmen), in G\u00e4rten, in der Landwirtschaft, im Transportwesen, in der Schifffahrt und im Jachtsport eingesetzt. Kletter- und Sicherheitsnetze werden aus diesen Seilen hergestellt. Auch Tierz\u00fcchter, Pferdez\u00fcchter und Trainer verwenden sie.<\/p>\n<ul>\n<li>Polypropylen + Nylon<\/li>\n<li>100% fibrilliert<\/li>\n<li>Das Seil wird bis zum Ende benutzt, ohne auseinanderzufallen<\/li>\n<\/ul>\n<p>Es wird jedoch durch UV-Strahlen und hohe Temperaturen beeintr\u00e4chtigt, wodurch der Wert der Rei\u00dffestigkeit sinkt. Daher sollte es vor UV-Strahlen und hohen Temperaturen gesch\u00fctzt werden. Die empfohlene maximale Betriebstemperatur f\u00fcr Polypropylen betr\u00e4gt <b>82,2\u00b0C<\/b> &#8211; 180\u00b0F. Jenseits dieser Temperatur k\u00f6nnen die Leistungswerte des Materials beeintr\u00e4chtigt werden. Ber\u00fccksichtigen Sie bei der Auswahl Ihres Nylonseils diese Punkte.<\/p>\n<p><strong>Bitte w\u00e4hlen Sie den Abschnitt und die L\u00e4nge, bevor Sie ihn in den Warenkorb legen. Der Preis gilt pro Meter. <\/strong><\/p>\n","protected":false},"featured_media":43980,"comment_status":"open","ping_status":"closed","template":"","meta":{"iawp_total_views":0},"product_brand":[],"product_cat":[7659,7658],"product_tag":[],"class_list":{"0":"post-44309","1":"product","2":"type-product","3":"status-publish","4":"has-post-thumbnail","6":"product_cat-geflochtene-pp-seile","7":"product_cat-zwirne-seile","8":"post","9":"post-with-thumbnail","10":"post-with-thumbnail-large","12":"first","13":"instock","14":"sale","15":"taxable","16":"shipping-taxable","17":"purchasable","18":"product-type-variable"},"_links":{"self":[{"href":"https:\/\/troycity.net\/de\/wp-json\/wp\/v2\/product\/44309","targetHints":{"allow":["GET"]}}],"collection":[{"href":"https:\/\/troycity.net\/de\/wp-json\/wp\/v2\/product"}],"about":[{"href":"https:\/\/troycity.net\/de\/wp-json\/wp\/v2\/types\/product"}],"replies":[{"embeddable":true,"href":"https:\/\/troycity.net\/de\/wp-json\/wp\/v2\/comments?post=44309"}],"wp:featuredmedia":[{"embeddable":true,"href":"https:\/\/troycity.net\/de\/wp-json\/wp\/v2\/media\/43980"}],"wp:attachment":[{"href":"https:\/\/troycity.net\/de\/wp-json\/wp\/v2\/media?parent=44309"}],"wp:term":[{"taxonomy":"product_brand","embeddable":true,"href":"https:\/\/troycity.net\/de\/wp-json\/wp\/v2\/product_brand?post=44309"},{"taxonomy":"product_cat","embeddable":true,"href":"https:\/\/troycity.net\/de\/wp-json\/wp\/v2\/product_cat?post=44309"},{"taxonomy":"product_tag","embeddable":true,"href":"https:\/\/troycity.net\/de\/wp-json\/wp\/v2\/product_tag?post=44309"}],"curies":[{"name":"wp","href":"https:\/\/api.w.org\/{rel}","templated":true}]}}