{"id":44272,"date":"2025-02-08T15:09:07","date_gmt":"2025-02-12T13:38:47","guid":{"rendered":"https:\/\/troycity.net\/product\/air-buble-verpackungsfolie\/"},"modified":"2025-02-15T17:01:00","modified_gmt":"2025-02-15T15:01:00","slug":"air-buble-verpackungsfolie","status":"publish","type":"product","link":"https:\/\/troycity.net\/de\/product\/air-buble-verpackungsfolie\/","title":{"rendered":"Air Buble Verpackungsfolie"},"content":{"rendered":"","protected":false},"excerpt":{"rendered":"<p>Luftpolsterfolie ist ein transparentes, flexibles Kunststoffmaterial, mit dem Produkte sicher verpackt werden k\u00f6nnen. Luftpolsterverpackungen k\u00f6nnen den Raum zwischen Ihrem Produkt und dem Karton ausf\u00fcllen. Auf diese Weise k\u00f6nnen Sie jeden Karton mit einer sto\u00dfd\u00e4mpfenden Luftpolsterschicht versehen.<\/p>\n<p>1- <strong>ECO<\/strong> Typ <strong>Breite = 1 Meter, 40 gr, L\u00e4nge bis zu 50 Meter,<\/strong> <strong>100 cm x 50 Meter<\/strong><\/p>\n<p>2- <strong>THICK<\/strong> Typ<strong> Breite = 1,5 Meter, 100 gr, L\u00e4nge bis zu 50 Meter, 150 cm x 50 Meter <\/strong><\/p>\n","protected":false},"featured_media":44140,"comment_status":"open","ping_status":"closed","template":"","meta":{"iawp_total_views":1},"product_brand":[],"product_cat":[7632,7884,7627],"product_tag":[],"class_list":{"0":"post-44272","1":"product","2":"type-product","3":"status-publish","4":"has-post-thumbnail","6":"product_cat-air-buble-verpackungsfolie","7":"product_cat-produkte","8":"product_cat-verpackungsfolien-aus-kunststoff","9":"post","10":"post-with-thumbnail","11":"post-with-thumbnail-large","13":"first","14":"instock","15":"sale","16":"taxable","17":"shipping-taxable","18":"purchasable","19":"product-type-variable"},"_links":{"self":[{"href":"https:\/\/troycity.net\/de\/wp-json\/wp\/v2\/product\/44272","targetHints":{"allow":["GET"]}}],"collection":[{"href":"https:\/\/troycity.net\/de\/wp-json\/wp\/v2\/product"}],"about":[{"href":"https:\/\/troycity.net\/de\/wp-json\/wp\/v2\/types\/product"}],"replies":[{"embeddable":true,"href":"https:\/\/troycity.net\/de\/wp-json\/wp\/v2\/comments?post=44272"}],"wp:featuredmedia":[{"embeddable":true,"href":"https:\/\/troycity.net\/de\/wp-json\/wp\/v2\/media\/44140"}],"wp:attachment":[{"href":"https:\/\/troycity.net\/de\/wp-json\/wp\/v2\/media?parent=44272"}],"wp:term":[{"taxonomy":"product_brand","embeddable":true,"href":"https:\/\/troycity.net\/de\/wp-json\/wp\/v2\/product_brand?post=44272"},{"taxonomy":"product_cat","embeddable":true,"href":"https:\/\/troycity.net\/de\/wp-json\/wp\/v2\/product_cat?post=44272"},{"taxonomy":"product_tag","embeddable":true,"href":"https:\/\/troycity.net\/de\/wp-json\/wp\/v2\/product_tag?post=44272"}],"curies":[{"name":"wp","href":"https:\/\/api.w.org\/{rel}","templated":true}]}}