{"id":44267,"date":"2025-02-08T16:04:11","date_gmt":"2025-02-12T13:38:45","guid":{"rendered":"https:\/\/troycity.net\/product\/strech-verpackungsfolie-oder-folia-rolle\/"},"modified":"2025-02-15T16:32:50","modified_gmt":"2025-02-15T14:32:50","slug":"strech-verpackungsfolie-oder-folia-rolle","status":"publish","type":"product","link":"https:\/\/troycity.net\/de\/product\/strech-verpackungsfolie-oder-folia-rolle\/","title":{"rendered":"Strech Verpackungsfolie oder Folia Rolle"},"content":{"rendered":"","protected":false},"excerpt":{"rendered":"<p>Strech Verpackungsfolie oder Folia Rolle<\/p>\n<p>1- Palettenstretchfolie Hand Typ <strong>17 Micron <\/strong>50 cm x 300 m 2 <strong>.660 kg<\/strong><\/p>\n<p>2- Palettenstretchfolie Hand Typ<strong> 23 Micron <\/strong>50 cm x 300 m 3 <strong>.620 kg<\/strong><\/p>\n<p>Es geh\u00f6rt zu den bevorzugten Verpackungsmaterialien, da es kosteng\u00fcnstig und einfach in der Anwendung ist. Ideal f\u00fcr gro\u00dffl\u00e4chige Verpackungen.<\/p>\n<p><strong>Produktmerkmale von 17 Mikron und 23 Mikron Strech Folien,<\/strong><\/p>\n<ul>\n<li>2.660 kg &#8211; 3.620 kg Streckgewichte<\/li>\n<li>300 gr Spulengewichte<\/li>\n<li>Beide 50 cm breit und 300 m lang<\/li>\n<li>Dicken von 17 Mikron und 23 Mikron<\/li>\n<\/ul>\n","protected":false},"featured_media":44169,"comment_status":"open","ping_status":"closed","template":"","meta":{"iawp_total_views":0},"product_brand":[],"product_cat":[7628,7627],"product_tag":[],"class_list":{"0":"post-44267","1":"product","2":"type-product","3":"status-publish","4":"has-post-thumbnail","6":"product_cat-strech-verpackungsfolie","7":"product_cat-verpackungsfolien-aus-kunststoff","8":"post","9":"post-with-thumbnail","10":"post-with-thumbnail-large","12":"first","13":"instock","14":"sale","15":"taxable","16":"shipping-taxable","17":"purchasable","18":"product-type-variable"},"_links":{"self":[{"href":"https:\/\/troycity.net\/de\/wp-json\/wp\/v2\/product\/44267","targetHints":{"allow":["GET"]}}],"collection":[{"href":"https:\/\/troycity.net\/de\/wp-json\/wp\/v2\/product"}],"about":[{"href":"https:\/\/troycity.net\/de\/wp-json\/wp\/v2\/types\/product"}],"replies":[{"embeddable":true,"href":"https:\/\/troycity.net\/de\/wp-json\/wp\/v2\/comments?post=44267"}],"wp:featuredmedia":[{"embeddable":true,"href":"https:\/\/troycity.net\/de\/wp-json\/wp\/v2\/media\/44169"}],"wp:attachment":[{"href":"https:\/\/troycity.net\/de\/wp-json\/wp\/v2\/media?parent=44267"}],"wp:term":[{"taxonomy":"product_brand","embeddable":true,"href":"https:\/\/troycity.net\/de\/wp-json\/wp\/v2\/product_brand?post=44267"},{"taxonomy":"product_cat","embeddable":true,"href":"https:\/\/troycity.net\/de\/wp-json\/wp\/v2\/product_cat?post=44267"},{"taxonomy":"product_tag","embeddable":true,"href":"https:\/\/troycity.net\/de\/wp-json\/wp\/v2\/product_tag?post=44267"}],"curies":[{"name":"wp","href":"https:\/\/api.w.org\/{rel}","templated":true}]}}